{"id":33475,"date":"2026-01-27T11:45:48","date_gmt":"2026-01-27T09:45:48","guid":{"rendered":"https:\/\/biblia.md\/?post_type=product&#038;p=33475"},"modified":"2026-01-27T11:45:48","modified_gmt":"2026-01-27T09:45:48","slug":"exista-viata-fara-sex","status":"publish","type":"product","link":"https:\/\/biblia.md\/ru\/shop\/exista-viata-fara-sex\/","title":{"rendered":"Exista via\u021b\u0103 f\u0103r\u0103 sex"},"content":{"rendered":"","protected":false},"excerpt":{"rendered":"<p>O abordare biblic\u0103 \u0219i practic\u0103 a problemei sexualit\u0103\u021bii<\/p>\n<p>Nu scriu de dragul de a scrie \u0219i nici pentru c\u0103 mi-ar fi u\u0219or \u0219i comod. Nu scriu \u0219i nu vorbesc cu preten\u021bia c\u0103 am toate r\u0103spunsurile. Scriu, deoarece consider c\u0103 oamenii trebuie s\u0103 aud\u0103 mai mult dec\u00e2t glasul societ\u0103\u021bii sau al medicinei.<br \/>\nEste imperios necesar ca to\u021bi s\u0103 descoperim sau s\u0103 redescoperim voia lui Dumnezeu, revelat\u0103 \u00een Sf\u00e2nta Scriptur\u0103. Aceasta m-a determinat s\u0103 abordez subiectul succint, biblic \u0219i practic.<\/p>\n<p>Viorel luga<\/p>","protected":false},"featured_media":33488,"comment_status":"open","ping_status":"closed","template":"","meta":[],"product_brand":[],"product_cat":[377,397],"product_tag":[],"class_list":{"0":"post-33475","1":"product","2":"type-product","3":"status-publish","4":"has-post-thumbnail","6":"product_cat-carti","7":"product_cat-casatorie-familie","8":"product_author-viorel-iuga","9":"product_genre-knigi-rom","11":"first","12":"instock","13":"shipping-taxable","14":"purchasable","15":"product-type-simple"},"yoast_head":"<!-- This site is optimized with the Yoast SEO plugin v27.3 - https:\/\/yoast.com\/product\/yoast-seo-wordpress\/ -->\n<title>Exista via\u021b\u0103 f\u0103r\u0103 sex - Societatea Biblic\u0103 din Moldova<\/title>\n<meta name=\"robots\" content=\"index, follow, max-snippet:-1, max-image-preview:large, max-video-preview:-1\" \/>\n<link rel=\"canonical\" href=\"https:\/\/biblia.md\/ru\/shop\/exista-viata-fara-sex\/\" \/>\n<meta property=\"og:locale\" content=\"ru_RU\" \/>\n<meta property=\"og:type\" content=\"article\" \/>\n<meta property=\"og:title\" content=\"Exista via\u021b\u0103 f\u0103r\u0103 sex - Societatea Biblic\u0103 din Moldova\" \/>\n<meta property=\"og:description\" content=\"O abordare biblic\u0103 \u0219i practic\u0103 a problemei sexualit\u0103\u021bii  Nu scriu de dragul de a scrie \u0219i nici pentru c\u0103 mi-ar fi u\u0219or \u0219i comod. Nu scriu \u0219i nu vorbesc cu preten\u021bia c\u0103 am toate r\u0103spunsurile. Scriu, deoarece consider c\u0103 oamenii trebuie s\u0103 aud\u0103 mai mult dec\u00e2t glasul societ\u0103\u021bii sau al medicinei. Este imperios necesar ca to\u021bi s\u0103 descoperim sau s\u0103 redescoperim voia lui Dumnezeu, revelat\u0103 \u00een Sf\u00e2nta Scriptur\u0103. Aceasta m-a determinat s\u0103 abordez subiectul succint, biblic \u0219i practic.  Viorel luga\" \/>\n<meta property=\"og:url\" content=\"https:\/\/biblia.md\/ru\/shop\/exista-viata-fara-sex\/\" \/>\n<meta property=\"og:site_name\" content=\"Societatea Biblic\u0103 din Moldova\" \/>\n<meta property=\"article:publisher\" content=\"https:\/\/www.facebook.com\/SocietateaBiblicaMoldova\/\" \/>\n<meta property=\"og:image\" content=\"https:\/\/biblia.md\/wp-content\/uploads\/2026\/01\/img_7275.jpg\" \/>\n\t<meta property=\"og:image:width\" content=\"780\" \/>\n\t<meta property=\"og:image:height\" content=\"1147\" \/>\n\t<meta property=\"og:image:type\" content=\"image\/jpeg\" \/>\n<meta name=\"twitter:card\" content=\"summary_large_image\" \/>\n<meta name=\"twitter:label1\" content=\"\u041f\u0440\u0438\u043c\u0435\u0440\u043d\u043e\u0435 \u0432\u0440\u0435\u043c\u044f \u0434\u043b\u044f \u0447\u0442\u0435\u043d\u0438\u044f\" \/>\n\t<meta name=\"twitter:data1\" content=\"1 \u043c\u0438\u043d\u0443\u0442\u0430\" \/>\n<script type=\"application\/ld+json\" class=\"yoast-schema-graph\">{\"@context\":\"https:\\\/\\\/schema.org\",\"@graph\":[{\"@type\":\"WebPage\",\"@id\":\"https:\\\/\\\/biblia.md\\\/shop\\\/exista-viata-fara-sex\\\/\",\"url\":\"https:\\\/\\\/biblia.md\\\/shop\\\/exista-viata-fara-sex\\\/\",\"name\":\"Exista via\u021b\u0103 f\u0103r\u0103 sex - Societatea Biblic\u0103 din Moldova\",\"isPartOf\":{\"@id\":\"https:\\\/\\\/biblia.md\\\/#website\"},\"primaryImageOfPage\":{\"@id\":\"https:\\\/\\\/biblia.md\\\/shop\\\/exista-viata-fara-sex\\\/#primaryimage\"},\"image\":{\"@id\":\"https:\\\/\\\/biblia.md\\\/shop\\\/exista-viata-fara-sex\\\/#primaryimage\"},\"thumbnailUrl\":\"https:\\\/\\\/biblia.md\\\/wp-content\\\/uploads\\\/2026\\\/01\\\/img_7275.jpg\",\"datePublished\":\"2026-01-27T09:45:48+00:00\",\"breadcrumb\":{\"@id\":\"https:\\\/\\\/biblia.md\\\/shop\\\/exista-viata-fara-sex\\\/#breadcrumb\"},\"inLanguage\":\"ru-RU\",\"potentialAction\":[{\"@type\":\"ReadAction\",\"target\":[\"https:\\\/\\\/biblia.md\\\/shop\\\/exista-viata-fara-sex\\\/\"]}]},{\"@type\":\"ImageObject\",\"inLanguage\":\"ru-RU\",\"@id\":\"https:\\\/\\\/biblia.md\\\/shop\\\/exista-viata-fara-sex\\\/#primaryimage\",\"url\":\"https:\\\/\\\/biblia.md\\\/wp-content\\\/uploads\\\/2026\\\/01\\\/img_7275.jpg\",\"contentUrl\":\"https:\\\/\\\/biblia.md\\\/wp-content\\\/uploads\\\/2026\\\/01\\\/img_7275.jpg\",\"width\":780,\"height\":1147},{\"@type\":\"BreadcrumbList\",\"@id\":\"https:\\\/\\\/biblia.md\\\/shop\\\/exista-viata-fara-sex\\\/#breadcrumb\",\"itemListElement\":[{\"@type\":\"ListItem\",\"position\":1,\"name\":\"Prima pagin\u0103\",\"item\":\"https:\\\/\\\/biblia.md\\\/\"},{\"@type\":\"ListItem\",\"position\":2,\"name\":\"Shop\",\"item\":\"https:\\\/\\\/biblia.md\\\/shop\\\/\"},{\"@type\":\"ListItem\",\"position\":3,\"name\":\"Exista via\u021b\u0103 f\u0103r\u0103 sex\"}]},{\"@type\":\"WebSite\",\"@id\":\"https:\\\/\\\/biblia.md\\\/#website\",\"url\":\"https:\\\/\\\/biblia.md\\\/\",\"name\":\"Societatea Biblic\u0103 din Moldova\",\"description\":\"\",\"publisher\":{\"@id\":\"https:\\\/\\\/biblia.md\\\/#organization\"},\"potentialAction\":[{\"@type\":\"SearchAction\",\"target\":{\"@type\":\"EntryPoint\",\"urlTemplate\":\"https:\\\/\\\/biblia.md\\\/?s={search_term_string}\"},\"query-input\":{\"@type\":\"PropertyValueSpecification\",\"valueRequired\":true,\"valueName\":\"search_term_string\"}}],\"inLanguage\":\"ru-RU\"},{\"@type\":\"Organization\",\"@id\":\"https:\\\/\\\/biblia.md\\\/#organization\",\"name\":\"Societatea Biblic\u0103 din Moldova\",\"url\":\"https:\\\/\\\/biblia.md\\\/\",\"logo\":{\"@type\":\"ImageObject\",\"inLanguage\":\"ru-RU\",\"@id\":\"https:\\\/\\\/biblia.md\\\/#\\\/schema\\\/logo\\\/image\\\/\",\"url\":\"https:\\\/\\\/biblia.md\\\/wp-content\\\/uploads\\\/2026\\\/01\\\/icon_site.jpg\",\"contentUrl\":\"https:\\\/\\\/biblia.md\\\/wp-content\\\/uploads\\\/2026\\\/01\\\/icon_site.jpg\",\"width\":656,\"height\":656,\"caption\":\"Societatea Biblic\u0103 din Moldova\"},\"image\":{\"@id\":\"https:\\\/\\\/biblia.md\\\/#\\\/schema\\\/logo\\\/image\\\/\"},\"sameAs\":[\"https:\\\/\\\/www.facebook.com\\\/SocietateaBiblicaMoldova\\\/\",\"https:\\\/\\\/www.instagram.com\\\/biblia.md\\\/\"]}]}<\/script>\n<!-- \/ Yoast SEO plugin. -->","yoast_head_json":{"title":"Exista via\u021b\u0103 f\u0103r\u0103 sex - Societatea Biblic\u0103 din Moldova","robots":{"index":"index","follow":"follow","max-snippet":"max-snippet:-1","max-image-preview":"max-image-preview:large","max-video-preview":"max-video-preview:-1"},"canonical":"https:\/\/biblia.md\/ru\/shop\/exista-viata-fara-sex\/","og_locale":"ru_RU","og_type":"article","og_title":"Exista via\u021b\u0103 f\u0103r\u0103 sex - Societatea Biblic\u0103 din Moldova","og_description":"O abordare biblic\u0103 \u0219i practic\u0103 a problemei sexualit\u0103\u021bii  Nu scriu de dragul de a scrie \u0219i nici pentru c\u0103 mi-ar fi u\u0219or \u0219i comod. Nu scriu \u0219i nu vorbesc cu preten\u021bia c\u0103 am toate r\u0103spunsurile. Scriu, deoarece consider c\u0103 oamenii trebuie s\u0103 aud\u0103 mai mult dec\u00e2t glasul societ\u0103\u021bii sau al medicinei. Este imperios necesar ca to\u021bi s\u0103 descoperim sau s\u0103 redescoperim voia lui Dumnezeu, revelat\u0103 \u00een Sf\u00e2nta Scriptur\u0103. Aceasta m-a determinat s\u0103 abordez subiectul succint, biblic \u0219i practic.  Viorel luga","og_url":"https:\/\/biblia.md\/ru\/shop\/exista-viata-fara-sex\/","og_site_name":"Societatea Biblic\u0103 din Moldova","article_publisher":"https:\/\/www.facebook.com\/SocietateaBiblicaMoldova\/","og_image":[{"width":780,"height":1147,"url":"https:\/\/biblia.md\/wp-content\/uploads\/2026\/01\/img_7275.jpg","type":"image\/jpeg"}],"twitter_card":"summary_large_image","twitter_misc":{"\u041f\u0440\u0438\u043c\u0435\u0440\u043d\u043e\u0435 \u0432\u0440\u0435\u043c\u044f \u0434\u043b\u044f \u0447\u0442\u0435\u043d\u0438\u044f":"1 \u043c\u0438\u043d\u0443\u0442\u0430"},"schema":{"@context":"https:\/\/schema.org","@graph":[{"@type":"WebPage","@id":"https:\/\/biblia.md\/shop\/exista-viata-fara-sex\/","url":"https:\/\/biblia.md\/shop\/exista-viata-fara-sex\/","name":"Exista via\u021b\u0103 f\u0103r\u0103 sex - Societatea Biblic\u0103 din Moldova","isPartOf":{"@id":"https:\/\/biblia.md\/#website"},"primaryImageOfPage":{"@id":"https:\/\/biblia.md\/shop\/exista-viata-fara-sex\/#primaryimage"},"image":{"@id":"https:\/\/biblia.md\/shop\/exista-viata-fara-sex\/#primaryimage"},"thumbnailUrl":"https:\/\/biblia.md\/wp-content\/uploads\/2026\/01\/img_7275.jpg","datePublished":"2026-01-27T09:45:48+00:00","breadcrumb":{"@id":"https:\/\/biblia.md\/shop\/exista-viata-fara-sex\/#breadcrumb"},"inLanguage":"ru-RU","potentialAction":[{"@type":"ReadAction","target":["https:\/\/biblia.md\/shop\/exista-viata-fara-sex\/"]}]},{"@type":"ImageObject","inLanguage":"ru-RU","@id":"https:\/\/biblia.md\/shop\/exista-viata-fara-sex\/#primaryimage","url":"https:\/\/biblia.md\/wp-content\/uploads\/2026\/01\/img_7275.jpg","contentUrl":"https:\/\/biblia.md\/wp-content\/uploads\/2026\/01\/img_7275.jpg","width":780,"height":1147},{"@type":"BreadcrumbList","@id":"https:\/\/biblia.md\/shop\/exista-viata-fara-sex\/#breadcrumb","itemListElement":[{"@type":"ListItem","position":1,"name":"Prima pagin\u0103","item":"https:\/\/biblia.md\/"},{"@type":"ListItem","position":2,"name":"Shop","item":"https:\/\/biblia.md\/shop\/"},{"@type":"ListItem","position":3,"name":"Exista via\u021b\u0103 f\u0103r\u0103 sex"}]},{"@type":"WebSite","@id":"https:\/\/biblia.md\/#website","url":"https:\/\/biblia.md\/","name":"Societatea Biblic\u0103 din Moldova","description":"","publisher":{"@id":"https:\/\/biblia.md\/#organization"},"potentialAction":[{"@type":"SearchAction","target":{"@type":"EntryPoint","urlTemplate":"https:\/\/biblia.md\/?s={search_term_string}"},"query-input":{"@type":"PropertyValueSpecification","valueRequired":true,"valueName":"search_term_string"}}],"inLanguage":"ru-RU"},{"@type":"Organization","@id":"https:\/\/biblia.md\/#organization","name":"Societatea Biblic\u0103 din Moldova","url":"https:\/\/biblia.md\/","logo":{"@type":"ImageObject","inLanguage":"ru-RU","@id":"https:\/\/biblia.md\/#\/schema\/logo\/image\/","url":"https:\/\/biblia.md\/wp-content\/uploads\/2026\/01\/icon_site.jpg","contentUrl":"https:\/\/biblia.md\/wp-content\/uploads\/2026\/01\/icon_site.jpg","width":656,"height":656,"caption":"Societatea Biblic\u0103 din Moldova"},"image":{"@id":"https:\/\/biblia.md\/#\/schema\/logo\/image\/"},"sameAs":["https:\/\/www.facebook.com\/SocietateaBiblicaMoldova\/","https:\/\/www.instagram.com\/biblia.md\/"]}]}},"_links":{"self":[{"href":"https:\/\/biblia.md\/ru\/wp-json\/wp\/v2\/product\/33475","targetHints":{"allow":["GET"]}}],"collection":[{"href":"https:\/\/biblia.md\/ru\/wp-json\/wp\/v2\/product"}],"about":[{"href":"https:\/\/biblia.md\/ru\/wp-json\/wp\/v2\/types\/product"}],"replies":[{"embeddable":true,"href":"https:\/\/biblia.md\/ru\/wp-json\/wp\/v2\/comments?post=33475"}],"version-history":[{"count":1,"href":"https:\/\/biblia.md\/ru\/wp-json\/wp\/v2\/product\/33475\/revisions"}],"predecessor-version":[{"id":33489,"href":"https:\/\/biblia.md\/ru\/wp-json\/wp\/v2\/product\/33475\/revisions\/33489"}],"wp:featuredmedia":[{"embeddable":true,"href":"https:\/\/biblia.md\/ru\/wp-json\/wp\/v2\/media\/33488"}],"wp:attachment":[{"href":"https:\/\/biblia.md\/ru\/wp-json\/wp\/v2\/media?parent=33475"}],"wp:term":[{"taxonomy":"product_brand","embeddable":true,"href":"https:\/\/biblia.md\/ru\/wp-json\/wp\/v2\/product_brand?post=33475"},{"taxonomy":"product_cat","embeddable":true,"href":"https:\/\/biblia.md\/ru\/wp-json\/wp\/v2\/product_cat?post=33475"},{"taxonomy":"product_tag","embeddable":true,"href":"https:\/\/biblia.md\/ru\/wp-json\/wp\/v2\/product_tag?post=33475"}],"curies":[{"name":"wp","href":"https:\/\/api.w.org\/{rel}","templated":true}]}}