{"id":33702,"date":"2026-01-29T15:09:42","date_gmt":"2026-01-29T13:09:42","guid":{"rendered":"https:\/\/biblia.md\/?post_type=product&#038;p=33702"},"modified":"2026-01-29T15:14:20","modified_gmt":"2026-01-29T13:14:20","slug":"focus-motivatia-ascunsa-a-performantei","status":"publish","type":"product","link":"https:\/\/biblia.md\/ru\/shop\/focus-motivatia-ascunsa-a-performantei\/","title":{"rendered":"Focus &#8211; Motivatia ascunsa a performantei"},"content":{"rendered":"","protected":false},"excerpt":{"rendered":"<p>Autorul c\u0103r\u021bii Inteligen\u021ba emo\u021bional\u0103 (bestseller interna\u021bional) revine \u00een aten\u021bia publicului cu o perspectiv\u0103 original\u0103 asupra uneia dintre resursele impropriu exploatate \u00een ziua de azi: aten\u021bia, ca ingredient secret al performan\u021bei. De peste 20 de ani, psihologul Daniel Goleman studiaz\u0103 cele mai noi descoperiri din \u0219tiin\u021bele socio-umane (\u0219i nu numai). \u00cen cartea de fa\u021b\u0103, el \u00eenf\u0103\u021bi\u0219eaz\u0103 argumente captivante \u00een favoarea dezvolt\u0103rii aten\u021biei \u2014 aceast\u0103 calitate mental\u0103 rareori analizat\u0103 \u0219i din p\u0103cate subestimat\u0103, dar de o importan\u021b\u0103 cov\u00e2r\u0219itoare pentru felul \u00een care navig\u0103m prin via\u021b\u0103.<\/p>\n<p>Aten\u021bia func\u021bioneaz\u0103 ca un mu\u0219chi: dac\u0103 nu e antrenat\u0103, se atrofiaz\u0103; \u00een schimb, folosit\u0103 cum trebuie, se dezvolt\u0103 \u0219i cre\u0219te. \u00centr-o epoc\u0103 \u00een care elementele ce te pot distrage p\u00e2ndesc la tot pasul \u0219i sunt imposibil de \u00eenl\u0103turat, Daniel Goleman demonstreaz\u0103 c\u0103, mai mult ca oric\u00e2nd, avem nevoie de o aten\u021bie tot mai ascu\u021bit\u0103 pentru a \u00eenfrunta adversit\u0103\u021bile \u0219i a prospera.<\/p>","protected":false},"featured_media":33705,"comment_status":"open","ping_status":"closed","template":"","meta":[],"product_brand":[],"product_cat":[377,385],"product_tag":[],"class_list":{"0":"post-33702","1":"product","2":"type-product","3":"status-publish","4":"has-post-thumbnail","6":"product_cat-carti","7":"product_cat-dezvoltare-personala","8":"product_author-daniel-goleman","9":"product_genre-knigi-rom","11":"first","12":"instock","13":"shipping-taxable","14":"purchasable","15":"product-type-simple"},"yoast_head":"<!-- This site is optimized with the Yoast SEO plugin v27.3 - https:\/\/yoast.com\/product\/yoast-seo-wordpress\/ -->\n<title>Focus - Motivatia ascunsa a performantei - Societatea Biblic\u0103 din Moldova<\/title>\n<meta name=\"robots\" content=\"index, follow, max-snippet:-1, max-image-preview:large, max-video-preview:-1\" \/>\n<link rel=\"canonical\" href=\"https:\/\/biblia.md\/ru\/shop\/focus-motivatia-ascunsa-a-performantei\/\" \/>\n<meta property=\"og:locale\" content=\"ru_RU\" \/>\n<meta property=\"og:type\" content=\"article\" \/>\n<meta property=\"og:title\" content=\"Focus - Motivatia ascunsa a performantei - Societatea Biblic\u0103 din Moldova\" \/>\n<meta property=\"og:description\" content=\"Autorul c\u0103r\u021bii Inteligen\u021ba emo\u021bional\u0103 (bestseller interna\u021bional) revine \u00een aten\u021bia publicului cu o perspectiv\u0103 original\u0103 asupra uneia dintre resursele impropriu exploatate \u00een ziua de azi: aten\u021bia, ca ingredient secret al performan\u021bei. De peste 20 de ani, psihologul Daniel Goleman studiaz\u0103 cele mai noi descoperiri din \u0219tiin\u021bele socio-umane (\u0219i nu numai). \u00cen cartea de fa\u021b\u0103, el \u00eenf\u0103\u021bi\u0219eaz\u0103 argumente captivante \u00een favoarea dezvolt\u0103rii aten\u021biei \u2014 aceast\u0103 calitate mental\u0103 rareori analizat\u0103 \u0219i din p\u0103cate subestimat\u0103, dar de o importan\u021b\u0103 cov\u00e2r\u0219itoare pentru felul \u00een care navig\u0103m prin via\u021b\u0103.  Aten\u021bia func\u021bioneaz\u0103 ca un mu\u0219chi: dac\u0103 nu e antrenat\u0103, se atrofiaz\u0103; \u00een schimb, folosit\u0103 cum trebuie, se dezvolt\u0103 \u0219i cre\u0219te. \u00centr-o epoc\u0103 \u00een care elementele ce te pot distrage p\u00e2ndesc la tot pasul \u0219i sunt imposibil de \u00eenl\u0103turat, Daniel Goleman demonstreaz\u0103 c\u0103, mai mult ca oric\u00e2nd, avem nevoie de o aten\u021bie tot mai ascu\u021bit\u0103 pentru a \u00eenfrunta adversit\u0103\u021bile \u0219i a prospera.\" \/>\n<meta property=\"og:url\" content=\"https:\/\/biblia.md\/ru\/shop\/focus-motivatia-ascunsa-a-performantei\/\" \/>\n<meta property=\"og:site_name\" content=\"Societatea Biblic\u0103 din Moldova\" \/>\n<meta property=\"article:publisher\" content=\"https:\/\/www.facebook.com\/SocietateaBiblicaMoldova\/\" \/>\n<meta property=\"article:modified_time\" content=\"2026-01-29T13:14:20+00:00\" \/>\n<meta property=\"og:image\" content=\"https:\/\/biblia.md\/wp-content\/uploads\/2026\/01\/img_7381.png\" \/>\n\t<meta property=\"og:image:width\" content=\"1024\" \/>\n\t<meta property=\"og:image:height\" content=\"1536\" \/>\n\t<meta property=\"og:image:type\" content=\"image\/png\" \/>\n<meta name=\"twitter:card\" content=\"summary_large_image\" \/>\n<script type=\"application\/ld+json\" class=\"yoast-schema-graph\">{\"@context\":\"https:\\\/\\\/schema.org\",\"@graph\":[{\"@type\":\"WebPage\",\"@id\":\"https:\\\/\\\/biblia.md\\\/shop\\\/focus-motivatia-ascunsa-a-performantei\\\/\",\"url\":\"https:\\\/\\\/biblia.md\\\/shop\\\/focus-motivatia-ascunsa-a-performantei\\\/\",\"name\":\"Focus - Motivatia ascunsa a performantei - Societatea Biblic\u0103 din Moldova\",\"isPartOf\":{\"@id\":\"https:\\\/\\\/biblia.md\\\/#website\"},\"primaryImageOfPage\":{\"@id\":\"https:\\\/\\\/biblia.md\\\/shop\\\/focus-motivatia-ascunsa-a-performantei\\\/#primaryimage\"},\"image\":{\"@id\":\"https:\\\/\\\/biblia.md\\\/shop\\\/focus-motivatia-ascunsa-a-performantei\\\/#primaryimage\"},\"thumbnailUrl\":\"https:\\\/\\\/biblia.md\\\/wp-content\\\/uploads\\\/2026\\\/01\\\/img_7381.png\",\"datePublished\":\"2026-01-29T13:09:42+00:00\",\"dateModified\":\"2026-01-29T13:14:20+00:00\",\"breadcrumb\":{\"@id\":\"https:\\\/\\\/biblia.md\\\/shop\\\/focus-motivatia-ascunsa-a-performantei\\\/#breadcrumb\"},\"inLanguage\":\"ru-RU\",\"potentialAction\":[{\"@type\":\"ReadAction\",\"target\":[\"https:\\\/\\\/biblia.md\\\/shop\\\/focus-motivatia-ascunsa-a-performantei\\\/\"]}]},{\"@type\":\"ImageObject\",\"inLanguage\":\"ru-RU\",\"@id\":\"https:\\\/\\\/biblia.md\\\/shop\\\/focus-motivatia-ascunsa-a-performantei\\\/#primaryimage\",\"url\":\"https:\\\/\\\/biblia.md\\\/wp-content\\\/uploads\\\/2026\\\/01\\\/img_7381.png\",\"contentUrl\":\"https:\\\/\\\/biblia.md\\\/wp-content\\\/uploads\\\/2026\\\/01\\\/img_7381.png\",\"width\":1024,\"height\":1536},{\"@type\":\"BreadcrumbList\",\"@id\":\"https:\\\/\\\/biblia.md\\\/shop\\\/focus-motivatia-ascunsa-a-performantei\\\/#breadcrumb\",\"itemListElement\":[{\"@type\":\"ListItem\",\"position\":1,\"name\":\"Prima pagin\u0103\",\"item\":\"https:\\\/\\\/biblia.md\\\/\"},{\"@type\":\"ListItem\",\"position\":2,\"name\":\"Shop\",\"item\":\"https:\\\/\\\/biblia.md\\\/shop\\\/\"},{\"@type\":\"ListItem\",\"position\":3,\"name\":\"Focus &#8211; Motivatia ascunsa a performantei\"}]},{\"@type\":\"WebSite\",\"@id\":\"https:\\\/\\\/biblia.md\\\/#website\",\"url\":\"https:\\\/\\\/biblia.md\\\/\",\"name\":\"Societatea Biblic\u0103 din Moldova\",\"description\":\"\",\"publisher\":{\"@id\":\"https:\\\/\\\/biblia.md\\\/#organization\"},\"potentialAction\":[{\"@type\":\"SearchAction\",\"target\":{\"@type\":\"EntryPoint\",\"urlTemplate\":\"https:\\\/\\\/biblia.md\\\/?s={search_term_string}\"},\"query-input\":{\"@type\":\"PropertyValueSpecification\",\"valueRequired\":true,\"valueName\":\"search_term_string\"}}],\"inLanguage\":\"ru-RU\"},{\"@type\":\"Organization\",\"@id\":\"https:\\\/\\\/biblia.md\\\/#organization\",\"name\":\"Societatea Biblic\u0103 din Moldova\",\"url\":\"https:\\\/\\\/biblia.md\\\/\",\"logo\":{\"@type\":\"ImageObject\",\"inLanguage\":\"ru-RU\",\"@id\":\"https:\\\/\\\/biblia.md\\\/#\\\/schema\\\/logo\\\/image\\\/\",\"url\":\"https:\\\/\\\/biblia.md\\\/wp-content\\\/uploads\\\/2026\\\/01\\\/icon_site.jpg\",\"contentUrl\":\"https:\\\/\\\/biblia.md\\\/wp-content\\\/uploads\\\/2026\\\/01\\\/icon_site.jpg\",\"width\":656,\"height\":656,\"caption\":\"Societatea Biblic\u0103 din Moldova\"},\"image\":{\"@id\":\"https:\\\/\\\/biblia.md\\\/#\\\/schema\\\/logo\\\/image\\\/\"},\"sameAs\":[\"https:\\\/\\\/www.facebook.com\\\/SocietateaBiblicaMoldova\\\/\",\"https:\\\/\\\/www.instagram.com\\\/biblia.md\\\/\"]}]}<\/script>\n<!-- \/ Yoast SEO plugin. -->","yoast_head_json":{"title":"Focus - Motivatia ascunsa a performantei - Societatea Biblic\u0103 din Moldova","robots":{"index":"index","follow":"follow","max-snippet":"max-snippet:-1","max-image-preview":"max-image-preview:large","max-video-preview":"max-video-preview:-1"},"canonical":"https:\/\/biblia.md\/ru\/shop\/focus-motivatia-ascunsa-a-performantei\/","og_locale":"ru_RU","og_type":"article","og_title":"Focus - Motivatia ascunsa a performantei - Societatea Biblic\u0103 din Moldova","og_description":"Autorul c\u0103r\u021bii Inteligen\u021ba emo\u021bional\u0103 (bestseller interna\u021bional) revine \u00een aten\u021bia publicului cu o perspectiv\u0103 original\u0103 asupra uneia dintre resursele impropriu exploatate \u00een ziua de azi: aten\u021bia, ca ingredient secret al performan\u021bei. De peste 20 de ani, psihologul Daniel Goleman studiaz\u0103 cele mai noi descoperiri din \u0219tiin\u021bele socio-umane (\u0219i nu numai). \u00cen cartea de fa\u021b\u0103, el \u00eenf\u0103\u021bi\u0219eaz\u0103 argumente captivante \u00een favoarea dezvolt\u0103rii aten\u021biei \u2014 aceast\u0103 calitate mental\u0103 rareori analizat\u0103 \u0219i din p\u0103cate subestimat\u0103, dar de o importan\u021b\u0103 cov\u00e2r\u0219itoare pentru felul \u00een care navig\u0103m prin via\u021b\u0103.  Aten\u021bia func\u021bioneaz\u0103 ca un mu\u0219chi: dac\u0103 nu e antrenat\u0103, se atrofiaz\u0103; \u00een schimb, folosit\u0103 cum trebuie, se dezvolt\u0103 \u0219i cre\u0219te. \u00centr-o epoc\u0103 \u00een care elementele ce te pot distrage p\u00e2ndesc la tot pasul \u0219i sunt imposibil de \u00eenl\u0103turat, Daniel Goleman demonstreaz\u0103 c\u0103, mai mult ca oric\u00e2nd, avem nevoie de o aten\u021bie tot mai ascu\u021bit\u0103 pentru a \u00eenfrunta adversit\u0103\u021bile \u0219i a prospera.","og_url":"https:\/\/biblia.md\/ru\/shop\/focus-motivatia-ascunsa-a-performantei\/","og_site_name":"Societatea Biblic\u0103 din Moldova","article_publisher":"https:\/\/www.facebook.com\/SocietateaBiblicaMoldova\/","article_modified_time":"2026-01-29T13:14:20+00:00","og_image":[{"width":1024,"height":1536,"url":"https:\/\/biblia.md\/wp-content\/uploads\/2026\/01\/img_7381.png","type":"image\/png"}],"twitter_card":"summary_large_image","schema":{"@context":"https:\/\/schema.org","@graph":[{"@type":"WebPage","@id":"https:\/\/biblia.md\/shop\/focus-motivatia-ascunsa-a-performantei\/","url":"https:\/\/biblia.md\/shop\/focus-motivatia-ascunsa-a-performantei\/","name":"Focus - Motivatia ascunsa a performantei - Societatea Biblic\u0103 din Moldova","isPartOf":{"@id":"https:\/\/biblia.md\/#website"},"primaryImageOfPage":{"@id":"https:\/\/biblia.md\/shop\/focus-motivatia-ascunsa-a-performantei\/#primaryimage"},"image":{"@id":"https:\/\/biblia.md\/shop\/focus-motivatia-ascunsa-a-performantei\/#primaryimage"},"thumbnailUrl":"https:\/\/biblia.md\/wp-content\/uploads\/2026\/01\/img_7381.png","datePublished":"2026-01-29T13:09:42+00:00","dateModified":"2026-01-29T13:14:20+00:00","breadcrumb":{"@id":"https:\/\/biblia.md\/shop\/focus-motivatia-ascunsa-a-performantei\/#breadcrumb"},"inLanguage":"ru-RU","potentialAction":[{"@type":"ReadAction","target":["https:\/\/biblia.md\/shop\/focus-motivatia-ascunsa-a-performantei\/"]}]},{"@type":"ImageObject","inLanguage":"ru-RU","@id":"https:\/\/biblia.md\/shop\/focus-motivatia-ascunsa-a-performantei\/#primaryimage","url":"https:\/\/biblia.md\/wp-content\/uploads\/2026\/01\/img_7381.png","contentUrl":"https:\/\/biblia.md\/wp-content\/uploads\/2026\/01\/img_7381.png","width":1024,"height":1536},{"@type":"BreadcrumbList","@id":"https:\/\/biblia.md\/shop\/focus-motivatia-ascunsa-a-performantei\/#breadcrumb","itemListElement":[{"@type":"ListItem","position":1,"name":"Prima pagin\u0103","item":"https:\/\/biblia.md\/"},{"@type":"ListItem","position":2,"name":"Shop","item":"https:\/\/biblia.md\/shop\/"},{"@type":"ListItem","position":3,"name":"Focus &#8211; Motivatia ascunsa a performantei"}]},{"@type":"WebSite","@id":"https:\/\/biblia.md\/#website","url":"https:\/\/biblia.md\/","name":"Societatea Biblic\u0103 din Moldova","description":"","publisher":{"@id":"https:\/\/biblia.md\/#organization"},"potentialAction":[{"@type":"SearchAction","target":{"@type":"EntryPoint","urlTemplate":"https:\/\/biblia.md\/?s={search_term_string}"},"query-input":{"@type":"PropertyValueSpecification","valueRequired":true,"valueName":"search_term_string"}}],"inLanguage":"ru-RU"},{"@type":"Organization","@id":"https:\/\/biblia.md\/#organization","name":"Societatea Biblic\u0103 din Moldova","url":"https:\/\/biblia.md\/","logo":{"@type":"ImageObject","inLanguage":"ru-RU","@id":"https:\/\/biblia.md\/#\/schema\/logo\/image\/","url":"https:\/\/biblia.md\/wp-content\/uploads\/2026\/01\/icon_site.jpg","contentUrl":"https:\/\/biblia.md\/wp-content\/uploads\/2026\/01\/icon_site.jpg","width":656,"height":656,"caption":"Societatea Biblic\u0103 din Moldova"},"image":{"@id":"https:\/\/biblia.md\/#\/schema\/logo\/image\/"},"sameAs":["https:\/\/www.facebook.com\/SocietateaBiblicaMoldova\/","https:\/\/www.instagram.com\/biblia.md\/"]}]}},"_links":{"self":[{"href":"https:\/\/biblia.md\/ru\/wp-json\/wp\/v2\/product\/33702","targetHints":{"allow":["GET"]}}],"collection":[{"href":"https:\/\/biblia.md\/ru\/wp-json\/wp\/v2\/product"}],"about":[{"href":"https:\/\/biblia.md\/ru\/wp-json\/wp\/v2\/types\/product"}],"replies":[{"embeddable":true,"href":"https:\/\/biblia.md\/ru\/wp-json\/wp\/v2\/comments?post=33702"}],"version-history":[{"count":1,"href":"https:\/\/biblia.md\/ru\/wp-json\/wp\/v2\/product\/33702\/revisions"}],"predecessor-version":[{"id":33704,"href":"https:\/\/biblia.md\/ru\/wp-json\/wp\/v2\/product\/33702\/revisions\/33704"}],"wp:featuredmedia":[{"embeddable":true,"href":"https:\/\/biblia.md\/ru\/wp-json\/wp\/v2\/media\/33705"}],"wp:attachment":[{"href":"https:\/\/biblia.md\/ru\/wp-json\/wp\/v2\/media?parent=33702"}],"wp:term":[{"taxonomy":"product_brand","embeddable":true,"href":"https:\/\/biblia.md\/ru\/wp-json\/wp\/v2\/product_brand?post=33702"},{"taxonomy":"product_cat","embeddable":true,"href":"https:\/\/biblia.md\/ru\/wp-json\/wp\/v2\/product_cat?post=33702"},{"taxonomy":"product_tag","embeddable":true,"href":"https:\/\/biblia.md\/ru\/wp-json\/wp\/v2\/product_tag?post=33702"}],"curies":[{"name":"wp","href":"https:\/\/api.w.org\/{rel}","templated":true}]}}