{"id":33721,"date":"2026-01-29T16:26:34","date_gmt":"2026-01-29T14:26:34","guid":{"rendered":"https:\/\/biblia.md\/?post_type=product&#038;p=33721"},"modified":"2026-01-29T16:26:35","modified_gmt":"2026-01-29T14:26:35","slug":"frumusete-fara-seaman-seria-conacul-belmont-vol-2","status":"publish","type":"product","link":"https:\/\/biblia.md\/ru\/shop\/frumusete-fara-seaman-seria-conacul-belmont-vol-2\/","title":{"rendered":"Frumusete fara seaman &#8211; Seria &#8222;Conacul Belmont&#8221;, Vol. 2"},"content":{"rendered":"","protected":false},"excerpt":{"rendered":"<p>O fermec\u0103toare poveste de iubire, ce se \u00eenfirip\u0103 \u00een acela\u0219i magnific loc, vestitul conac Belmont din Nashville, Tennessee.<\/p>\n<p>Eleanor nu este o frumuse\u021be, dup\u0103 canoanele vremii, \u00eens\u0103 ea se remarc\u0103 prin alte calit\u0103\u021bi, care nu se ve\u0219tejesc de-a lungul timpului. Pasiunea ei cea mai mare este s\u0103 aline r\u0103nile \u0219i suferin\u021bele semenilor \u0219i de aici porne\u0219te dorin\u021ba inimii sale de a construi un ad\u0103post pentru v\u0103duvele \u0219i orfanii r\u0103ma\u0219i f\u0103r\u0103 tat\u0103 \u00een urma cruntului r\u0103zboi care a dezbinat poporul american.<br \/>\nArhiducele austriac Marcus Gottfried se refugiaz\u0103 \u00een Tennessee dorindu-\u0219i s\u0103 \u00ee\u0219i ascund\u0103 identitatea \u0219i s\u0103 poat\u0103 s\u0103 se dedice pasiunilor sale: natura \u0219i arhitectura.<br \/>\nEleanor \u0219i Marcus vor munci cot la cot la amenajarea noii construc\u021bii, ceea ce le va oferi prilejul de a-\u0219i descoperi unul altuia sufletele, dar va g\u0103si oare iubirea lor calea spre \u00eemplinire c\u00e2nd Eleanor este for\u021bat\u0103 s\u0103 accepte ca pretendent pe altcineva, iar Marcus este amenin\u021bat s\u0103 fie dat \u00een vileag de un personaj f\u0103r\u0103 scrupule?<\/p>","protected":false},"featured_media":33723,"comment_status":"open","ping_status":"closed","template":"","meta":[],"product_brand":[],"product_cat":[377,400],"product_tag":[],"class_list":{"0":"post-33721","1":"product","2":"type-product","3":"status-publish","4":"has-post-thumbnail","6":"product_cat-carti","7":"product_cat-romane-povestiri-nuvele","8":"product_author-tamera-alexander","9":"product_genre-knigi-rom","11":"first","12":"instock","13":"shipping-taxable","14":"purchasable","15":"product-type-simple"},"yoast_head":"<!-- This site is optimized with the Yoast SEO plugin v27.3 - https:\/\/yoast.com\/product\/yoast-seo-wordpress\/ -->\n<title>Frumusete fara seaman - Seria &quot;Conacul Belmont&quot;, Vol. 2 - Societatea Biblic\u0103 din Moldova<\/title>\n<meta name=\"robots\" content=\"index, follow, max-snippet:-1, max-image-preview:large, max-video-preview:-1\" \/>\n<link rel=\"canonical\" href=\"https:\/\/biblia.md\/ru\/shop\/frumusete-fara-seaman-seria-conacul-belmont-vol-2\/\" \/>\n<meta property=\"og:locale\" content=\"ru_RU\" \/>\n<meta property=\"og:type\" content=\"article\" \/>\n<meta property=\"og:title\" content=\"Frumusete fara seaman - Seria &quot;Conacul Belmont&quot;, Vol. 2 - Societatea Biblic\u0103 din Moldova\" \/>\n<meta property=\"og:description\" content=\"O fermec\u0103toare poveste de iubire, ce se \u00eenfirip\u0103 \u00een acela\u0219i magnific loc, vestitul conac Belmont din Nashville, Tennessee.  Eleanor nu este o frumuse\u021be, dup\u0103 canoanele vremii, \u00eens\u0103 ea se remarc\u0103 prin alte calit\u0103\u021bi, care nu se ve\u0219tejesc de-a lungul timpului. Pasiunea ei cea mai mare este s\u0103 aline r\u0103nile \u0219i suferin\u021bele semenilor \u0219i de aici porne\u0219te dorin\u021ba inimii sale de a construi un ad\u0103post pentru v\u0103duvele \u0219i orfanii r\u0103ma\u0219i f\u0103r\u0103 tat\u0103 \u00een urma cruntului r\u0103zboi care a dezbinat poporul american. Arhiducele austriac Marcus Gottfried se refugiaz\u0103 \u00een Tennessee dorindu-\u0219i s\u0103 \u00ee\u0219i ascund\u0103 identitatea \u0219i s\u0103 poat\u0103 s\u0103 se dedice pasiunilor sale: natura \u0219i arhitectura. Eleanor \u0219i Marcus vor munci cot la cot la amenajarea noii construc\u021bii, ceea ce le va oferi prilejul de a-\u0219i descoperi unul altuia sufletele, dar va g\u0103si oare iubirea lor calea spre \u00eemplinire c\u00e2nd Eleanor este for\u021bat\u0103 s\u0103 accepte ca pretendent pe altcineva, iar Marcus este amenin\u021bat s\u0103 fie dat \u00een vileag de un personaj f\u0103r\u0103 scrupule?\" \/>\n<meta property=\"og:url\" content=\"https:\/\/biblia.md\/ru\/shop\/frumusete-fara-seaman-seria-conacul-belmont-vol-2\/\" \/>\n<meta property=\"og:site_name\" content=\"Societatea Biblic\u0103 din Moldova\" \/>\n<meta property=\"article:publisher\" content=\"https:\/\/www.facebook.com\/SocietateaBiblicaMoldova\/\" \/>\n<meta property=\"article:modified_time\" content=\"2026-01-29T14:26:35+00:00\" \/>\n<meta property=\"og:image\" content=\"https:\/\/biblia.md\/wp-content\/uploads\/2026\/01\/frumusete_fara_seaman_1.jpg\" \/>\n\t<meta property=\"og:image:width\" content=\"600\" \/>\n\t<meta property=\"og:image:height\" content=\"900\" \/>\n\t<meta property=\"og:image:type\" content=\"image\/jpeg\" \/>\n<meta name=\"twitter:card\" content=\"summary_large_image\" \/>\n<meta name=\"twitter:label1\" content=\"\u041f\u0440\u0438\u043c\u0435\u0440\u043d\u043e\u0435 \u0432\u0440\u0435\u043c\u044f \u0434\u043b\u044f \u0447\u0442\u0435\u043d\u0438\u044f\" \/>\n\t<meta name=\"twitter:data1\" content=\"1 \u043c\u0438\u043d\u0443\u0442\u0430\" \/>\n<script type=\"application\/ld+json\" class=\"yoast-schema-graph\">{\"@context\":\"https:\\\/\\\/schema.org\",\"@graph\":[{\"@type\":\"WebPage\",\"@id\":\"https:\\\/\\\/biblia.md\\\/shop\\\/frumusete-fara-seaman-seria-conacul-belmont-vol-2\\\/\",\"url\":\"https:\\\/\\\/biblia.md\\\/shop\\\/frumusete-fara-seaman-seria-conacul-belmont-vol-2\\\/\",\"name\":\"Frumusete fara seaman - Seria \\\"Conacul Belmont\\\", Vol. 2 - Societatea Biblic\u0103 din Moldova\",\"isPartOf\":{\"@id\":\"https:\\\/\\\/biblia.md\\\/#website\"},\"primaryImageOfPage\":{\"@id\":\"https:\\\/\\\/biblia.md\\\/shop\\\/frumusete-fara-seaman-seria-conacul-belmont-vol-2\\\/#primaryimage\"},\"image\":{\"@id\":\"https:\\\/\\\/biblia.md\\\/shop\\\/frumusete-fara-seaman-seria-conacul-belmont-vol-2\\\/#primaryimage\"},\"thumbnailUrl\":\"https:\\\/\\\/biblia.md\\\/wp-content\\\/uploads\\\/2026\\\/01\\\/frumusete_fara_seaman_1.jpg\",\"datePublished\":\"2026-01-29T14:26:34+00:00\",\"dateModified\":\"2026-01-29T14:26:35+00:00\",\"breadcrumb\":{\"@id\":\"https:\\\/\\\/biblia.md\\\/shop\\\/frumusete-fara-seaman-seria-conacul-belmont-vol-2\\\/#breadcrumb\"},\"inLanguage\":\"ru-RU\",\"potentialAction\":[{\"@type\":\"ReadAction\",\"target\":[\"https:\\\/\\\/biblia.md\\\/shop\\\/frumusete-fara-seaman-seria-conacul-belmont-vol-2\\\/\"]}]},{\"@type\":\"ImageObject\",\"inLanguage\":\"ru-RU\",\"@id\":\"https:\\\/\\\/biblia.md\\\/shop\\\/frumusete-fara-seaman-seria-conacul-belmont-vol-2\\\/#primaryimage\",\"url\":\"https:\\\/\\\/biblia.md\\\/wp-content\\\/uploads\\\/2026\\\/01\\\/frumusete_fara_seaman_1.jpg\",\"contentUrl\":\"https:\\\/\\\/biblia.md\\\/wp-content\\\/uploads\\\/2026\\\/01\\\/frumusete_fara_seaman_1.jpg\",\"width\":600,\"height\":900},{\"@type\":\"BreadcrumbList\",\"@id\":\"https:\\\/\\\/biblia.md\\\/shop\\\/frumusete-fara-seaman-seria-conacul-belmont-vol-2\\\/#breadcrumb\",\"itemListElement\":[{\"@type\":\"ListItem\",\"position\":1,\"name\":\"Prima pagin\u0103\",\"item\":\"https:\\\/\\\/biblia.md\\\/\"},{\"@type\":\"ListItem\",\"position\":2,\"name\":\"Shop\",\"item\":\"https:\\\/\\\/biblia.md\\\/shop\\\/\"},{\"@type\":\"ListItem\",\"position\":3,\"name\":\"Frumusete fara seaman &#8211; Seria &#8222;Conacul Belmont&#8221;, Vol. 2\"}]},{\"@type\":\"WebSite\",\"@id\":\"https:\\\/\\\/biblia.md\\\/#website\",\"url\":\"https:\\\/\\\/biblia.md\\\/\",\"name\":\"Societatea Biblic\u0103 din Moldova\",\"description\":\"\",\"publisher\":{\"@id\":\"https:\\\/\\\/biblia.md\\\/#organization\"},\"potentialAction\":[{\"@type\":\"SearchAction\",\"target\":{\"@type\":\"EntryPoint\",\"urlTemplate\":\"https:\\\/\\\/biblia.md\\\/?s={search_term_string}\"},\"query-input\":{\"@type\":\"PropertyValueSpecification\",\"valueRequired\":true,\"valueName\":\"search_term_string\"}}],\"inLanguage\":\"ru-RU\"},{\"@type\":\"Organization\",\"@id\":\"https:\\\/\\\/biblia.md\\\/#organization\",\"name\":\"Societatea Biblic\u0103 din Moldova\",\"url\":\"https:\\\/\\\/biblia.md\\\/\",\"logo\":{\"@type\":\"ImageObject\",\"inLanguage\":\"ru-RU\",\"@id\":\"https:\\\/\\\/biblia.md\\\/#\\\/schema\\\/logo\\\/image\\\/\",\"url\":\"https:\\\/\\\/biblia.md\\\/wp-content\\\/uploads\\\/2026\\\/01\\\/icon_site.jpg\",\"contentUrl\":\"https:\\\/\\\/biblia.md\\\/wp-content\\\/uploads\\\/2026\\\/01\\\/icon_site.jpg\",\"width\":656,\"height\":656,\"caption\":\"Societatea Biblic\u0103 din Moldova\"},\"image\":{\"@id\":\"https:\\\/\\\/biblia.md\\\/#\\\/schema\\\/logo\\\/image\\\/\"},\"sameAs\":[\"https:\\\/\\\/www.facebook.com\\\/SocietateaBiblicaMoldova\\\/\",\"https:\\\/\\\/www.instagram.com\\\/biblia.md\\\/\"]}]}<\/script>\n<!-- \/ Yoast SEO plugin. -->","yoast_head_json":{"title":"Frumusete fara seaman - Seria \"Conacul Belmont\", Vol. 2 - Societatea Biblic\u0103 din Moldova","robots":{"index":"index","follow":"follow","max-snippet":"max-snippet:-1","max-image-preview":"max-image-preview:large","max-video-preview":"max-video-preview:-1"},"canonical":"https:\/\/biblia.md\/ru\/shop\/frumusete-fara-seaman-seria-conacul-belmont-vol-2\/","og_locale":"ru_RU","og_type":"article","og_title":"Frumusete fara seaman - Seria \"Conacul Belmont\", Vol. 2 - Societatea Biblic\u0103 din Moldova","og_description":"O fermec\u0103toare poveste de iubire, ce se \u00eenfirip\u0103 \u00een acela\u0219i magnific loc, vestitul conac Belmont din Nashville, Tennessee.  Eleanor nu este o frumuse\u021be, dup\u0103 canoanele vremii, \u00eens\u0103 ea se remarc\u0103 prin alte calit\u0103\u021bi, care nu se ve\u0219tejesc de-a lungul timpului. Pasiunea ei cea mai mare este s\u0103 aline r\u0103nile \u0219i suferin\u021bele semenilor \u0219i de aici porne\u0219te dorin\u021ba inimii sale de a construi un ad\u0103post pentru v\u0103duvele \u0219i orfanii r\u0103ma\u0219i f\u0103r\u0103 tat\u0103 \u00een urma cruntului r\u0103zboi care a dezbinat poporul american. Arhiducele austriac Marcus Gottfried se refugiaz\u0103 \u00een Tennessee dorindu-\u0219i s\u0103 \u00ee\u0219i ascund\u0103 identitatea \u0219i s\u0103 poat\u0103 s\u0103 se dedice pasiunilor sale: natura \u0219i arhitectura. Eleanor \u0219i Marcus vor munci cot la cot la amenajarea noii construc\u021bii, ceea ce le va oferi prilejul de a-\u0219i descoperi unul altuia sufletele, dar va g\u0103si oare iubirea lor calea spre \u00eemplinire c\u00e2nd Eleanor este for\u021bat\u0103 s\u0103 accepte ca pretendent pe altcineva, iar Marcus este amenin\u021bat s\u0103 fie dat \u00een vileag de un personaj f\u0103r\u0103 scrupule?","og_url":"https:\/\/biblia.md\/ru\/shop\/frumusete-fara-seaman-seria-conacul-belmont-vol-2\/","og_site_name":"Societatea Biblic\u0103 din Moldova","article_publisher":"https:\/\/www.facebook.com\/SocietateaBiblicaMoldova\/","article_modified_time":"2026-01-29T14:26:35+00:00","og_image":[{"width":600,"height":900,"url":"https:\/\/biblia.md\/wp-content\/uploads\/2026\/01\/frumusete_fara_seaman_1.jpg","type":"image\/jpeg"}],"twitter_card":"summary_large_image","twitter_misc":{"\u041f\u0440\u0438\u043c\u0435\u0440\u043d\u043e\u0435 \u0432\u0440\u0435\u043c\u044f \u0434\u043b\u044f \u0447\u0442\u0435\u043d\u0438\u044f":"1 \u043c\u0438\u043d\u0443\u0442\u0430"},"schema":{"@context":"https:\/\/schema.org","@graph":[{"@type":"WebPage","@id":"https:\/\/biblia.md\/shop\/frumusete-fara-seaman-seria-conacul-belmont-vol-2\/","url":"https:\/\/biblia.md\/shop\/frumusete-fara-seaman-seria-conacul-belmont-vol-2\/","name":"Frumusete fara seaman - Seria \"Conacul Belmont\", Vol. 2 - Societatea Biblic\u0103 din Moldova","isPartOf":{"@id":"https:\/\/biblia.md\/#website"},"primaryImageOfPage":{"@id":"https:\/\/biblia.md\/shop\/frumusete-fara-seaman-seria-conacul-belmont-vol-2\/#primaryimage"},"image":{"@id":"https:\/\/biblia.md\/shop\/frumusete-fara-seaman-seria-conacul-belmont-vol-2\/#primaryimage"},"thumbnailUrl":"https:\/\/biblia.md\/wp-content\/uploads\/2026\/01\/frumusete_fara_seaman_1.jpg","datePublished":"2026-01-29T14:26:34+00:00","dateModified":"2026-01-29T14:26:35+00:00","breadcrumb":{"@id":"https:\/\/biblia.md\/shop\/frumusete-fara-seaman-seria-conacul-belmont-vol-2\/#breadcrumb"},"inLanguage":"ru-RU","potentialAction":[{"@type":"ReadAction","target":["https:\/\/biblia.md\/shop\/frumusete-fara-seaman-seria-conacul-belmont-vol-2\/"]}]},{"@type":"ImageObject","inLanguage":"ru-RU","@id":"https:\/\/biblia.md\/shop\/frumusete-fara-seaman-seria-conacul-belmont-vol-2\/#primaryimage","url":"https:\/\/biblia.md\/wp-content\/uploads\/2026\/01\/frumusete_fara_seaman_1.jpg","contentUrl":"https:\/\/biblia.md\/wp-content\/uploads\/2026\/01\/frumusete_fara_seaman_1.jpg","width":600,"height":900},{"@type":"BreadcrumbList","@id":"https:\/\/biblia.md\/shop\/frumusete-fara-seaman-seria-conacul-belmont-vol-2\/#breadcrumb","itemListElement":[{"@type":"ListItem","position":1,"name":"Prima pagin\u0103","item":"https:\/\/biblia.md\/"},{"@type":"ListItem","position":2,"name":"Shop","item":"https:\/\/biblia.md\/shop\/"},{"@type":"ListItem","position":3,"name":"Frumusete fara seaman &#8211; Seria &#8222;Conacul Belmont&#8221;, Vol. 2"}]},{"@type":"WebSite","@id":"https:\/\/biblia.md\/#website","url":"https:\/\/biblia.md\/","name":"Societatea Biblic\u0103 din Moldova","description":"","publisher":{"@id":"https:\/\/biblia.md\/#organization"},"potentialAction":[{"@type":"SearchAction","target":{"@type":"EntryPoint","urlTemplate":"https:\/\/biblia.md\/?s={search_term_string}"},"query-input":{"@type":"PropertyValueSpecification","valueRequired":true,"valueName":"search_term_string"}}],"inLanguage":"ru-RU"},{"@type":"Organization","@id":"https:\/\/biblia.md\/#organization","name":"Societatea Biblic\u0103 din Moldova","url":"https:\/\/biblia.md\/","logo":{"@type":"ImageObject","inLanguage":"ru-RU","@id":"https:\/\/biblia.md\/#\/schema\/logo\/image\/","url":"https:\/\/biblia.md\/wp-content\/uploads\/2026\/01\/icon_site.jpg","contentUrl":"https:\/\/biblia.md\/wp-content\/uploads\/2026\/01\/icon_site.jpg","width":656,"height":656,"caption":"Societatea Biblic\u0103 din Moldova"},"image":{"@id":"https:\/\/biblia.md\/#\/schema\/logo\/image\/"},"sameAs":["https:\/\/www.facebook.com\/SocietateaBiblicaMoldova\/","https:\/\/www.instagram.com\/biblia.md\/"]}]}},"_links":{"self":[{"href":"https:\/\/biblia.md\/ru\/wp-json\/wp\/v2\/product\/33721","targetHints":{"allow":["GET"]}}],"collection":[{"href":"https:\/\/biblia.md\/ru\/wp-json\/wp\/v2\/product"}],"about":[{"href":"https:\/\/biblia.md\/ru\/wp-json\/wp\/v2\/types\/product"}],"replies":[{"embeddable":true,"href":"https:\/\/biblia.md\/ru\/wp-json\/wp\/v2\/comments?post=33721"}],"version-history":[{"count":1,"href":"https:\/\/biblia.md\/ru\/wp-json\/wp\/v2\/product\/33721\/revisions"}],"predecessor-version":[{"id":33724,"href":"https:\/\/biblia.md\/ru\/wp-json\/wp\/v2\/product\/33721\/revisions\/33724"}],"wp:featuredmedia":[{"embeddable":true,"href":"https:\/\/biblia.md\/ru\/wp-json\/wp\/v2\/media\/33723"}],"wp:attachment":[{"href":"https:\/\/biblia.md\/ru\/wp-json\/wp\/v2\/media?parent=33721"}],"wp:term":[{"taxonomy":"product_brand","embeddable":true,"href":"https:\/\/biblia.md\/ru\/wp-json\/wp\/v2\/product_brand?post=33721"},{"taxonomy":"product_cat","embeddable":true,"href":"https:\/\/biblia.md\/ru\/wp-json\/wp\/v2\/product_cat?post=33721"},{"taxonomy":"product_tag","embeddable":true,"href":"https:\/\/biblia.md\/ru\/wp-json\/wp\/v2\/product_tag?post=33721"}],"curies":[{"name":"wp","href":"https:\/\/api.w.org\/{rel}","templated":true}]}}