{"id":33756,"date":"2026-01-29T17:21:29","date_gmt":"2026-01-29T15:21:29","guid":{"rendered":"https:\/\/biblia.md\/?post_type=product&#038;p=33756"},"modified":"2026-01-29T17:22:57","modified_gmt":"2026-01-29T15:22:57","slug":"gandire-corecta-pentru-o-cultura-in-haos","status":"publish","type":"product","link":"https:\/\/biblia.md\/ru\/shop\/gandire-corecta-pentru-o-cultura-in-haos\/","title":{"rendered":"Gandire corecta pentru o cultura in haos"},"content":{"rendered":"<p>\u00centr-o epoc\u0103 a declinului moral \u0219i spiritual, te vei confrunta inevitabil cu presiunea de a vedea adev\u0103rul ca pe ceva subiectiv, schimb\u0103tor \u0219i, \u00een cele din urm\u0103, de nep\u0103truns. Cu toate acestea, Cuv\u00e2ntul lui Dumnezeu r\u0103m\u00e2ne \u00eentr-un contrast \u00eendr\u0103zne\u021b cu acest sentiment postmodern. Adev\u0103rul absolut al Scripturii este atemporal, extinz\u00e2ndu-se p\u00e2n\u0103 la cele mai aprinse controverse de ast\u0103zi.<\/p>\n<p>Din partea echipelor din spatele mai multor c\u0103r\u021bi de succes vine: G\u00e2ndire corect\u0103 pentru o cultur\u0103 \u00een haos, un r\u0103spuns biblic la probleme contemporane precum: identitatea de gen, autoritatea guvernamental\u0103, deconstruc\u021bia credin\u021bei, teoria rasei critice \u0219i multe altele. Fiecare capitol ilustreaz\u0103 modul \u00een care principiile Cuv\u00e2ntului lui Dumnezeu te echipeaz\u0103 s\u0103-L onorezi \u00eentr-o lume din ce \u00een ce mai corupt\u0103. De asemenea, vei fi \u00eencurajat de speran\u021ba profund\u0103 a Evangheliei lui Isus Hristos \u2013 singurul remediu pentru o umanitate zdrobit\u0103.<\/p>\n<p>Indiferent ce \u00eenva\u021b\u0103 societatea, Cuv\u00e2ntul lui Dumnezeu str\u0103punge cea\u021ba confuziei prin lumina adev\u0103rului. G\u00e2ndire corect\u0103 pentru o cultur\u0103 \u00een haos \u00eencurajeaz\u0103 la fundamentarea convingerilor \u00een Hristos \u0219i \u00een Cuv\u00e2ntul S\u0103u atotsuficient.<\/p>","protected":false},"excerpt":{"rendered":"<p style=\"text-align: center\"><strong>G\u0103se\u0219te claritatea pe care numai\u00a0Dumnezeu o poate oferi<\/strong><\/p>\n<p><strong><em>Descoper\u0103 felul \u00een care adev\u0103rurile biblice atemporale ating cele mai aprinse controverse contemporane, inclusiv \u00eentreb\u0103rile \u0219i preocup\u0103rile tale cu privire la:<br \/>\n\u2022 Teoria rasei critice;<br \/>\n\u2022 Identitatea de gen \u0219i sexualitatea;<br \/>\n\u2022 Ecologismul; \u2022 Social media;<br \/>\n\u2022 Relativismul moral;<br \/>\n\u2022 Autoritatea guvernamental\u0103;<br \/>\n\u2022 Deconstruc\u021bia credin\u021bei \u0219i multe altele.<\/em><\/strong><\/p>","protected":false},"featured_media":33757,"comment_status":"open","ping_status":"closed","template":"","meta":[],"product_brand":[],"product_cat":[377,393,388],"product_tag":[],"class_list":{"0":"post-33756","1":"product","2":"type-product","3":"status-publish","4":"has-post-thumbnail","6":"product_cat-carti","7":"product_cat-teologie","8":"product_cat-viata-crestina","9":"product_author-john-macarthur-amp-nathan-busenitz","10":"product_genre-knigi-rom","12":"first","13":"instock","14":"shipping-taxable","15":"purchasable","16":"product-type-simple"},"yoast_head":"<!-- This site is optimized with the Yoast SEO plugin v27.3 - https:\/\/yoast.com\/product\/yoast-seo-wordpress\/ -->\n<title>Gandire corecta pentru o cultura in haos - Societatea Biblic\u0103 din Moldova<\/title>\n<meta name=\"robots\" content=\"index, follow, max-snippet:-1, max-image-preview:large, max-video-preview:-1\" \/>\n<link rel=\"canonical\" href=\"https:\/\/biblia.md\/ru\/shop\/gandire-corecta-pentru-o-cultura-in-haos\/\" \/>\n<meta property=\"og:locale\" content=\"ru_RU\" \/>\n<meta property=\"og:type\" content=\"article\" \/>\n<meta property=\"og:title\" content=\"Gandire corecta pentru o cultura in haos - Societatea Biblic\u0103 din Moldova\" \/>\n<meta property=\"og:description\" content=\"G\u0103se\u0219te claritatea pe care numai\u00a0Dumnezeu o poate oferi Descoper\u0103 felul \u00een care adev\u0103rurile biblice atemporale ating cele mai aprinse controverse contemporane, inclusiv \u00eentreb\u0103rile \u0219i preocup\u0103rile tale cu privire la: \u2022 Teoria rasei critice; \u2022 Identitatea de gen \u0219i sexualitatea; \u2022 Ecologismul; \u2022 Social media; \u2022 Relativismul moral; \u2022 Autoritatea guvernamental\u0103; \u2022 Deconstruc\u021bia credin\u021bei \u0219i multe altele.\" \/>\n<meta property=\"og:url\" content=\"https:\/\/biblia.md\/ru\/shop\/gandire-corecta-pentru-o-cultura-in-haos\/\" \/>\n<meta property=\"og:site_name\" content=\"Societatea Biblic\u0103 din Moldova\" \/>\n<meta property=\"article:publisher\" content=\"https:\/\/www.facebook.com\/SocietateaBiblicaMoldova\/\" \/>\n<meta property=\"article:modified_time\" content=\"2026-01-29T15:22:57+00:00\" \/>\n<meta property=\"og:image\" content=\"https:\/\/biblia.md\/wp-content\/uploads\/2026\/01\/0000001915.png\" \/>\n\t<meta property=\"og:image:width\" content=\"600\" \/>\n\t<meta property=\"og:image:height\" content=\"900\" \/>\n\t<meta property=\"og:image:type\" content=\"image\/png\" \/>\n<meta name=\"twitter:card\" content=\"summary_large_image\" \/>\n<meta name=\"twitter:label1\" content=\"\u041f\u0440\u0438\u043c\u0435\u0440\u043d\u043e\u0435 \u0432\u0440\u0435\u043c\u044f \u0434\u043b\u044f \u0447\u0442\u0435\u043d\u0438\u044f\" \/>\n\t<meta name=\"twitter:data1\" content=\"2 \u043c\u0438\u043d\u0443\u0442\u044b\" \/>\n<script type=\"application\/ld+json\" class=\"yoast-schema-graph\">{\"@context\":\"https:\\\/\\\/schema.org\",\"@graph\":[{\"@type\":\"WebPage\",\"@id\":\"https:\\\/\\\/biblia.md\\\/shop\\\/gandire-corecta-pentru-o-cultura-in-haos\\\/\",\"url\":\"https:\\\/\\\/biblia.md\\\/shop\\\/gandire-corecta-pentru-o-cultura-in-haos\\\/\",\"name\":\"Gandire corecta pentru o cultura in haos - Societatea Biblic\u0103 din Moldova\",\"isPartOf\":{\"@id\":\"https:\\\/\\\/biblia.md\\\/#website\"},\"primaryImageOfPage\":{\"@id\":\"https:\\\/\\\/biblia.md\\\/shop\\\/gandire-corecta-pentru-o-cultura-in-haos\\\/#primaryimage\"},\"image\":{\"@id\":\"https:\\\/\\\/biblia.md\\\/shop\\\/gandire-corecta-pentru-o-cultura-in-haos\\\/#primaryimage\"},\"thumbnailUrl\":\"https:\\\/\\\/biblia.md\\\/wp-content\\\/uploads\\\/2026\\\/01\\\/0000001915.png\",\"datePublished\":\"2026-01-29T15:21:29+00:00\",\"dateModified\":\"2026-01-29T15:22:57+00:00\",\"breadcrumb\":{\"@id\":\"https:\\\/\\\/biblia.md\\\/shop\\\/gandire-corecta-pentru-o-cultura-in-haos\\\/#breadcrumb\"},\"inLanguage\":\"ru-RU\",\"potentialAction\":[{\"@type\":\"ReadAction\",\"target\":[\"https:\\\/\\\/biblia.md\\\/shop\\\/gandire-corecta-pentru-o-cultura-in-haos\\\/\"]}]},{\"@type\":\"ImageObject\",\"inLanguage\":\"ru-RU\",\"@id\":\"https:\\\/\\\/biblia.md\\\/shop\\\/gandire-corecta-pentru-o-cultura-in-haos\\\/#primaryimage\",\"url\":\"https:\\\/\\\/biblia.md\\\/wp-content\\\/uploads\\\/2026\\\/01\\\/0000001915.png\",\"contentUrl\":\"https:\\\/\\\/biblia.md\\\/wp-content\\\/uploads\\\/2026\\\/01\\\/0000001915.png\",\"width\":600,\"height\":900},{\"@type\":\"BreadcrumbList\",\"@id\":\"https:\\\/\\\/biblia.md\\\/shop\\\/gandire-corecta-pentru-o-cultura-in-haos\\\/#breadcrumb\",\"itemListElement\":[{\"@type\":\"ListItem\",\"position\":1,\"name\":\"Prima pagin\u0103\",\"item\":\"https:\\\/\\\/biblia.md\\\/\"},{\"@type\":\"ListItem\",\"position\":2,\"name\":\"Shop\",\"item\":\"https:\\\/\\\/biblia.md\\\/shop\\\/\"},{\"@type\":\"ListItem\",\"position\":3,\"name\":\"Gandire corecta pentru o cultura in haos\"}]},{\"@type\":\"WebSite\",\"@id\":\"https:\\\/\\\/biblia.md\\\/#website\",\"url\":\"https:\\\/\\\/biblia.md\\\/\",\"name\":\"Societatea Biblic\u0103 din Moldova\",\"description\":\"\",\"publisher\":{\"@id\":\"https:\\\/\\\/biblia.md\\\/#organization\"},\"potentialAction\":[{\"@type\":\"SearchAction\",\"target\":{\"@type\":\"EntryPoint\",\"urlTemplate\":\"https:\\\/\\\/biblia.md\\\/?s={search_term_string}\"},\"query-input\":{\"@type\":\"PropertyValueSpecification\",\"valueRequired\":true,\"valueName\":\"search_term_string\"}}],\"inLanguage\":\"ru-RU\"},{\"@type\":\"Organization\",\"@id\":\"https:\\\/\\\/biblia.md\\\/#organization\",\"name\":\"Societatea Biblic\u0103 din Moldova\",\"url\":\"https:\\\/\\\/biblia.md\\\/\",\"logo\":{\"@type\":\"ImageObject\",\"inLanguage\":\"ru-RU\",\"@id\":\"https:\\\/\\\/biblia.md\\\/#\\\/schema\\\/logo\\\/image\\\/\",\"url\":\"https:\\\/\\\/biblia.md\\\/wp-content\\\/uploads\\\/2026\\\/01\\\/icon_site.jpg\",\"contentUrl\":\"https:\\\/\\\/biblia.md\\\/wp-content\\\/uploads\\\/2026\\\/01\\\/icon_site.jpg\",\"width\":656,\"height\":656,\"caption\":\"Societatea Biblic\u0103 din Moldova\"},\"image\":{\"@id\":\"https:\\\/\\\/biblia.md\\\/#\\\/schema\\\/logo\\\/image\\\/\"},\"sameAs\":[\"https:\\\/\\\/www.facebook.com\\\/SocietateaBiblicaMoldova\\\/\",\"https:\\\/\\\/www.instagram.com\\\/biblia.md\\\/\"]}]}<\/script>\n<!-- \/ Yoast SEO plugin. -->","yoast_head_json":{"title":"Gandire corecta pentru o cultura in haos - Societatea Biblic\u0103 din Moldova","robots":{"index":"index","follow":"follow","max-snippet":"max-snippet:-1","max-image-preview":"max-image-preview:large","max-video-preview":"max-video-preview:-1"},"canonical":"https:\/\/biblia.md\/ru\/shop\/gandire-corecta-pentru-o-cultura-in-haos\/","og_locale":"ru_RU","og_type":"article","og_title":"Gandire corecta pentru o cultura in haos - Societatea Biblic\u0103 din Moldova","og_description":"G\u0103se\u0219te claritatea pe care numai\u00a0Dumnezeu o poate oferi Descoper\u0103 felul \u00een care adev\u0103rurile biblice atemporale ating cele mai aprinse controverse contemporane, inclusiv \u00eentreb\u0103rile \u0219i preocup\u0103rile tale cu privire la: \u2022 Teoria rasei critice; \u2022 Identitatea de gen \u0219i sexualitatea; \u2022 Ecologismul; \u2022 Social media; \u2022 Relativismul moral; \u2022 Autoritatea guvernamental\u0103; \u2022 Deconstruc\u021bia credin\u021bei \u0219i multe altele.","og_url":"https:\/\/biblia.md\/ru\/shop\/gandire-corecta-pentru-o-cultura-in-haos\/","og_site_name":"Societatea Biblic\u0103 din Moldova","article_publisher":"https:\/\/www.facebook.com\/SocietateaBiblicaMoldova\/","article_modified_time":"2026-01-29T15:22:57+00:00","og_image":[{"width":600,"height":900,"url":"https:\/\/biblia.md\/wp-content\/uploads\/2026\/01\/0000001915.png","type":"image\/png"}],"twitter_card":"summary_large_image","twitter_misc":{"\u041f\u0440\u0438\u043c\u0435\u0440\u043d\u043e\u0435 \u0432\u0440\u0435\u043c\u044f \u0434\u043b\u044f \u0447\u0442\u0435\u043d\u0438\u044f":"2 \u043c\u0438\u043d\u0443\u0442\u044b"},"schema":{"@context":"https:\/\/schema.org","@graph":[{"@type":"WebPage","@id":"https:\/\/biblia.md\/shop\/gandire-corecta-pentru-o-cultura-in-haos\/","url":"https:\/\/biblia.md\/shop\/gandire-corecta-pentru-o-cultura-in-haos\/","name":"Gandire corecta pentru o cultura in haos - Societatea Biblic\u0103 din Moldova","isPartOf":{"@id":"https:\/\/biblia.md\/#website"},"primaryImageOfPage":{"@id":"https:\/\/biblia.md\/shop\/gandire-corecta-pentru-o-cultura-in-haos\/#primaryimage"},"image":{"@id":"https:\/\/biblia.md\/shop\/gandire-corecta-pentru-o-cultura-in-haos\/#primaryimage"},"thumbnailUrl":"https:\/\/biblia.md\/wp-content\/uploads\/2026\/01\/0000001915.png","datePublished":"2026-01-29T15:21:29+00:00","dateModified":"2026-01-29T15:22:57+00:00","breadcrumb":{"@id":"https:\/\/biblia.md\/shop\/gandire-corecta-pentru-o-cultura-in-haos\/#breadcrumb"},"inLanguage":"ru-RU","potentialAction":[{"@type":"ReadAction","target":["https:\/\/biblia.md\/shop\/gandire-corecta-pentru-o-cultura-in-haos\/"]}]},{"@type":"ImageObject","inLanguage":"ru-RU","@id":"https:\/\/biblia.md\/shop\/gandire-corecta-pentru-o-cultura-in-haos\/#primaryimage","url":"https:\/\/biblia.md\/wp-content\/uploads\/2026\/01\/0000001915.png","contentUrl":"https:\/\/biblia.md\/wp-content\/uploads\/2026\/01\/0000001915.png","width":600,"height":900},{"@type":"BreadcrumbList","@id":"https:\/\/biblia.md\/shop\/gandire-corecta-pentru-o-cultura-in-haos\/#breadcrumb","itemListElement":[{"@type":"ListItem","position":1,"name":"Prima pagin\u0103","item":"https:\/\/biblia.md\/"},{"@type":"ListItem","position":2,"name":"Shop","item":"https:\/\/biblia.md\/shop\/"},{"@type":"ListItem","position":3,"name":"Gandire corecta pentru o cultura in haos"}]},{"@type":"WebSite","@id":"https:\/\/biblia.md\/#website","url":"https:\/\/biblia.md\/","name":"Societatea Biblic\u0103 din Moldova","description":"","publisher":{"@id":"https:\/\/biblia.md\/#organization"},"potentialAction":[{"@type":"SearchAction","target":{"@type":"EntryPoint","urlTemplate":"https:\/\/biblia.md\/?s={search_term_string}"},"query-input":{"@type":"PropertyValueSpecification","valueRequired":true,"valueName":"search_term_string"}}],"inLanguage":"ru-RU"},{"@type":"Organization","@id":"https:\/\/biblia.md\/#organization","name":"Societatea Biblic\u0103 din Moldova","url":"https:\/\/biblia.md\/","logo":{"@type":"ImageObject","inLanguage":"ru-RU","@id":"https:\/\/biblia.md\/#\/schema\/logo\/image\/","url":"https:\/\/biblia.md\/wp-content\/uploads\/2026\/01\/icon_site.jpg","contentUrl":"https:\/\/biblia.md\/wp-content\/uploads\/2026\/01\/icon_site.jpg","width":656,"height":656,"caption":"Societatea Biblic\u0103 din Moldova"},"image":{"@id":"https:\/\/biblia.md\/#\/schema\/logo\/image\/"},"sameAs":["https:\/\/www.facebook.com\/SocietateaBiblicaMoldova\/","https:\/\/www.instagram.com\/biblia.md\/"]}]}},"_links":{"self":[{"href":"https:\/\/biblia.md\/ru\/wp-json\/wp\/v2\/product\/33756","targetHints":{"allow":["GET"]}}],"collection":[{"href":"https:\/\/biblia.md\/ru\/wp-json\/wp\/v2\/product"}],"about":[{"href":"https:\/\/biblia.md\/ru\/wp-json\/wp\/v2\/types\/product"}],"replies":[{"embeddable":true,"href":"https:\/\/biblia.md\/ru\/wp-json\/wp\/v2\/comments?post=33756"}],"version-history":[{"count":1,"href":"https:\/\/biblia.md\/ru\/wp-json\/wp\/v2\/product\/33756\/revisions"}],"predecessor-version":[{"id":33758,"href":"https:\/\/biblia.md\/ru\/wp-json\/wp\/v2\/product\/33756\/revisions\/33758"}],"wp:featuredmedia":[{"embeddable":true,"href":"https:\/\/biblia.md\/ru\/wp-json\/wp\/v2\/media\/33757"}],"wp:attachment":[{"href":"https:\/\/biblia.md\/ru\/wp-json\/wp\/v2\/media?parent=33756"}],"wp:term":[{"taxonomy":"product_brand","embeddable":true,"href":"https:\/\/biblia.md\/ru\/wp-json\/wp\/v2\/product_brand?post=33756"},{"taxonomy":"product_cat","embeddable":true,"href":"https:\/\/biblia.md\/ru\/wp-json\/wp\/v2\/product_cat?post=33756"},{"taxonomy":"product_tag","embeddable":true,"href":"https:\/\/biblia.md\/ru\/wp-json\/wp\/v2\/product_tag?post=33756"}],"curies":[{"name":"wp","href":"https:\/\/api.w.org\/{rel}","templated":true}]}}