{"id":33952,"date":"2026-02-03T17:37:31","date_gmt":"2026-02-03T15:37:31","guid":{"rendered":"https:\/\/biblia.md\/?post_type=product&#038;p=33952"},"modified":"2026-02-03T17:37:56","modified_gmt":"2026-02-03T15:37:56","slug":"idolii-unei-inimi-promisiunile-desarte-ale-banilor-sexului-si-puterii-si-singura-nadejde-care-conteaza","status":"publish","type":"product","link":"https:\/\/biblia.md\/ru\/shop\/idolii-unei-inimi-promisiunile-desarte-ale-banilor-sexului-si-puterii-si-singura-nadejde-care-conteaza\/","title":{"rendered":"Idolii unei inimi &#8211; Promisiunile de\u0219arte ale banilor, sexului si puterii si singura nadejde care conteaza"},"content":{"rendered":"<p><em><strong>\u201e\u00cen\u021belepciunea lui Timothy Keller \u0219i profunzimea sa biblic\u0103, prezentate \u00eentr-un stil clar \u0219i captivant, pot ajuta at\u00e2t cre\u0219tinii, c\u00e2t \u0219i necre\u0219tinii s\u0103 identifice idolii din inimile lor \u0219i s\u0103 \u00eenlocuiasc\u0103 promisiunile lor goale cu speran\u021ba \u00een Hristos.\u201d<\/strong><\/em>\u00a0\u2014 World Magazine<\/p>\n<p><em><strong>\u201eCe ajutor binevenit pentru orice pastor \u0219i slujitor! Keller sus\u021bine c\u0103 niciun cre\u0219tin nu se poate \u00een\u021belege pe sine \u0219i nici cultura \u00een care tr\u0103ie\u0219te dac\u0103 nu va discerne care sunt idolii fal\u0219i.\u201d<\/strong><\/em>\u00a0\u2014 Christianity Today<\/p>\n<p><em><strong>Idolatria nu este doar o neascultare de Dumnezeu, ci ea este o fixare a \u00eentregii inimi pe altceva \u00een afar\u0103 de Dumnezeu<\/strong><\/em>. Acest lucru nu poate fi remediat doar poc\u0103indu-te de faptul c\u0103 ai un idol sau folosindu-\u021bi voin\u021ba pentru a \u00eencerca s\u0103 tr\u0103ie\u0219ti diferit. \u00centoarcerea de la idoli nu este mai pu\u021bin dec\u00e2t aceste dou\u0103 lucruri, dar este, de asemenea, mult mai mult. \u201eG\u00e2ndi\u021bi-v\u0103 la lucrurile de sus\u201d, unde \u201evia\u021ba voastr\u0103 este ascuns\u0103 cu Hristos \u00een Dumnezeu\u201d (Coloseni 3:1-3) \u00eenseamn\u0103 apreciere, bucurie \u0219i odihn\u0103 \u00een ceea ce a f\u0103cut Isus pentru tine. Ea implic\u0103 \u00eenchinare plin\u0103 de bucurie \u0219i sim\u021birea realit\u0103\u021bii lui Dumnezeu \u00een rug\u0103ciune. Isus trebuie s\u0103 devin\u0103 mai frumos pentru imagina\u021bia ta, mai atractiv pentru inima ta dec\u00e2t idolul t\u0103u. Aceasta este ceea ce \u00eei va \u00eenlocui pe idolii inimii tale. Dac\u0103 dezr\u0103d\u0103cinezi idolul \u0219i nu reu\u0219e\u0219ti s\u0103 \u201eplantezi\u201d dragostea lui Hristos \u00een locul lui, idolul va cre\u0219te la loc. &#8211;\u00a0<em><strong>Timothy Keller<\/strong><\/em><\/p>\n<p><em><strong>Cuprins<\/strong><\/em><\/p>\n<p><strong>INTRODUCERE<\/strong><br \/>\n<strong>Fabrica de idoli<\/strong><br \/>\nUNU &#8211; Tot ce \u021bi-ai dorit vreodat\u0103<br \/>\nDOI &#8211; Ai nevoie doar de dragoste<br \/>\nTREI &#8211; Banii schimb\u0103 totul<br \/>\nPATRU &#8211; Seduc\u021bia succesului<br \/>\nCINCI &#8211; Puterea \u0219i slava<br \/>\n\u0218ASE &#8211; Idolii ascun\u0219i din via\u021ba noastr\u0103<br \/>\n\u0218APTE &#8211; Sf\u00e2r\u0219itul dumnezeilor contraf\u0103cu\u021bi<br \/>\nEPILOG &#8211; G\u0103sirea \u0219i \u00eenlocuirea idolilor din inima ta<br \/>\nBibliografie<br \/>\nMul\u021bumiri<\/p>","protected":false},"excerpt":{"rendered":"<div><strong>Descoper\u0103 ce \u00ee\u021bi lipse\u0219te cu adev\u0103rat<\/strong><\/div>\n<p>Iat\u0103 ce \u00ee\u0219i doresc oamenii cu ardoare: succes, iubire adev\u0103rat\u0103 \u0219i via\u021b\u0103 desprins\u0103 din pove\u0219ti. Mul\u021bi dintre noi am fost \u00eentr-o adev\u0103rat\u0103 goan\u0103 dup\u0103 aceste lucruri, crez\u00e2nd c\u0103 ele sunt cheia fericirii. Pe undeva, \u00eens\u0103, b\u0103nuiam c\u0103 niciunul din ele nu poate \u00eemplini ceea ce promite. De aceea ajungem, adeseori, s\u0103 ne sim\u021bim pierdu\u021bi, singuri, dezam\u0103gi\u021bi \u0219i plini de resentimente. Tocmai de aceea este a\u0219a de important s\u0103 ne amintim c\u0103 exist\u0103 un singur Dumnezeu care poate satisface pe deplin dorin\u021bele noastre \u2013 \u0219i acum este momentul perfect s\u0103-L \u00eent\u00e2lnim din nou sau pentru prima dat\u0103.<\/p>\n<p>\u00cen\u00a0<em><strong>Idolii unei inimi,<\/strong><\/em>\u00a0Timothy Keller ne ajut\u0103 s\u0103 vedem cum o \u00een\u021belegere corect\u0103 a Bibliei dezv\u0103luie adev\u0103rul despre idealurile societ\u0103\u021bii, dar \u0219i despre idoilii inimilor noastre. Mesajul puternic \u0219i revelator al c\u0103r\u021bii \u00eent\u0103re\u0219te reputa\u021bia lui Keller de g\u00e2nditor critic \u0219i pastor de excep\u021bie.<\/p>","protected":false},"featured_media":33953,"comment_status":"open","ping_status":"closed","template":"","meta":[],"product_brand":[],"product_cat":[377,395,388],"product_tag":[],"class_list":{"0":"post-33952","1":"product","2":"type-product","3":"status-publish","4":"has-post-thumbnail","6":"product_cat-carti","7":"product_cat-pentru-slujitori","8":"product_cat-viata-crestina","9":"product_author-timothy-keller","10":"product_genre-knigi-rom","12":"first","13":"outofstock","14":"shipping-taxable","15":"purchasable","16":"product-type-simple"},"yoast_head":"<!-- This site is optimized with the Yoast SEO plugin v27.3 - https:\/\/yoast.com\/product\/yoast-seo-wordpress\/ -->\n<title>Idolii unei inimi - Promisiunile de\u0219arte ale banilor, sexului si puterii si singura nadejde care conteaza - Societatea Biblic\u0103 din Moldova<\/title>\n<meta name=\"robots\" content=\"index, follow, max-snippet:-1, max-image-preview:large, max-video-preview:-1\" \/>\n<link rel=\"canonical\" href=\"https:\/\/biblia.md\/ru\/shop\/idolii-unei-inimi-promisiunile-desarte-ale-banilor-sexului-si-puterii-si-singura-nadejde-care-conteaza\/\" \/>\n<meta property=\"og:locale\" content=\"ru_RU\" \/>\n<meta property=\"og:type\" content=\"article\" \/>\n<meta property=\"og:title\" content=\"Idolii unei inimi - Promisiunile de\u0219arte ale banilor, sexului si puterii si singura nadejde care conteaza - Societatea Biblic\u0103 din Moldova\" \/>\n<meta property=\"og:description\" content=\"Descoper\u0103 ce \u00ee\u021bi lipse\u0219te cu adev\u0103rat Iat\u0103 ce \u00ee\u0219i doresc oamenii cu ardoare: succes, iubire adev\u0103rat\u0103 \u0219i via\u021b\u0103 desprins\u0103 din pove\u0219ti. Mul\u021bi dintre noi am fost \u00eentr-o adev\u0103rat\u0103 goan\u0103 dup\u0103 aceste lucruri, crez\u00e2nd c\u0103 ele sunt cheia fericirii. Pe undeva, \u00eens\u0103, b\u0103nuiam c\u0103 niciunul din ele nu poate \u00eemplini ceea ce promite. De aceea ajungem, adeseori, s\u0103 ne sim\u021bim pierdu\u021bi, singuri, dezam\u0103gi\u021bi \u0219i plini de resentimente. Tocmai de aceea este a\u0219a de important s\u0103 ne amintim c\u0103 exist\u0103 un singur Dumnezeu care poate satisface pe deplin dorin\u021bele noastre \u2013 \u0219i acum este momentul perfect s\u0103-L \u00eent\u00e2lnim din nou sau pentru prima dat\u0103.  \u00cen\u00a0Idolii unei inimi,\u00a0Timothy Keller ne ajut\u0103 s\u0103 vedem cum o \u00een\u021belegere corect\u0103 a Bibliei dezv\u0103luie adev\u0103rul despre idealurile societ\u0103\u021bii, dar \u0219i despre idoilii inimilor noastre. Mesajul puternic \u0219i revelator al c\u0103r\u021bii \u00eent\u0103re\u0219te reputa\u021bia lui Keller de g\u00e2nditor critic \u0219i pastor de excep\u021bie.\" \/>\n<meta property=\"og:url\" content=\"https:\/\/biblia.md\/ru\/shop\/idolii-unei-inimi-promisiunile-desarte-ale-banilor-sexului-si-puterii-si-singura-nadejde-care-conteaza\/\" \/>\n<meta property=\"og:site_name\" content=\"Societatea Biblic\u0103 din Moldova\" \/>\n<meta property=\"article:publisher\" content=\"https:\/\/www.facebook.com\/SocietateaBiblicaMoldova\/\" \/>\n<meta property=\"article:modified_time\" content=\"2026-02-03T15:37:56+00:00\" \/>\n<meta property=\"og:image\" content=\"https:\/\/biblia.md\/wp-content\/uploads\/2026\/02\/0000008254.jpg\" \/>\n\t<meta property=\"og:image:width\" content=\"481\" \/>\n\t<meta property=\"og:image:height\" content=\"700\" \/>\n\t<meta property=\"og:image:type\" content=\"image\/jpeg\" \/>\n<meta name=\"twitter:card\" content=\"summary_large_image\" \/>\n<meta name=\"twitter:label1\" content=\"\u041f\u0440\u0438\u043c\u0435\u0440\u043d\u043e\u0435 \u0432\u0440\u0435\u043c\u044f \u0434\u043b\u044f \u0447\u0442\u0435\u043d\u0438\u044f\" \/>\n\t<meta name=\"twitter:data1\" content=\"2 \u043c\u0438\u043d\u0443\u0442\u044b\" \/>\n<script type=\"application\/ld+json\" class=\"yoast-schema-graph\">{\"@context\":\"https:\\\/\\\/schema.org\",\"@graph\":[{\"@type\":\"WebPage\",\"@id\":\"https:\\\/\\\/biblia.md\\\/shop\\\/idolii-unei-inimi-promisiunile-desarte-ale-banilor-sexului-si-puterii-si-singura-nadejde-care-conteaza\\\/\",\"url\":\"https:\\\/\\\/biblia.md\\\/shop\\\/idolii-unei-inimi-promisiunile-desarte-ale-banilor-sexului-si-puterii-si-singura-nadejde-care-conteaza\\\/\",\"name\":\"Idolii unei inimi - Promisiunile de\u0219arte ale banilor, sexului si puterii si singura nadejde care conteaza - Societatea Biblic\u0103 din Moldova\",\"isPartOf\":{\"@id\":\"https:\\\/\\\/biblia.md\\\/#website\"},\"primaryImageOfPage\":{\"@id\":\"https:\\\/\\\/biblia.md\\\/shop\\\/idolii-unei-inimi-promisiunile-desarte-ale-banilor-sexului-si-puterii-si-singura-nadejde-care-conteaza\\\/#primaryimage\"},\"image\":{\"@id\":\"https:\\\/\\\/biblia.md\\\/shop\\\/idolii-unei-inimi-promisiunile-desarte-ale-banilor-sexului-si-puterii-si-singura-nadejde-care-conteaza\\\/#primaryimage\"},\"thumbnailUrl\":\"https:\\\/\\\/biblia.md\\\/wp-content\\\/uploads\\\/2026\\\/02\\\/0000008254.jpg\",\"datePublished\":\"2026-02-03T15:37:31+00:00\",\"dateModified\":\"2026-02-03T15:37:56+00:00\",\"breadcrumb\":{\"@id\":\"https:\\\/\\\/biblia.md\\\/shop\\\/idolii-unei-inimi-promisiunile-desarte-ale-banilor-sexului-si-puterii-si-singura-nadejde-care-conteaza\\\/#breadcrumb\"},\"inLanguage\":\"ru-RU\",\"potentialAction\":[{\"@type\":\"ReadAction\",\"target\":[\"https:\\\/\\\/biblia.md\\\/shop\\\/idolii-unei-inimi-promisiunile-desarte-ale-banilor-sexului-si-puterii-si-singura-nadejde-care-conteaza\\\/\"]}]},{\"@type\":\"ImageObject\",\"inLanguage\":\"ru-RU\",\"@id\":\"https:\\\/\\\/biblia.md\\\/shop\\\/idolii-unei-inimi-promisiunile-desarte-ale-banilor-sexului-si-puterii-si-singura-nadejde-care-conteaza\\\/#primaryimage\",\"url\":\"https:\\\/\\\/biblia.md\\\/wp-content\\\/uploads\\\/2026\\\/02\\\/0000008254.jpg\",\"contentUrl\":\"https:\\\/\\\/biblia.md\\\/wp-content\\\/uploads\\\/2026\\\/02\\\/0000008254.jpg\",\"width\":481,\"height\":700},{\"@type\":\"BreadcrumbList\",\"@id\":\"https:\\\/\\\/biblia.md\\\/shop\\\/idolii-unei-inimi-promisiunile-desarte-ale-banilor-sexului-si-puterii-si-singura-nadejde-care-conteaza\\\/#breadcrumb\",\"itemListElement\":[{\"@type\":\"ListItem\",\"position\":1,\"name\":\"Prima pagin\u0103\",\"item\":\"https:\\\/\\\/biblia.md\\\/\"},{\"@type\":\"ListItem\",\"position\":2,\"name\":\"Shop\",\"item\":\"https:\\\/\\\/biblia.md\\\/shop\\\/\"},{\"@type\":\"ListItem\",\"position\":3,\"name\":\"Idolii unei inimi &#8211; Promisiunile de\u0219arte ale banilor, sexului si puterii si singura nadejde care conteaza\"}]},{\"@type\":\"WebSite\",\"@id\":\"https:\\\/\\\/biblia.md\\\/#website\",\"url\":\"https:\\\/\\\/biblia.md\\\/\",\"name\":\"Societatea Biblic\u0103 din Moldova\",\"description\":\"\",\"publisher\":{\"@id\":\"https:\\\/\\\/biblia.md\\\/#organization\"},\"potentialAction\":[{\"@type\":\"SearchAction\",\"target\":{\"@type\":\"EntryPoint\",\"urlTemplate\":\"https:\\\/\\\/biblia.md\\\/?s={search_term_string}\"},\"query-input\":{\"@type\":\"PropertyValueSpecification\",\"valueRequired\":true,\"valueName\":\"search_term_string\"}}],\"inLanguage\":\"ru-RU\"},{\"@type\":\"Organization\",\"@id\":\"https:\\\/\\\/biblia.md\\\/#organization\",\"name\":\"Societatea Biblic\u0103 din Moldova\",\"url\":\"https:\\\/\\\/biblia.md\\\/\",\"logo\":{\"@type\":\"ImageObject\",\"inLanguage\":\"ru-RU\",\"@id\":\"https:\\\/\\\/biblia.md\\\/#\\\/schema\\\/logo\\\/image\\\/\",\"url\":\"https:\\\/\\\/biblia.md\\\/wp-content\\\/uploads\\\/2026\\\/01\\\/icon_site.jpg\",\"contentUrl\":\"https:\\\/\\\/biblia.md\\\/wp-content\\\/uploads\\\/2026\\\/01\\\/icon_site.jpg\",\"width\":656,\"height\":656,\"caption\":\"Societatea Biblic\u0103 din Moldova\"},\"image\":{\"@id\":\"https:\\\/\\\/biblia.md\\\/#\\\/schema\\\/logo\\\/image\\\/\"},\"sameAs\":[\"https:\\\/\\\/www.facebook.com\\\/SocietateaBiblicaMoldova\\\/\",\"https:\\\/\\\/www.instagram.com\\\/biblia.md\\\/\"]}]}<\/script>\n<!-- \/ Yoast SEO plugin. -->","yoast_head_json":{"title":"Idolii unei inimi - Promisiunile de\u0219arte ale banilor, sexului si puterii si singura nadejde care conteaza - Societatea Biblic\u0103 din Moldova","robots":{"index":"index","follow":"follow","max-snippet":"max-snippet:-1","max-image-preview":"max-image-preview:large","max-video-preview":"max-video-preview:-1"},"canonical":"https:\/\/biblia.md\/ru\/shop\/idolii-unei-inimi-promisiunile-desarte-ale-banilor-sexului-si-puterii-si-singura-nadejde-care-conteaza\/","og_locale":"ru_RU","og_type":"article","og_title":"Idolii unei inimi - Promisiunile de\u0219arte ale banilor, sexului si puterii si singura nadejde care conteaza - Societatea Biblic\u0103 din Moldova","og_description":"Descoper\u0103 ce \u00ee\u021bi lipse\u0219te cu adev\u0103rat Iat\u0103 ce \u00ee\u0219i doresc oamenii cu ardoare: succes, iubire adev\u0103rat\u0103 \u0219i via\u021b\u0103 desprins\u0103 din pove\u0219ti. Mul\u021bi dintre noi am fost \u00eentr-o adev\u0103rat\u0103 goan\u0103 dup\u0103 aceste lucruri, crez\u00e2nd c\u0103 ele sunt cheia fericirii. Pe undeva, \u00eens\u0103, b\u0103nuiam c\u0103 niciunul din ele nu poate \u00eemplini ceea ce promite. De aceea ajungem, adeseori, s\u0103 ne sim\u021bim pierdu\u021bi, singuri, dezam\u0103gi\u021bi \u0219i plini de resentimente. Tocmai de aceea este a\u0219a de important s\u0103 ne amintim c\u0103 exist\u0103 un singur Dumnezeu care poate satisface pe deplin dorin\u021bele noastre \u2013 \u0219i acum este momentul perfect s\u0103-L \u00eent\u00e2lnim din nou sau pentru prima dat\u0103.  \u00cen\u00a0Idolii unei inimi,\u00a0Timothy Keller ne ajut\u0103 s\u0103 vedem cum o \u00een\u021belegere corect\u0103 a Bibliei dezv\u0103luie adev\u0103rul despre idealurile societ\u0103\u021bii, dar \u0219i despre idoilii inimilor noastre. Mesajul puternic \u0219i revelator al c\u0103r\u021bii \u00eent\u0103re\u0219te reputa\u021bia lui Keller de g\u00e2nditor critic \u0219i pastor de excep\u021bie.","og_url":"https:\/\/biblia.md\/ru\/shop\/idolii-unei-inimi-promisiunile-desarte-ale-banilor-sexului-si-puterii-si-singura-nadejde-care-conteaza\/","og_site_name":"Societatea Biblic\u0103 din Moldova","article_publisher":"https:\/\/www.facebook.com\/SocietateaBiblicaMoldova\/","article_modified_time":"2026-02-03T15:37:56+00:00","og_image":[{"width":481,"height":700,"url":"https:\/\/biblia.md\/wp-content\/uploads\/2026\/02\/0000008254.jpg","type":"image\/jpeg"}],"twitter_card":"summary_large_image","twitter_misc":{"\u041f\u0440\u0438\u043c\u0435\u0440\u043d\u043e\u0435 \u0432\u0440\u0435\u043c\u044f \u0434\u043b\u044f \u0447\u0442\u0435\u043d\u0438\u044f":"2 \u043c\u0438\u043d\u0443\u0442\u044b"},"schema":{"@context":"https:\/\/schema.org","@graph":[{"@type":"WebPage","@id":"https:\/\/biblia.md\/shop\/idolii-unei-inimi-promisiunile-desarte-ale-banilor-sexului-si-puterii-si-singura-nadejde-care-conteaza\/","url":"https:\/\/biblia.md\/shop\/idolii-unei-inimi-promisiunile-desarte-ale-banilor-sexului-si-puterii-si-singura-nadejde-care-conteaza\/","name":"Idolii unei inimi - Promisiunile de\u0219arte ale banilor, sexului si puterii si singura nadejde care conteaza - Societatea Biblic\u0103 din Moldova","isPartOf":{"@id":"https:\/\/biblia.md\/#website"},"primaryImageOfPage":{"@id":"https:\/\/biblia.md\/shop\/idolii-unei-inimi-promisiunile-desarte-ale-banilor-sexului-si-puterii-si-singura-nadejde-care-conteaza\/#primaryimage"},"image":{"@id":"https:\/\/biblia.md\/shop\/idolii-unei-inimi-promisiunile-desarte-ale-banilor-sexului-si-puterii-si-singura-nadejde-care-conteaza\/#primaryimage"},"thumbnailUrl":"https:\/\/biblia.md\/wp-content\/uploads\/2026\/02\/0000008254.jpg","datePublished":"2026-02-03T15:37:31+00:00","dateModified":"2026-02-03T15:37:56+00:00","breadcrumb":{"@id":"https:\/\/biblia.md\/shop\/idolii-unei-inimi-promisiunile-desarte-ale-banilor-sexului-si-puterii-si-singura-nadejde-care-conteaza\/#breadcrumb"},"inLanguage":"ru-RU","potentialAction":[{"@type":"ReadAction","target":["https:\/\/biblia.md\/shop\/idolii-unei-inimi-promisiunile-desarte-ale-banilor-sexului-si-puterii-si-singura-nadejde-care-conteaza\/"]}]},{"@type":"ImageObject","inLanguage":"ru-RU","@id":"https:\/\/biblia.md\/shop\/idolii-unei-inimi-promisiunile-desarte-ale-banilor-sexului-si-puterii-si-singura-nadejde-care-conteaza\/#primaryimage","url":"https:\/\/biblia.md\/wp-content\/uploads\/2026\/02\/0000008254.jpg","contentUrl":"https:\/\/biblia.md\/wp-content\/uploads\/2026\/02\/0000008254.jpg","width":481,"height":700},{"@type":"BreadcrumbList","@id":"https:\/\/biblia.md\/shop\/idolii-unei-inimi-promisiunile-desarte-ale-banilor-sexului-si-puterii-si-singura-nadejde-care-conteaza\/#breadcrumb","itemListElement":[{"@type":"ListItem","position":1,"name":"Prima pagin\u0103","item":"https:\/\/biblia.md\/"},{"@type":"ListItem","position":2,"name":"Shop","item":"https:\/\/biblia.md\/shop\/"},{"@type":"ListItem","position":3,"name":"Idolii unei inimi &#8211; Promisiunile de\u0219arte ale banilor, sexului si puterii si singura nadejde care conteaza"}]},{"@type":"WebSite","@id":"https:\/\/biblia.md\/#website","url":"https:\/\/biblia.md\/","name":"Societatea Biblic\u0103 din Moldova","description":"","publisher":{"@id":"https:\/\/biblia.md\/#organization"},"potentialAction":[{"@type":"SearchAction","target":{"@type":"EntryPoint","urlTemplate":"https:\/\/biblia.md\/?s={search_term_string}"},"query-input":{"@type":"PropertyValueSpecification","valueRequired":true,"valueName":"search_term_string"}}],"inLanguage":"ru-RU"},{"@type":"Organization","@id":"https:\/\/biblia.md\/#organization","name":"Societatea Biblic\u0103 din Moldova","url":"https:\/\/biblia.md\/","logo":{"@type":"ImageObject","inLanguage":"ru-RU","@id":"https:\/\/biblia.md\/#\/schema\/logo\/image\/","url":"https:\/\/biblia.md\/wp-content\/uploads\/2026\/01\/icon_site.jpg","contentUrl":"https:\/\/biblia.md\/wp-content\/uploads\/2026\/01\/icon_site.jpg","width":656,"height":656,"caption":"Societatea Biblic\u0103 din Moldova"},"image":{"@id":"https:\/\/biblia.md\/#\/schema\/logo\/image\/"},"sameAs":["https:\/\/www.facebook.com\/SocietateaBiblicaMoldova\/","https:\/\/www.instagram.com\/biblia.md\/"]}]}},"_links":{"self":[{"href":"https:\/\/biblia.md\/ru\/wp-json\/wp\/v2\/product\/33952","targetHints":{"allow":["GET"]}}],"collection":[{"href":"https:\/\/biblia.md\/ru\/wp-json\/wp\/v2\/product"}],"about":[{"href":"https:\/\/biblia.md\/ru\/wp-json\/wp\/v2\/types\/product"}],"replies":[{"embeddable":true,"href":"https:\/\/biblia.md\/ru\/wp-json\/wp\/v2\/comments?post=33952"}],"version-history":[{"count":3,"href":"https:\/\/biblia.md\/ru\/wp-json\/wp\/v2\/product\/33952\/revisions"}],"predecessor-version":[{"id":33957,"href":"https:\/\/biblia.md\/ru\/wp-json\/wp\/v2\/product\/33952\/revisions\/33957"}],"wp:featuredmedia":[{"embeddable":true,"href":"https:\/\/biblia.md\/ru\/wp-json\/wp\/v2\/media\/33953"}],"wp:attachment":[{"href":"https:\/\/biblia.md\/ru\/wp-json\/wp\/v2\/media?parent=33952"}],"wp:term":[{"taxonomy":"product_brand","embeddable":true,"href":"https:\/\/biblia.md\/ru\/wp-json\/wp\/v2\/product_brand?post=33952"},{"taxonomy":"product_cat","embeddable":true,"href":"https:\/\/biblia.md\/ru\/wp-json\/wp\/v2\/product_cat?post=33952"},{"taxonomy":"product_tag","embeddable":true,"href":"https:\/\/biblia.md\/ru\/wp-json\/wp\/v2\/product_tag?post=33952"}],"curies":[{"name":"wp","href":"https:\/\/api.w.org\/{rel}","templated":true}]}}