{"id":34041,"date":"2026-02-04T17:04:16","date_gmt":"2026-02-04T15:04:16","guid":{"rendered":"https:\/\/biblia.md\/?post_type=product&#038;p=34041"},"modified":"2026-02-04T17:04:16","modified_gmt":"2026-02-04T15:04:16","slug":"in-cautarea-fericirii-cum-sa-gasesti-adevarata-implinire-in-viata","status":"publish","type":"product","link":"https:\/\/biblia.md\/ru\/shop\/in-cautarea-fericirii-cum-sa-gasesti-adevarata-implinire-in-viata\/","title":{"rendered":"In cautarea fericirii &#8211; Cum sa gasesti adevarata implinire in viata"},"content":{"rendered":"<p><strong>Cuprins<\/strong><\/p>\n<p>Introducere 7<br \/>\nCAPITOLUL 1. Cum e\u0219ti fericit? 11<br \/>\nCAPITOLUL 2. C\u0103utarea fericirii pe strad\u0103 31<br \/>\nCAPITOLUL 3. Fericirea \u0219i lini\u0219tea sufleteasc\u0103 57<br \/>\nCAPITOLUL 4. Fericire, imagina\u021bie \u0219i copil\u0103rie 83<br \/>\nCAPITOLUL 5. Politica fericirii 109<br \/>\nCAPITOLUL 6. Fericirea \u00een lumea postmodern\u0103 127<br \/>\nCAPITOLUL 7. Este universul un loc fericit? 147<br \/>\nCAPITOLUL 8. Familii fericite 177<br \/>\nCAPITOLUL 9. Cu adev\u0103rat uman 203<br \/>\nCAPITOLUL 10. Via\u021ba cu adev\u0103rat fericit\u0103 229<br \/>\nCAPITOLUL 11. Dorin\u021ba dup\u0103 Dumnezeu 255<br \/>\nCAPITOLUL 12. Desf\u0103tarea \u00een Dumnezeu 281<br \/>\nBibliografie<\/p>","protected":false},"excerpt":{"rendered":"<p>Principala tez\u0103 a c\u0103r\u0163ii de fa\u0163\u0103 este aceea c\u0103 fericirea nu este un produs \u015fi nici m\u0103car o realizare personal\u0103. Dimpotriv\u0103, fericirea este rodul unei vie\u0163i care a primit mult, al bun\u0103t\u0103\u0163ii ar\u0103tate nou\u0103 de cei din jur \u015fi al iubirii d\u0103ruite \u015fi \u00eemp\u0103rt\u0103\u015fite. Fericirea ne poate ie\u015fi \u00een cale numai atunci c\u00e2nd tr\u0103im o via\u0163\u0103 puternic\u0103 \u00een rela\u0163ie cu oamenii de l\u00e2ng\u0103 noi.<br \/>\nCartea aceasta vrea s\u0103 ne ajute s\u0103 \u00een\u0163elegem ce este fericirea, de ce a intrat ea \u00een declin \u00een cultura noastr\u0103 \u015fi cum putem redescoperi noi \u00een\u015fine fericirea. Scopul central al c\u0103r\u0163ii este s\u0103 g\u0103seasc\u0103 adev\u0103rata surs\u0103 a fericirii \u015fi s\u0103 pun\u0103 o \u00eentrebare: pe cine putem pream\u0103ri pentru fericirea noastr\u0103?<\/p>\n<p>\u201eCert este c\u0103 nu exist\u0103 niciun bine f\u0103r\u0103 cunoa\u015fterea lui Dumnezeu; cu c\u00e2t te apropii mai mult, cu at\u00e2t vei fi mai fericit, \u015fi cu c\u00e2t te \u00eendep\u0103rtezi mai mult, cu at\u00e2t mai nefericit devii.\u201c &#8211; Blaise Pascal<\/p>","protected":false},"featured_media":34042,"comment_status":"open","ping_status":"closed","template":"","meta":[],"product_brand":[],"product_cat":[377,385],"product_tag":[],"class_list":{"0":"post-34041","1":"product","2":"type-product","3":"status-publish","4":"has-post-thumbnail","6":"product_cat-carti","7":"product_cat-dezvoltare-personala","8":"product_author-james-houston","9":"product_genre-knigi-rom","11":"first","12":"instock","13":"shipping-taxable","14":"purchasable","15":"product-type-simple"},"yoast_head":"<!-- This site is optimized with the Yoast SEO plugin v27.3 - https:\/\/yoast.com\/product\/yoast-seo-wordpress\/ -->\n<title>In cautarea fericirii - Cum sa gasesti adevarata implinire in viata - Societatea Biblic\u0103 din Moldova<\/title>\n<meta name=\"robots\" content=\"index, follow, max-snippet:-1, max-image-preview:large, max-video-preview:-1\" \/>\n<link rel=\"canonical\" href=\"https:\/\/biblia.md\/ru\/shop\/in-cautarea-fericirii-cum-sa-gasesti-adevarata-implinire-in-viata\/\" \/>\n<meta property=\"og:locale\" content=\"ru_RU\" \/>\n<meta property=\"og:type\" content=\"article\" \/>\n<meta property=\"og:title\" content=\"In cautarea fericirii - Cum sa gasesti adevarata implinire in viata - Societatea Biblic\u0103 din Moldova\" \/>\n<meta property=\"og:description\" content=\"Principala tez\u0103 a c\u0103r\u0163ii de fa\u0163\u0103 este aceea c\u0103 fericirea nu este un produs \u015fi nici m\u0103car o realizare personal\u0103. Dimpotriv\u0103, fericirea este rodul unei vie\u0163i care a primit mult, al bun\u0103t\u0103\u0163ii ar\u0103tate nou\u0103 de cei din jur \u015fi al iubirii d\u0103ruite \u015fi \u00eemp\u0103rt\u0103\u015fite. Fericirea ne poate ie\u015fi \u00een cale numai atunci c\u00e2nd tr\u0103im o via\u0163\u0103 puternic\u0103 \u00een rela\u0163ie cu oamenii de l\u00e2ng\u0103 noi. Cartea aceasta vrea s\u0103 ne ajute s\u0103 \u00een\u0163elegem ce este fericirea, de ce a intrat ea \u00een declin \u00een cultura noastr\u0103 \u015fi cum putem redescoperi noi \u00een\u015fine fericirea. Scopul central al c\u0103r\u0163ii este s\u0103 g\u0103seasc\u0103 adev\u0103rata surs\u0103 a fericirii \u015fi s\u0103 pun\u0103 o \u00eentrebare: pe cine putem pream\u0103ri pentru fericirea noastr\u0103?  \u201eCert este c\u0103 nu exist\u0103 niciun bine f\u0103r\u0103 cunoa\u015fterea lui Dumnezeu; cu c\u00e2t te apropii mai mult, cu at\u00e2t vei fi mai fericit, \u015fi cu c\u00e2t te \u00eendep\u0103rtezi mai mult, cu at\u00e2t mai nefericit devii.\u201c -- Blaise Pascal\" \/>\n<meta property=\"og:url\" content=\"https:\/\/biblia.md\/ru\/shop\/in-cautarea-fericirii-cum-sa-gasesti-adevarata-implinire-in-viata\/\" \/>\n<meta property=\"og:site_name\" content=\"Societatea Biblic\u0103 din Moldova\" \/>\n<meta property=\"article:publisher\" content=\"https:\/\/www.facebook.com\/SocietateaBiblicaMoldova\/\" \/>\n<meta property=\"og:image\" content=\"https:\/\/biblia.md\/wp-content\/uploads\/2026\/02\/0000000841.jpg\" \/>\n\t<meta property=\"og:image:width\" content=\"600\" \/>\n\t<meta property=\"og:image:height\" content=\"900\" \/>\n\t<meta property=\"og:image:type\" content=\"image\/jpeg\" \/>\n<meta name=\"twitter:card\" content=\"summary_large_image\" \/>\n<meta name=\"twitter:label1\" content=\"\u041f\u0440\u0438\u043c\u0435\u0440\u043d\u043e\u0435 \u0432\u0440\u0435\u043c\u044f \u0434\u043b\u044f \u0447\u0442\u0435\u043d\u0438\u044f\" \/>\n\t<meta name=\"twitter:data1\" content=\"1 \u043c\u0438\u043d\u0443\u0442\u0430\" \/>\n<script type=\"application\/ld+json\" class=\"yoast-schema-graph\">{\"@context\":\"https:\\\/\\\/schema.org\",\"@graph\":[{\"@type\":\"WebPage\",\"@id\":\"https:\\\/\\\/biblia.md\\\/shop\\\/in-cautarea-fericirii-cum-sa-gasesti-adevarata-implinire-in-viata\\\/\",\"url\":\"https:\\\/\\\/biblia.md\\\/shop\\\/in-cautarea-fericirii-cum-sa-gasesti-adevarata-implinire-in-viata\\\/\",\"name\":\"In cautarea fericirii - Cum sa gasesti adevarata implinire in viata - Societatea Biblic\u0103 din Moldova\",\"isPartOf\":{\"@id\":\"https:\\\/\\\/biblia.md\\\/#website\"},\"primaryImageOfPage\":{\"@id\":\"https:\\\/\\\/biblia.md\\\/shop\\\/in-cautarea-fericirii-cum-sa-gasesti-adevarata-implinire-in-viata\\\/#primaryimage\"},\"image\":{\"@id\":\"https:\\\/\\\/biblia.md\\\/shop\\\/in-cautarea-fericirii-cum-sa-gasesti-adevarata-implinire-in-viata\\\/#primaryimage\"},\"thumbnailUrl\":\"https:\\\/\\\/biblia.md\\\/wp-content\\\/uploads\\\/2026\\\/02\\\/0000000841.jpg\",\"datePublished\":\"2026-02-04T15:04:16+00:00\",\"breadcrumb\":{\"@id\":\"https:\\\/\\\/biblia.md\\\/shop\\\/in-cautarea-fericirii-cum-sa-gasesti-adevarata-implinire-in-viata\\\/#breadcrumb\"},\"inLanguage\":\"ru-RU\",\"potentialAction\":[{\"@type\":\"ReadAction\",\"target\":[\"https:\\\/\\\/biblia.md\\\/shop\\\/in-cautarea-fericirii-cum-sa-gasesti-adevarata-implinire-in-viata\\\/\"]}]},{\"@type\":\"ImageObject\",\"inLanguage\":\"ru-RU\",\"@id\":\"https:\\\/\\\/biblia.md\\\/shop\\\/in-cautarea-fericirii-cum-sa-gasesti-adevarata-implinire-in-viata\\\/#primaryimage\",\"url\":\"https:\\\/\\\/biblia.md\\\/wp-content\\\/uploads\\\/2026\\\/02\\\/0000000841.jpg\",\"contentUrl\":\"https:\\\/\\\/biblia.md\\\/wp-content\\\/uploads\\\/2026\\\/02\\\/0000000841.jpg\",\"width\":600,\"height\":900},{\"@type\":\"BreadcrumbList\",\"@id\":\"https:\\\/\\\/biblia.md\\\/shop\\\/in-cautarea-fericirii-cum-sa-gasesti-adevarata-implinire-in-viata\\\/#breadcrumb\",\"itemListElement\":[{\"@type\":\"ListItem\",\"position\":1,\"name\":\"Prima pagin\u0103\",\"item\":\"https:\\\/\\\/biblia.md\\\/\"},{\"@type\":\"ListItem\",\"position\":2,\"name\":\"Shop\",\"item\":\"https:\\\/\\\/biblia.md\\\/shop\\\/\"},{\"@type\":\"ListItem\",\"position\":3,\"name\":\"In cautarea fericirii &#8211; Cum sa gasesti adevarata implinire in viata\"}]},{\"@type\":\"WebSite\",\"@id\":\"https:\\\/\\\/biblia.md\\\/#website\",\"url\":\"https:\\\/\\\/biblia.md\\\/\",\"name\":\"Societatea Biblic\u0103 din Moldova\",\"description\":\"\",\"publisher\":{\"@id\":\"https:\\\/\\\/biblia.md\\\/#organization\"},\"potentialAction\":[{\"@type\":\"SearchAction\",\"target\":{\"@type\":\"EntryPoint\",\"urlTemplate\":\"https:\\\/\\\/biblia.md\\\/?s={search_term_string}\"},\"query-input\":{\"@type\":\"PropertyValueSpecification\",\"valueRequired\":true,\"valueName\":\"search_term_string\"}}],\"inLanguage\":\"ru-RU\"},{\"@type\":\"Organization\",\"@id\":\"https:\\\/\\\/biblia.md\\\/#organization\",\"name\":\"Societatea Biblic\u0103 din Moldova\",\"url\":\"https:\\\/\\\/biblia.md\\\/\",\"logo\":{\"@type\":\"ImageObject\",\"inLanguage\":\"ru-RU\",\"@id\":\"https:\\\/\\\/biblia.md\\\/#\\\/schema\\\/logo\\\/image\\\/\",\"url\":\"https:\\\/\\\/biblia.md\\\/wp-content\\\/uploads\\\/2026\\\/01\\\/icon_site.jpg\",\"contentUrl\":\"https:\\\/\\\/biblia.md\\\/wp-content\\\/uploads\\\/2026\\\/01\\\/icon_site.jpg\",\"width\":656,\"height\":656,\"caption\":\"Societatea Biblic\u0103 din Moldova\"},\"image\":{\"@id\":\"https:\\\/\\\/biblia.md\\\/#\\\/schema\\\/logo\\\/image\\\/\"},\"sameAs\":[\"https:\\\/\\\/www.facebook.com\\\/SocietateaBiblicaMoldova\\\/\",\"https:\\\/\\\/www.instagram.com\\\/biblia.md\\\/\"]}]}<\/script>\n<!-- \/ Yoast SEO plugin. -->","yoast_head_json":{"title":"In cautarea fericirii - Cum sa gasesti adevarata implinire in viata - Societatea Biblic\u0103 din Moldova","robots":{"index":"index","follow":"follow","max-snippet":"max-snippet:-1","max-image-preview":"max-image-preview:large","max-video-preview":"max-video-preview:-1"},"canonical":"https:\/\/biblia.md\/ru\/shop\/in-cautarea-fericirii-cum-sa-gasesti-adevarata-implinire-in-viata\/","og_locale":"ru_RU","og_type":"article","og_title":"In cautarea fericirii - Cum sa gasesti adevarata implinire in viata - Societatea Biblic\u0103 din Moldova","og_description":"Principala tez\u0103 a c\u0103r\u0163ii de fa\u0163\u0103 este aceea c\u0103 fericirea nu este un produs \u015fi nici m\u0103car o realizare personal\u0103. Dimpotriv\u0103, fericirea este rodul unei vie\u0163i care a primit mult, al bun\u0103t\u0103\u0163ii ar\u0103tate nou\u0103 de cei din jur \u015fi al iubirii d\u0103ruite \u015fi \u00eemp\u0103rt\u0103\u015fite. Fericirea ne poate ie\u015fi \u00een cale numai atunci c\u00e2nd tr\u0103im o via\u0163\u0103 puternic\u0103 \u00een rela\u0163ie cu oamenii de l\u00e2ng\u0103 noi. Cartea aceasta vrea s\u0103 ne ajute s\u0103 \u00een\u0163elegem ce este fericirea, de ce a intrat ea \u00een declin \u00een cultura noastr\u0103 \u015fi cum putem redescoperi noi \u00een\u015fine fericirea. Scopul central al c\u0103r\u0163ii este s\u0103 g\u0103seasc\u0103 adev\u0103rata surs\u0103 a fericirii \u015fi s\u0103 pun\u0103 o \u00eentrebare: pe cine putem pream\u0103ri pentru fericirea noastr\u0103?  \u201eCert este c\u0103 nu exist\u0103 niciun bine f\u0103r\u0103 cunoa\u015fterea lui Dumnezeu; cu c\u00e2t te apropii mai mult, cu at\u00e2t vei fi mai fericit, \u015fi cu c\u00e2t te \u00eendep\u0103rtezi mai mult, cu at\u00e2t mai nefericit devii.\u201c -- Blaise Pascal","og_url":"https:\/\/biblia.md\/ru\/shop\/in-cautarea-fericirii-cum-sa-gasesti-adevarata-implinire-in-viata\/","og_site_name":"Societatea Biblic\u0103 din Moldova","article_publisher":"https:\/\/www.facebook.com\/SocietateaBiblicaMoldova\/","og_image":[{"width":600,"height":900,"url":"https:\/\/biblia.md\/wp-content\/uploads\/2026\/02\/0000000841.jpg","type":"image\/jpeg"}],"twitter_card":"summary_large_image","twitter_misc":{"\u041f\u0440\u0438\u043c\u0435\u0440\u043d\u043e\u0435 \u0432\u0440\u0435\u043c\u044f \u0434\u043b\u044f \u0447\u0442\u0435\u043d\u0438\u044f":"1 \u043c\u0438\u043d\u0443\u0442\u0430"},"schema":{"@context":"https:\/\/schema.org","@graph":[{"@type":"WebPage","@id":"https:\/\/biblia.md\/shop\/in-cautarea-fericirii-cum-sa-gasesti-adevarata-implinire-in-viata\/","url":"https:\/\/biblia.md\/shop\/in-cautarea-fericirii-cum-sa-gasesti-adevarata-implinire-in-viata\/","name":"In cautarea fericirii - Cum sa gasesti adevarata implinire in viata - Societatea Biblic\u0103 din Moldova","isPartOf":{"@id":"https:\/\/biblia.md\/#website"},"primaryImageOfPage":{"@id":"https:\/\/biblia.md\/shop\/in-cautarea-fericirii-cum-sa-gasesti-adevarata-implinire-in-viata\/#primaryimage"},"image":{"@id":"https:\/\/biblia.md\/shop\/in-cautarea-fericirii-cum-sa-gasesti-adevarata-implinire-in-viata\/#primaryimage"},"thumbnailUrl":"https:\/\/biblia.md\/wp-content\/uploads\/2026\/02\/0000000841.jpg","datePublished":"2026-02-04T15:04:16+00:00","breadcrumb":{"@id":"https:\/\/biblia.md\/shop\/in-cautarea-fericirii-cum-sa-gasesti-adevarata-implinire-in-viata\/#breadcrumb"},"inLanguage":"ru-RU","potentialAction":[{"@type":"ReadAction","target":["https:\/\/biblia.md\/shop\/in-cautarea-fericirii-cum-sa-gasesti-adevarata-implinire-in-viata\/"]}]},{"@type":"ImageObject","inLanguage":"ru-RU","@id":"https:\/\/biblia.md\/shop\/in-cautarea-fericirii-cum-sa-gasesti-adevarata-implinire-in-viata\/#primaryimage","url":"https:\/\/biblia.md\/wp-content\/uploads\/2026\/02\/0000000841.jpg","contentUrl":"https:\/\/biblia.md\/wp-content\/uploads\/2026\/02\/0000000841.jpg","width":600,"height":900},{"@type":"BreadcrumbList","@id":"https:\/\/biblia.md\/shop\/in-cautarea-fericirii-cum-sa-gasesti-adevarata-implinire-in-viata\/#breadcrumb","itemListElement":[{"@type":"ListItem","position":1,"name":"Prima pagin\u0103","item":"https:\/\/biblia.md\/"},{"@type":"ListItem","position":2,"name":"Shop","item":"https:\/\/biblia.md\/shop\/"},{"@type":"ListItem","position":3,"name":"In cautarea fericirii &#8211; Cum sa gasesti adevarata implinire in viata"}]},{"@type":"WebSite","@id":"https:\/\/biblia.md\/#website","url":"https:\/\/biblia.md\/","name":"Societatea Biblic\u0103 din Moldova","description":"","publisher":{"@id":"https:\/\/biblia.md\/#organization"},"potentialAction":[{"@type":"SearchAction","target":{"@type":"EntryPoint","urlTemplate":"https:\/\/biblia.md\/?s={search_term_string}"},"query-input":{"@type":"PropertyValueSpecification","valueRequired":true,"valueName":"search_term_string"}}],"inLanguage":"ru-RU"},{"@type":"Organization","@id":"https:\/\/biblia.md\/#organization","name":"Societatea Biblic\u0103 din Moldova","url":"https:\/\/biblia.md\/","logo":{"@type":"ImageObject","inLanguage":"ru-RU","@id":"https:\/\/biblia.md\/#\/schema\/logo\/image\/","url":"https:\/\/biblia.md\/wp-content\/uploads\/2026\/01\/icon_site.jpg","contentUrl":"https:\/\/biblia.md\/wp-content\/uploads\/2026\/01\/icon_site.jpg","width":656,"height":656,"caption":"Societatea Biblic\u0103 din Moldova"},"image":{"@id":"https:\/\/biblia.md\/#\/schema\/logo\/image\/"},"sameAs":["https:\/\/www.facebook.com\/SocietateaBiblicaMoldova\/","https:\/\/www.instagram.com\/biblia.md\/"]}]}},"_links":{"self":[{"href":"https:\/\/biblia.md\/ru\/wp-json\/wp\/v2\/product\/34041","targetHints":{"allow":["GET"]}}],"collection":[{"href":"https:\/\/biblia.md\/ru\/wp-json\/wp\/v2\/product"}],"about":[{"href":"https:\/\/biblia.md\/ru\/wp-json\/wp\/v2\/types\/product"}],"replies":[{"embeddable":true,"href":"https:\/\/biblia.md\/ru\/wp-json\/wp\/v2\/comments?post=34041"}],"version-history":[{"count":1,"href":"https:\/\/biblia.md\/ru\/wp-json\/wp\/v2\/product\/34041\/revisions"}],"predecessor-version":[{"id":34043,"href":"https:\/\/biblia.md\/ru\/wp-json\/wp\/v2\/product\/34041\/revisions\/34043"}],"wp:featuredmedia":[{"embeddable":true,"href":"https:\/\/biblia.md\/ru\/wp-json\/wp\/v2\/media\/34042"}],"wp:attachment":[{"href":"https:\/\/biblia.md\/ru\/wp-json\/wp\/v2\/media?parent=34041"}],"wp:term":[{"taxonomy":"product_brand","embeddable":true,"href":"https:\/\/biblia.md\/ru\/wp-json\/wp\/v2\/product_brand?post=34041"},{"taxonomy":"product_cat","embeddable":true,"href":"https:\/\/biblia.md\/ru\/wp-json\/wp\/v2\/product_cat?post=34041"},{"taxonomy":"product_tag","embeddable":true,"href":"https:\/\/biblia.md\/ru\/wp-json\/wp\/v2\/product_tag?post=34041"}],"curies":[{"name":"wp","href":"https:\/\/api.w.org\/{rel}","templated":true}]}}