{"id":34233,"date":"2026-02-06T16:53:13","date_gmt":"2026-02-06T14:53:13","guid":{"rendered":"https:\/\/biblia.md\/?post_type=product&#038;p=34233"},"modified":"2026-02-12T18:00:48","modified_gmt":"2026-02-12T16:00:48","slug":"inelul-familiei-lowenskold-charlotte-lowenskold-vol-2","status":"publish","type":"product","link":"https:\/\/biblia.md\/ru\/shop\/inelul-familiei-lowenskold-charlotte-lowenskold-vol-2\/","title":{"rendered":"Inelul familiei L\u00f6wensk\u00f6ld &#8211; Charlotte L\u00f6wensk\u00f6ld, Vol.2"},"content":{"rendered":"","protected":false},"excerpt":{"rendered":"<p data-start=\"145\" data-end=\"216\"><strong data-start=\"145\" data-end=\"216\">O poveste despre sacrificiu, r\u0103t\u0103cire \u0219i adev\u0103rata natur\u0103 a iubirii<\/strong><\/p>\n<p data-start=\"218\" data-end=\"604\">Charlotte, orfan\u0103 crescut\u0103 \u00een casa unui pastor, este logodit\u0103 de cinci ani cu Karl-Artur L\u00f6wensk\u00f6ld, un t\u00e2n\u0103r care \u00ee\u0219i descoper\u0103 \u00eentre timp chemarea spre preo\u021bie. Ajuns vicar \u00een aceea\u0219i cas\u0103 \u00een care a cunoscut-o pe Charlotte, Karl-Artur ajunge s\u0103 cread\u0103 c\u0103 logodnica sa este o piedic\u0103 \u00een calea slujirii lui Dumnezeu \u0219i rupe logodna, l\u0103s\u00e2nd-o expus\u0103 ru\u0219inii \u0219i dispre\u021bului celor din jur.<\/p>\n<p data-start=\"606\" data-end=\"866\">Pentru a-i proteja reputa\u021bia \u0219i a nu le provoca suferin\u021b\u0103 p\u0103rin\u021bilor adoptivi, Charlotte alege s\u0103 tac\u0103 \u2014 \u0219i, mai mult dec\u00e2t at\u00e2t, accept\u0103 o c\u0103s\u0103torie de convenien\u021b\u0103 cu bogatul Schagerstr\u00f6m. Este pre\u021bul suprem pe care \u00eel pl\u0103te\u0219te din dragoste pentru Karl-Artur.<\/p>\n<p data-start=\"868\" data-end=\"1243\">Dar dragostea, descoper\u0103 ea \u00een cele din urm\u0103, nu poate \u00eenflori acolo unde nu exist\u0103 empatie, c\u0103ldur\u0103 \u0219i omenie. Karl-Artur, mistuit de o pasiune rigid\u0103 pentru divinitate, pare incapabil de a iubi un om f\u0103r\u0103 a-l r\u0103ni. Charlotte va \u00een\u021belege c\u0103 adev\u0103rata iubire se afl\u0103 \u00een bun\u0103tatea, delicate\u021bea \u0219i generozitatea lui Schagerstr\u00f6m \u2014 \u0219i nu \u00een idealismul rece al fostului logodnic.<\/p>\n<p data-start=\"1245\" data-end=\"1431\">Un roman profund despre sufletul omenesc, despre r\u0103nile produse \u00een numele credin\u021bei \u0219i despre curajul de a c\u0103uta iubirea adev\u0103rat\u0103 \u2014 acolo unde ea se d\u0103ruie\u0219te cu bl\u00e2nde\u021be \u0219i \u00een\u021belegere.<\/p>","protected":false},"featured_media":34234,"comment_status":"open","ping_status":"closed","template":"","meta":[],"product_brand":[],"product_cat":[377,400],"product_tag":[],"class_list":{"0":"post-34233","1":"product","2":"type-product","3":"status-publish","4":"has-post-thumbnail","6":"product_cat-carti","7":"product_cat-romane-povestiri-nuvele","8":"product_author-selma-lagerlof","9":"product_genre-knigi-rom","11":"first","12":"outofstock","13":"shipping-taxable","14":"purchasable","15":"product-type-simple"},"yoast_head":"<!-- This site is optimized with the Yoast SEO plugin v27.3 - https:\/\/yoast.com\/product\/yoast-seo-wordpress\/ -->\n<title>Inelul familiei L\u00f6wensk\u00f6ld - Charlotte L\u00f6wensk\u00f6ld, Vol.2 - Societatea Biblic\u0103 din Moldova<\/title>\n<meta name=\"robots\" content=\"index, follow, max-snippet:-1, max-image-preview:large, max-video-preview:-1\" \/>\n<link rel=\"canonical\" href=\"https:\/\/biblia.md\/ru\/shop\/inelul-familiei-lowenskold-charlotte-lowenskold-vol-2\/\" \/>\n<meta property=\"og:locale\" content=\"ru_RU\" \/>\n<meta property=\"og:type\" content=\"article\" \/>\n<meta property=\"og:title\" content=\"Inelul familiei L\u00f6wensk\u00f6ld - Charlotte L\u00f6wensk\u00f6ld, Vol.2 - Societatea Biblic\u0103 din Moldova\" \/>\n<meta property=\"og:description\" content=\"O poveste despre sacrificiu, r\u0103t\u0103cire \u0219i adev\u0103rata natur\u0103 a iubirii Charlotte, orfan\u0103 crescut\u0103 \u00een casa unui pastor, este logodit\u0103 de cinci ani cu Karl-Artur L\u00f6wensk\u00f6ld, un t\u00e2n\u0103r care \u00ee\u0219i descoper\u0103 \u00eentre timp chemarea spre preo\u021bie. Ajuns vicar \u00een aceea\u0219i cas\u0103 \u00een care a cunoscut-o pe Charlotte, Karl-Artur ajunge s\u0103 cread\u0103 c\u0103 logodnica sa este o piedic\u0103 \u00een calea slujirii lui Dumnezeu \u0219i rupe logodna, l\u0103s\u00e2nd-o expus\u0103 ru\u0219inii \u0219i dispre\u021bului celor din jur. Pentru a-i proteja reputa\u021bia \u0219i a nu le provoca suferin\u021b\u0103 p\u0103rin\u021bilor adoptivi, Charlotte alege s\u0103 tac\u0103 \u2014 \u0219i, mai mult dec\u00e2t at\u00e2t, accept\u0103 o c\u0103s\u0103torie de convenien\u021b\u0103 cu bogatul Schagerstr\u00f6m. Este pre\u021bul suprem pe care \u00eel pl\u0103te\u0219te din dragoste pentru Karl-Artur. Dar dragostea, descoper\u0103 ea \u00een cele din urm\u0103, nu poate \u00eenflori acolo unde nu exist\u0103 empatie, c\u0103ldur\u0103 \u0219i omenie. Karl-Artur, mistuit de o pasiune rigid\u0103 pentru divinitate, pare incapabil de a iubi un om f\u0103r\u0103 a-l r\u0103ni. Charlotte va \u00een\u021belege c\u0103 adev\u0103rata iubire se afl\u0103 \u00een bun\u0103tatea, delicate\u021bea \u0219i generozitatea lui Schagerstr\u00f6m \u2014 \u0219i nu \u00een idealismul rece al fostului logodnic. Un roman profund despre sufletul omenesc, despre r\u0103nile produse \u00een numele credin\u021bei \u0219i despre curajul de a c\u0103uta iubirea adev\u0103rat\u0103 \u2014 acolo unde ea se d\u0103ruie\u0219te cu bl\u00e2nde\u021be \u0219i \u00een\u021belegere.\" \/>\n<meta property=\"og:url\" content=\"https:\/\/biblia.md\/ru\/shop\/inelul-familiei-lowenskold-charlotte-lowenskold-vol-2\/\" \/>\n<meta property=\"og:site_name\" content=\"Societatea Biblic\u0103 din Moldova\" \/>\n<meta property=\"article:publisher\" content=\"https:\/\/www.facebook.com\/SocietateaBiblicaMoldova\/\" \/>\n<meta property=\"article:modified_time\" content=\"2026-02-12T16:00:48+00:00\" \/>\n<meta property=\"og:image\" content=\"https:\/\/biblia.md\/wp-content\/uploads\/2026\/02\/0000008282.jpg\" \/>\n\t<meta property=\"og:image:width\" content=\"363\" \/>\n\t<meta property=\"og:image:height\" content=\"565\" \/>\n\t<meta property=\"og:image:type\" content=\"image\/jpeg\" \/>\n<meta name=\"twitter:card\" content=\"summary_large_image\" \/>\n<meta name=\"twitter:label1\" content=\"\u041f\u0440\u0438\u043c\u0435\u0440\u043d\u043e\u0435 \u0432\u0440\u0435\u043c\u044f \u0434\u043b\u044f \u0447\u0442\u0435\u043d\u0438\u044f\" \/>\n\t<meta name=\"twitter:data1\" content=\"1 \u043c\u0438\u043d\u0443\u0442\u0430\" \/>\n<script type=\"application\/ld+json\" class=\"yoast-schema-graph\">{\"@context\":\"https:\\\/\\\/schema.org\",\"@graph\":[{\"@type\":\"WebPage\",\"@id\":\"https:\\\/\\\/biblia.md\\\/shop\\\/inelul-familiei-lowenskold-charlotte-lowenskold-vol-2\\\/\",\"url\":\"https:\\\/\\\/biblia.md\\\/shop\\\/inelul-familiei-lowenskold-charlotte-lowenskold-vol-2\\\/\",\"name\":\"Inelul familiei L\u00f6wensk\u00f6ld - Charlotte L\u00f6wensk\u00f6ld, Vol.2 - Societatea Biblic\u0103 din Moldova\",\"isPartOf\":{\"@id\":\"https:\\\/\\\/biblia.md\\\/#website\"},\"primaryImageOfPage\":{\"@id\":\"https:\\\/\\\/biblia.md\\\/shop\\\/inelul-familiei-lowenskold-charlotte-lowenskold-vol-2\\\/#primaryimage\"},\"image\":{\"@id\":\"https:\\\/\\\/biblia.md\\\/shop\\\/inelul-familiei-lowenskold-charlotte-lowenskold-vol-2\\\/#primaryimage\"},\"thumbnailUrl\":\"https:\\\/\\\/biblia.md\\\/wp-content\\\/uploads\\\/2026\\\/02\\\/0000008282.jpg\",\"datePublished\":\"2026-02-06T14:53:13+00:00\",\"dateModified\":\"2026-02-12T16:00:48+00:00\",\"breadcrumb\":{\"@id\":\"https:\\\/\\\/biblia.md\\\/shop\\\/inelul-familiei-lowenskold-charlotte-lowenskold-vol-2\\\/#breadcrumb\"},\"inLanguage\":\"ru-RU\",\"potentialAction\":[{\"@type\":\"ReadAction\",\"target\":[\"https:\\\/\\\/biblia.md\\\/shop\\\/inelul-familiei-lowenskold-charlotte-lowenskold-vol-2\\\/\"]}]},{\"@type\":\"ImageObject\",\"inLanguage\":\"ru-RU\",\"@id\":\"https:\\\/\\\/biblia.md\\\/shop\\\/inelul-familiei-lowenskold-charlotte-lowenskold-vol-2\\\/#primaryimage\",\"url\":\"https:\\\/\\\/biblia.md\\\/wp-content\\\/uploads\\\/2026\\\/02\\\/0000008282.jpg\",\"contentUrl\":\"https:\\\/\\\/biblia.md\\\/wp-content\\\/uploads\\\/2026\\\/02\\\/0000008282.jpg\",\"width\":363,\"height\":565},{\"@type\":\"BreadcrumbList\",\"@id\":\"https:\\\/\\\/biblia.md\\\/shop\\\/inelul-familiei-lowenskold-charlotte-lowenskold-vol-2\\\/#breadcrumb\",\"itemListElement\":[{\"@type\":\"ListItem\",\"position\":1,\"name\":\"Prima pagin\u0103\",\"item\":\"https:\\\/\\\/biblia.md\\\/\"},{\"@type\":\"ListItem\",\"position\":2,\"name\":\"Shop\",\"item\":\"https:\\\/\\\/biblia.md\\\/shop\\\/\"},{\"@type\":\"ListItem\",\"position\":3,\"name\":\"Inelul familiei L\u00f6wensk\u00f6ld &#8211; Charlotte L\u00f6wensk\u00f6ld, Vol.2\"}]},{\"@type\":\"WebSite\",\"@id\":\"https:\\\/\\\/biblia.md\\\/#website\",\"url\":\"https:\\\/\\\/biblia.md\\\/\",\"name\":\"Societatea Biblic\u0103 din Moldova\",\"description\":\"\",\"publisher\":{\"@id\":\"https:\\\/\\\/biblia.md\\\/#organization\"},\"potentialAction\":[{\"@type\":\"SearchAction\",\"target\":{\"@type\":\"EntryPoint\",\"urlTemplate\":\"https:\\\/\\\/biblia.md\\\/?s={search_term_string}\"},\"query-input\":{\"@type\":\"PropertyValueSpecification\",\"valueRequired\":true,\"valueName\":\"search_term_string\"}}],\"inLanguage\":\"ru-RU\"},{\"@type\":\"Organization\",\"@id\":\"https:\\\/\\\/biblia.md\\\/#organization\",\"name\":\"Societatea Biblic\u0103 din Moldova\",\"url\":\"https:\\\/\\\/biblia.md\\\/\",\"logo\":{\"@type\":\"ImageObject\",\"inLanguage\":\"ru-RU\",\"@id\":\"https:\\\/\\\/biblia.md\\\/#\\\/schema\\\/logo\\\/image\\\/\",\"url\":\"https:\\\/\\\/biblia.md\\\/wp-content\\\/uploads\\\/2026\\\/01\\\/icon_site.jpg\",\"contentUrl\":\"https:\\\/\\\/biblia.md\\\/wp-content\\\/uploads\\\/2026\\\/01\\\/icon_site.jpg\",\"width\":656,\"height\":656,\"caption\":\"Societatea Biblic\u0103 din Moldova\"},\"image\":{\"@id\":\"https:\\\/\\\/biblia.md\\\/#\\\/schema\\\/logo\\\/image\\\/\"},\"sameAs\":[\"https:\\\/\\\/www.facebook.com\\\/SocietateaBiblicaMoldova\\\/\",\"https:\\\/\\\/www.instagram.com\\\/biblia.md\\\/\"]}]}<\/script>\n<!-- \/ Yoast SEO plugin. -->","yoast_head_json":{"title":"Inelul familiei L\u00f6wensk\u00f6ld - Charlotte L\u00f6wensk\u00f6ld, Vol.2 - Societatea Biblic\u0103 din Moldova","robots":{"index":"index","follow":"follow","max-snippet":"max-snippet:-1","max-image-preview":"max-image-preview:large","max-video-preview":"max-video-preview:-1"},"canonical":"https:\/\/biblia.md\/ru\/shop\/inelul-familiei-lowenskold-charlotte-lowenskold-vol-2\/","og_locale":"ru_RU","og_type":"article","og_title":"Inelul familiei L\u00f6wensk\u00f6ld - Charlotte L\u00f6wensk\u00f6ld, Vol.2 - Societatea Biblic\u0103 din Moldova","og_description":"O poveste despre sacrificiu, r\u0103t\u0103cire \u0219i adev\u0103rata natur\u0103 a iubirii Charlotte, orfan\u0103 crescut\u0103 \u00een casa unui pastor, este logodit\u0103 de cinci ani cu Karl-Artur L\u00f6wensk\u00f6ld, un t\u00e2n\u0103r care \u00ee\u0219i descoper\u0103 \u00eentre timp chemarea spre preo\u021bie. Ajuns vicar \u00een aceea\u0219i cas\u0103 \u00een care a cunoscut-o pe Charlotte, Karl-Artur ajunge s\u0103 cread\u0103 c\u0103 logodnica sa este o piedic\u0103 \u00een calea slujirii lui Dumnezeu \u0219i rupe logodna, l\u0103s\u00e2nd-o expus\u0103 ru\u0219inii \u0219i dispre\u021bului celor din jur. Pentru a-i proteja reputa\u021bia \u0219i a nu le provoca suferin\u021b\u0103 p\u0103rin\u021bilor adoptivi, Charlotte alege s\u0103 tac\u0103 \u2014 \u0219i, mai mult dec\u00e2t at\u00e2t, accept\u0103 o c\u0103s\u0103torie de convenien\u021b\u0103 cu bogatul Schagerstr\u00f6m. Este pre\u021bul suprem pe care \u00eel pl\u0103te\u0219te din dragoste pentru Karl-Artur. Dar dragostea, descoper\u0103 ea \u00een cele din urm\u0103, nu poate \u00eenflori acolo unde nu exist\u0103 empatie, c\u0103ldur\u0103 \u0219i omenie. Karl-Artur, mistuit de o pasiune rigid\u0103 pentru divinitate, pare incapabil de a iubi un om f\u0103r\u0103 a-l r\u0103ni. Charlotte va \u00een\u021belege c\u0103 adev\u0103rata iubire se afl\u0103 \u00een bun\u0103tatea, delicate\u021bea \u0219i generozitatea lui Schagerstr\u00f6m \u2014 \u0219i nu \u00een idealismul rece al fostului logodnic. Un roman profund despre sufletul omenesc, despre r\u0103nile produse \u00een numele credin\u021bei \u0219i despre curajul de a c\u0103uta iubirea adev\u0103rat\u0103 \u2014 acolo unde ea se d\u0103ruie\u0219te cu bl\u00e2nde\u021be \u0219i \u00een\u021belegere.","og_url":"https:\/\/biblia.md\/ru\/shop\/inelul-familiei-lowenskold-charlotte-lowenskold-vol-2\/","og_site_name":"Societatea Biblic\u0103 din Moldova","article_publisher":"https:\/\/www.facebook.com\/SocietateaBiblicaMoldova\/","article_modified_time":"2026-02-12T16:00:48+00:00","og_image":[{"width":363,"height":565,"url":"https:\/\/biblia.md\/wp-content\/uploads\/2026\/02\/0000008282.jpg","type":"image\/jpeg"}],"twitter_card":"summary_large_image","twitter_misc":{"\u041f\u0440\u0438\u043c\u0435\u0440\u043d\u043e\u0435 \u0432\u0440\u0435\u043c\u044f \u0434\u043b\u044f \u0447\u0442\u0435\u043d\u0438\u044f":"1 \u043c\u0438\u043d\u0443\u0442\u0430"},"schema":{"@context":"https:\/\/schema.org","@graph":[{"@type":"WebPage","@id":"https:\/\/biblia.md\/shop\/inelul-familiei-lowenskold-charlotte-lowenskold-vol-2\/","url":"https:\/\/biblia.md\/shop\/inelul-familiei-lowenskold-charlotte-lowenskold-vol-2\/","name":"Inelul familiei L\u00f6wensk\u00f6ld - Charlotte L\u00f6wensk\u00f6ld, Vol.2 - Societatea Biblic\u0103 din Moldova","isPartOf":{"@id":"https:\/\/biblia.md\/#website"},"primaryImageOfPage":{"@id":"https:\/\/biblia.md\/shop\/inelul-familiei-lowenskold-charlotte-lowenskold-vol-2\/#primaryimage"},"image":{"@id":"https:\/\/biblia.md\/shop\/inelul-familiei-lowenskold-charlotte-lowenskold-vol-2\/#primaryimage"},"thumbnailUrl":"https:\/\/biblia.md\/wp-content\/uploads\/2026\/02\/0000008282.jpg","datePublished":"2026-02-06T14:53:13+00:00","dateModified":"2026-02-12T16:00:48+00:00","breadcrumb":{"@id":"https:\/\/biblia.md\/shop\/inelul-familiei-lowenskold-charlotte-lowenskold-vol-2\/#breadcrumb"},"inLanguage":"ru-RU","potentialAction":[{"@type":"ReadAction","target":["https:\/\/biblia.md\/shop\/inelul-familiei-lowenskold-charlotte-lowenskold-vol-2\/"]}]},{"@type":"ImageObject","inLanguage":"ru-RU","@id":"https:\/\/biblia.md\/shop\/inelul-familiei-lowenskold-charlotte-lowenskold-vol-2\/#primaryimage","url":"https:\/\/biblia.md\/wp-content\/uploads\/2026\/02\/0000008282.jpg","contentUrl":"https:\/\/biblia.md\/wp-content\/uploads\/2026\/02\/0000008282.jpg","width":363,"height":565},{"@type":"BreadcrumbList","@id":"https:\/\/biblia.md\/shop\/inelul-familiei-lowenskold-charlotte-lowenskold-vol-2\/#breadcrumb","itemListElement":[{"@type":"ListItem","position":1,"name":"Prima pagin\u0103","item":"https:\/\/biblia.md\/"},{"@type":"ListItem","position":2,"name":"Shop","item":"https:\/\/biblia.md\/shop\/"},{"@type":"ListItem","position":3,"name":"Inelul familiei L\u00f6wensk\u00f6ld &#8211; Charlotte L\u00f6wensk\u00f6ld, Vol.2"}]},{"@type":"WebSite","@id":"https:\/\/biblia.md\/#website","url":"https:\/\/biblia.md\/","name":"Societatea Biblic\u0103 din Moldova","description":"","publisher":{"@id":"https:\/\/biblia.md\/#organization"},"potentialAction":[{"@type":"SearchAction","target":{"@type":"EntryPoint","urlTemplate":"https:\/\/biblia.md\/?s={search_term_string}"},"query-input":{"@type":"PropertyValueSpecification","valueRequired":true,"valueName":"search_term_string"}}],"inLanguage":"ru-RU"},{"@type":"Organization","@id":"https:\/\/biblia.md\/#organization","name":"Societatea Biblic\u0103 din Moldova","url":"https:\/\/biblia.md\/","logo":{"@type":"ImageObject","inLanguage":"ru-RU","@id":"https:\/\/biblia.md\/#\/schema\/logo\/image\/","url":"https:\/\/biblia.md\/wp-content\/uploads\/2026\/01\/icon_site.jpg","contentUrl":"https:\/\/biblia.md\/wp-content\/uploads\/2026\/01\/icon_site.jpg","width":656,"height":656,"caption":"Societatea Biblic\u0103 din Moldova"},"image":{"@id":"https:\/\/biblia.md\/#\/schema\/logo\/image\/"},"sameAs":["https:\/\/www.facebook.com\/SocietateaBiblicaMoldova\/","https:\/\/www.instagram.com\/biblia.md\/"]}]}},"_links":{"self":[{"href":"https:\/\/biblia.md\/ru\/wp-json\/wp\/v2\/product\/34233","targetHints":{"allow":["GET"]}}],"collection":[{"href":"https:\/\/biblia.md\/ru\/wp-json\/wp\/v2\/product"}],"about":[{"href":"https:\/\/biblia.md\/ru\/wp-json\/wp\/v2\/types\/product"}],"replies":[{"embeddable":true,"href":"https:\/\/biblia.md\/ru\/wp-json\/wp\/v2\/comments?post=34233"}],"version-history":[{"count":1,"href":"https:\/\/biblia.md\/ru\/wp-json\/wp\/v2\/product\/34233\/revisions"}],"predecessor-version":[{"id":34235,"href":"https:\/\/biblia.md\/ru\/wp-json\/wp\/v2\/product\/34233\/revisions\/34235"}],"wp:featuredmedia":[{"embeddable":true,"href":"https:\/\/biblia.md\/ru\/wp-json\/wp\/v2\/media\/34234"}],"wp:attachment":[{"href":"https:\/\/biblia.md\/ru\/wp-json\/wp\/v2\/media?parent=34233"}],"wp:term":[{"taxonomy":"product_brand","embeddable":true,"href":"https:\/\/biblia.md\/ru\/wp-json\/wp\/v2\/product_brand?post=34233"},{"taxonomy":"product_cat","embeddable":true,"href":"https:\/\/biblia.md\/ru\/wp-json\/wp\/v2\/product_cat?post=34233"},{"taxonomy":"product_tag","embeddable":true,"href":"https:\/\/biblia.md\/ru\/wp-json\/wp\/v2\/product_tag?post=34233"}],"curies":[{"name":"wp","href":"https:\/\/api.w.org\/{rel}","templated":true}]}}