{"id":34236,"date":"2026-02-06T16:57:20","date_gmt":"2026-02-06T14:57:20","guid":{"rendered":"https:\/\/biblia.md\/?post_type=product&#038;p=34236"},"modified":"2026-02-06T16:57:20","modified_gmt":"2026-02-06T14:57:20","slug":"inelul-familiei-lowenskold-inelul-blestemat-vol-1","status":"publish","type":"product","link":"https:\/\/biblia.md\/ru\/shop\/inelul-familiei-lowenskold-inelul-blestemat-vol-1\/","title":{"rendered":"Inelul familiei L\u00f6wensk\u00f6ld &#8211; Inelul blestemat, Vol.1"},"content":{"rendered":"<p><em data-start=\"241\" data-end=\"349\">\u201eDintre toate femeile de mare talent sau geniale, niciuna, \u00een opinia mea, nu o \u00eentrece pe Selma Lagerl\u00f6f.\u201d<\/em><br data-start=\"349\" data-end=\"352\" \/>\u2014\u00a0<em data-start=\"356\" data-end=\"378\">Marguerite Yourcenar<\/em><\/p>\n<p><em data-start=\"758\" data-end=\"971\">\u201e\u0218tiu bine c\u0103 odinioar\u0103 existau b\u0103rba\u021bi care nu cuno\u0219teau frica&#8230; M\u0103 \u00eentreb, totu\u0219i, dac\u0103 vreunul dintre ei ar fi avut curajul s\u0103-\u0219i pun\u0103 pe deget teribilul inel ce i-a apar\u021binut b\u0103tr\u00e2nului general L\u00f6wensk\u00f6ld.\u201d<\/em><br data-start=\"971\" data-end=\"974\" \/>\u2014\u00a0<em data-start=\"978\" data-end=\"994\">Selma Lagerl\u00f6f<\/em><\/p>","protected":false},"excerpt":{"rendered":"<p>Un inel de aur, \u00eempodobit cu un agat rar \u2014 dar regal, furat de pe degetul unui mort \u2014 declan\u0219eaz\u0103 o poveste \u00een care l\u0103comia, dorin\u021ba \u0219i blestemul se \u00eempletesc \u00eentr-un destin tragic. De-a lungul genera\u021biilor, fantoma b\u0103tr\u00e2nului general L\u00f6wensk\u00f6ld din Hedeby b\u00e2ntuie f\u0103r\u0103 mil\u0103 pe cei care i-au profanat morm\u00e2ntul, dar \u0219i pe nevinova\u021bii care ajung, f\u0103r\u0103 voie, s\u0103 poarte inelul.<\/p>\n<p><strong data-start=\"996\" data-end=\"1041\">O c\u0103l\u0103torie hipnotic\u0103 prin spa\u021biu \u0219i timp<\/strong>, aceast\u0103 poveste fascinant\u0103 poart\u0103 amprenta inconfundabil\u0103 a genialei Selma Lagerl\u00f6f \u2014 autoare inspirat\u0103 de legendele \u0219i istoria \u021binuturilor sale natale. Cu un talent narativ excep\u021bional, Lagerl\u00f6f reu\u0219e\u0219te s\u0103 transforme o simpl\u0103 legend\u0103 \u00eentr-o medita\u021bie profund\u0103 despre destin, vinov\u0103\u021bie \u0219i mo\u0219tenirea nev\u0103zut\u0103 a trecutului.<\/p>\n<p><strong data-start=\"160\" data-end=\"237\">Selma Lagerl\u00f6f \u2013 prima femeie distins\u0103 cu Premiul Nobel pentru Literatur\u0103<\/strong><\/p>","protected":false},"featured_media":34237,"comment_status":"open","ping_status":"closed","template":"","meta":[],"product_brand":[],"product_cat":[377,400],"product_tag":[],"class_list":{"0":"post-34236","1":"product","2":"type-product","3":"status-publish","4":"has-post-thumbnail","6":"product_cat-carti","7":"product_cat-romane-povestiri-nuvele","8":"product_author-selma-lagerlof","9":"product_genre-knigi-rom","11":"first","12":"instock","13":"shipping-taxable","14":"purchasable","15":"product-type-simple"},"yoast_head":"<!-- This site is optimized with the Yoast SEO plugin v27.3 - https:\/\/yoast.com\/product\/yoast-seo-wordpress\/ -->\n<title>Inelul familiei L\u00f6wensk\u00f6ld - Inelul blestemat, Vol.1 - Societatea Biblic\u0103 din Moldova<\/title>\n<meta name=\"robots\" content=\"index, follow, max-snippet:-1, max-image-preview:large, max-video-preview:-1\" \/>\n<link rel=\"canonical\" href=\"https:\/\/biblia.md\/ru\/shop\/inelul-familiei-lowenskold-inelul-blestemat-vol-1\/\" \/>\n<meta property=\"og:locale\" content=\"ru_RU\" \/>\n<meta property=\"og:type\" content=\"article\" \/>\n<meta property=\"og:title\" content=\"Inelul familiei L\u00f6wensk\u00f6ld - Inelul blestemat, Vol.1 - Societatea Biblic\u0103 din Moldova\" \/>\n<meta property=\"og:description\" content=\"Un inel de aur, \u00eempodobit cu un agat rar \u2014 dar regal, furat de pe degetul unui mort \u2014 declan\u0219eaz\u0103 o poveste \u00een care l\u0103comia, dorin\u021ba \u0219i blestemul se \u00eempletesc \u00eentr-un destin tragic. De-a lungul genera\u021biilor, fantoma b\u0103tr\u00e2nului general L\u00f6wensk\u00f6ld din Hedeby b\u00e2ntuie f\u0103r\u0103 mil\u0103 pe cei care i-au profanat morm\u00e2ntul, dar \u0219i pe nevinova\u021bii care ajung, f\u0103r\u0103 voie, s\u0103 poarte inelul.  O c\u0103l\u0103torie hipnotic\u0103 prin spa\u021biu \u0219i timp, aceast\u0103 poveste fascinant\u0103 poart\u0103 amprenta inconfundabil\u0103 a genialei Selma Lagerl\u00f6f \u2014 autoare inspirat\u0103 de legendele \u0219i istoria \u021binuturilor sale natale. Cu un talent narativ excep\u021bional, Lagerl\u00f6f reu\u0219e\u0219te s\u0103 transforme o simpl\u0103 legend\u0103 \u00eentr-o medita\u021bie profund\u0103 despre destin, vinov\u0103\u021bie \u0219i mo\u0219tenirea nev\u0103zut\u0103 a trecutului.  Selma Lagerl\u00f6f \u2013 prima femeie distins\u0103 cu Premiul Nobel pentru Literatur\u0103\" \/>\n<meta property=\"og:url\" content=\"https:\/\/biblia.md\/ru\/shop\/inelul-familiei-lowenskold-inelul-blestemat-vol-1\/\" \/>\n<meta property=\"og:site_name\" content=\"Societatea Biblic\u0103 din Moldova\" \/>\n<meta property=\"article:publisher\" content=\"https:\/\/www.facebook.com\/SocietateaBiblicaMoldova\/\" \/>\n<meta property=\"og:image\" content=\"https:\/\/biblia.md\/wp-content\/uploads\/2026\/02\/0000008281.jpg\" \/>\n\t<meta property=\"og:image:width\" content=\"363\" \/>\n\t<meta property=\"og:image:height\" content=\"569\" \/>\n\t<meta property=\"og:image:type\" content=\"image\/jpeg\" \/>\n<meta name=\"twitter:card\" content=\"summary_large_image\" \/>\n<meta name=\"twitter:label1\" content=\"\u041f\u0440\u0438\u043c\u0435\u0440\u043d\u043e\u0435 \u0432\u0440\u0435\u043c\u044f \u0434\u043b\u044f \u0447\u0442\u0435\u043d\u0438\u044f\" \/>\n\t<meta name=\"twitter:data1\" content=\"1 \u043c\u0438\u043d\u0443\u0442\u0430\" \/>\n<script type=\"application\/ld+json\" class=\"yoast-schema-graph\">{\"@context\":\"https:\\\/\\\/schema.org\",\"@graph\":[{\"@type\":\"WebPage\",\"@id\":\"https:\\\/\\\/biblia.md\\\/shop\\\/inelul-familiei-lowenskold-inelul-blestemat-vol-1\\\/\",\"url\":\"https:\\\/\\\/biblia.md\\\/shop\\\/inelul-familiei-lowenskold-inelul-blestemat-vol-1\\\/\",\"name\":\"Inelul familiei L\u00f6wensk\u00f6ld - Inelul blestemat, Vol.1 - Societatea Biblic\u0103 din Moldova\",\"isPartOf\":{\"@id\":\"https:\\\/\\\/biblia.md\\\/#website\"},\"primaryImageOfPage\":{\"@id\":\"https:\\\/\\\/biblia.md\\\/shop\\\/inelul-familiei-lowenskold-inelul-blestemat-vol-1\\\/#primaryimage\"},\"image\":{\"@id\":\"https:\\\/\\\/biblia.md\\\/shop\\\/inelul-familiei-lowenskold-inelul-blestemat-vol-1\\\/#primaryimage\"},\"thumbnailUrl\":\"https:\\\/\\\/biblia.md\\\/wp-content\\\/uploads\\\/2026\\\/02\\\/0000008281.jpg\",\"datePublished\":\"2026-02-06T14:57:20+00:00\",\"breadcrumb\":{\"@id\":\"https:\\\/\\\/biblia.md\\\/shop\\\/inelul-familiei-lowenskold-inelul-blestemat-vol-1\\\/#breadcrumb\"},\"inLanguage\":\"ru-RU\",\"potentialAction\":[{\"@type\":\"ReadAction\",\"target\":[\"https:\\\/\\\/biblia.md\\\/shop\\\/inelul-familiei-lowenskold-inelul-blestemat-vol-1\\\/\"]}]},{\"@type\":\"ImageObject\",\"inLanguage\":\"ru-RU\",\"@id\":\"https:\\\/\\\/biblia.md\\\/shop\\\/inelul-familiei-lowenskold-inelul-blestemat-vol-1\\\/#primaryimage\",\"url\":\"https:\\\/\\\/biblia.md\\\/wp-content\\\/uploads\\\/2026\\\/02\\\/0000008281.jpg\",\"contentUrl\":\"https:\\\/\\\/biblia.md\\\/wp-content\\\/uploads\\\/2026\\\/02\\\/0000008281.jpg\",\"width\":363,\"height\":569},{\"@type\":\"BreadcrumbList\",\"@id\":\"https:\\\/\\\/biblia.md\\\/shop\\\/inelul-familiei-lowenskold-inelul-blestemat-vol-1\\\/#breadcrumb\",\"itemListElement\":[{\"@type\":\"ListItem\",\"position\":1,\"name\":\"Prima pagin\u0103\",\"item\":\"https:\\\/\\\/biblia.md\\\/\"},{\"@type\":\"ListItem\",\"position\":2,\"name\":\"Shop\",\"item\":\"https:\\\/\\\/biblia.md\\\/shop\\\/\"},{\"@type\":\"ListItem\",\"position\":3,\"name\":\"Inelul familiei L\u00f6wensk\u00f6ld &#8211; Inelul blestemat, Vol.1\"}]},{\"@type\":\"WebSite\",\"@id\":\"https:\\\/\\\/biblia.md\\\/#website\",\"url\":\"https:\\\/\\\/biblia.md\\\/\",\"name\":\"Societatea Biblic\u0103 din Moldova\",\"description\":\"\",\"publisher\":{\"@id\":\"https:\\\/\\\/biblia.md\\\/#organization\"},\"potentialAction\":[{\"@type\":\"SearchAction\",\"target\":{\"@type\":\"EntryPoint\",\"urlTemplate\":\"https:\\\/\\\/biblia.md\\\/?s={search_term_string}\"},\"query-input\":{\"@type\":\"PropertyValueSpecification\",\"valueRequired\":true,\"valueName\":\"search_term_string\"}}],\"inLanguage\":\"ru-RU\"},{\"@type\":\"Organization\",\"@id\":\"https:\\\/\\\/biblia.md\\\/#organization\",\"name\":\"Societatea Biblic\u0103 din Moldova\",\"url\":\"https:\\\/\\\/biblia.md\\\/\",\"logo\":{\"@type\":\"ImageObject\",\"inLanguage\":\"ru-RU\",\"@id\":\"https:\\\/\\\/biblia.md\\\/#\\\/schema\\\/logo\\\/image\\\/\",\"url\":\"https:\\\/\\\/biblia.md\\\/wp-content\\\/uploads\\\/2026\\\/01\\\/icon_site.jpg\",\"contentUrl\":\"https:\\\/\\\/biblia.md\\\/wp-content\\\/uploads\\\/2026\\\/01\\\/icon_site.jpg\",\"width\":656,\"height\":656,\"caption\":\"Societatea Biblic\u0103 din Moldova\"},\"image\":{\"@id\":\"https:\\\/\\\/biblia.md\\\/#\\\/schema\\\/logo\\\/image\\\/\"},\"sameAs\":[\"https:\\\/\\\/www.facebook.com\\\/SocietateaBiblicaMoldova\\\/\",\"https:\\\/\\\/www.instagram.com\\\/biblia.md\\\/\"]}]}<\/script>\n<!-- \/ Yoast SEO plugin. -->","yoast_head_json":{"title":"Inelul familiei L\u00f6wensk\u00f6ld - Inelul blestemat, Vol.1 - Societatea Biblic\u0103 din Moldova","robots":{"index":"index","follow":"follow","max-snippet":"max-snippet:-1","max-image-preview":"max-image-preview:large","max-video-preview":"max-video-preview:-1"},"canonical":"https:\/\/biblia.md\/ru\/shop\/inelul-familiei-lowenskold-inelul-blestemat-vol-1\/","og_locale":"ru_RU","og_type":"article","og_title":"Inelul familiei L\u00f6wensk\u00f6ld - Inelul blestemat, Vol.1 - Societatea Biblic\u0103 din Moldova","og_description":"Un inel de aur, \u00eempodobit cu un agat rar \u2014 dar regal, furat de pe degetul unui mort \u2014 declan\u0219eaz\u0103 o poveste \u00een care l\u0103comia, dorin\u021ba \u0219i blestemul se \u00eempletesc \u00eentr-un destin tragic. De-a lungul genera\u021biilor, fantoma b\u0103tr\u00e2nului general L\u00f6wensk\u00f6ld din Hedeby b\u00e2ntuie f\u0103r\u0103 mil\u0103 pe cei care i-au profanat morm\u00e2ntul, dar \u0219i pe nevinova\u021bii care ajung, f\u0103r\u0103 voie, s\u0103 poarte inelul.  O c\u0103l\u0103torie hipnotic\u0103 prin spa\u021biu \u0219i timp, aceast\u0103 poveste fascinant\u0103 poart\u0103 amprenta inconfundabil\u0103 a genialei Selma Lagerl\u00f6f \u2014 autoare inspirat\u0103 de legendele \u0219i istoria \u021binuturilor sale natale. Cu un talent narativ excep\u021bional, Lagerl\u00f6f reu\u0219e\u0219te s\u0103 transforme o simpl\u0103 legend\u0103 \u00eentr-o medita\u021bie profund\u0103 despre destin, vinov\u0103\u021bie \u0219i mo\u0219tenirea nev\u0103zut\u0103 a trecutului.  Selma Lagerl\u00f6f \u2013 prima femeie distins\u0103 cu Premiul Nobel pentru Literatur\u0103","og_url":"https:\/\/biblia.md\/ru\/shop\/inelul-familiei-lowenskold-inelul-blestemat-vol-1\/","og_site_name":"Societatea Biblic\u0103 din Moldova","article_publisher":"https:\/\/www.facebook.com\/SocietateaBiblicaMoldova\/","og_image":[{"width":363,"height":569,"url":"https:\/\/biblia.md\/wp-content\/uploads\/2026\/02\/0000008281.jpg","type":"image\/jpeg"}],"twitter_card":"summary_large_image","twitter_misc":{"\u041f\u0440\u0438\u043c\u0435\u0440\u043d\u043e\u0435 \u0432\u0440\u0435\u043c\u044f \u0434\u043b\u044f \u0447\u0442\u0435\u043d\u0438\u044f":"1 \u043c\u0438\u043d\u0443\u0442\u0430"},"schema":{"@context":"https:\/\/schema.org","@graph":[{"@type":"WebPage","@id":"https:\/\/biblia.md\/shop\/inelul-familiei-lowenskold-inelul-blestemat-vol-1\/","url":"https:\/\/biblia.md\/shop\/inelul-familiei-lowenskold-inelul-blestemat-vol-1\/","name":"Inelul familiei L\u00f6wensk\u00f6ld - Inelul blestemat, Vol.1 - Societatea Biblic\u0103 din Moldova","isPartOf":{"@id":"https:\/\/biblia.md\/#website"},"primaryImageOfPage":{"@id":"https:\/\/biblia.md\/shop\/inelul-familiei-lowenskold-inelul-blestemat-vol-1\/#primaryimage"},"image":{"@id":"https:\/\/biblia.md\/shop\/inelul-familiei-lowenskold-inelul-blestemat-vol-1\/#primaryimage"},"thumbnailUrl":"https:\/\/biblia.md\/wp-content\/uploads\/2026\/02\/0000008281.jpg","datePublished":"2026-02-06T14:57:20+00:00","breadcrumb":{"@id":"https:\/\/biblia.md\/shop\/inelul-familiei-lowenskold-inelul-blestemat-vol-1\/#breadcrumb"},"inLanguage":"ru-RU","potentialAction":[{"@type":"ReadAction","target":["https:\/\/biblia.md\/shop\/inelul-familiei-lowenskold-inelul-blestemat-vol-1\/"]}]},{"@type":"ImageObject","inLanguage":"ru-RU","@id":"https:\/\/biblia.md\/shop\/inelul-familiei-lowenskold-inelul-blestemat-vol-1\/#primaryimage","url":"https:\/\/biblia.md\/wp-content\/uploads\/2026\/02\/0000008281.jpg","contentUrl":"https:\/\/biblia.md\/wp-content\/uploads\/2026\/02\/0000008281.jpg","width":363,"height":569},{"@type":"BreadcrumbList","@id":"https:\/\/biblia.md\/shop\/inelul-familiei-lowenskold-inelul-blestemat-vol-1\/#breadcrumb","itemListElement":[{"@type":"ListItem","position":1,"name":"Prima pagin\u0103","item":"https:\/\/biblia.md\/"},{"@type":"ListItem","position":2,"name":"Shop","item":"https:\/\/biblia.md\/shop\/"},{"@type":"ListItem","position":3,"name":"Inelul familiei L\u00f6wensk\u00f6ld &#8211; Inelul blestemat, Vol.1"}]},{"@type":"WebSite","@id":"https:\/\/biblia.md\/#website","url":"https:\/\/biblia.md\/","name":"Societatea Biblic\u0103 din Moldova","description":"","publisher":{"@id":"https:\/\/biblia.md\/#organization"},"potentialAction":[{"@type":"SearchAction","target":{"@type":"EntryPoint","urlTemplate":"https:\/\/biblia.md\/?s={search_term_string}"},"query-input":{"@type":"PropertyValueSpecification","valueRequired":true,"valueName":"search_term_string"}}],"inLanguage":"ru-RU"},{"@type":"Organization","@id":"https:\/\/biblia.md\/#organization","name":"Societatea Biblic\u0103 din Moldova","url":"https:\/\/biblia.md\/","logo":{"@type":"ImageObject","inLanguage":"ru-RU","@id":"https:\/\/biblia.md\/#\/schema\/logo\/image\/","url":"https:\/\/biblia.md\/wp-content\/uploads\/2026\/01\/icon_site.jpg","contentUrl":"https:\/\/biblia.md\/wp-content\/uploads\/2026\/01\/icon_site.jpg","width":656,"height":656,"caption":"Societatea Biblic\u0103 din Moldova"},"image":{"@id":"https:\/\/biblia.md\/#\/schema\/logo\/image\/"},"sameAs":["https:\/\/www.facebook.com\/SocietateaBiblicaMoldova\/","https:\/\/www.instagram.com\/biblia.md\/"]}]}},"_links":{"self":[{"href":"https:\/\/biblia.md\/ru\/wp-json\/wp\/v2\/product\/34236","targetHints":{"allow":["GET"]}}],"collection":[{"href":"https:\/\/biblia.md\/ru\/wp-json\/wp\/v2\/product"}],"about":[{"href":"https:\/\/biblia.md\/ru\/wp-json\/wp\/v2\/types\/product"}],"replies":[{"embeddable":true,"href":"https:\/\/biblia.md\/ru\/wp-json\/wp\/v2\/comments?post=34236"}],"version-history":[{"count":1,"href":"https:\/\/biblia.md\/ru\/wp-json\/wp\/v2\/product\/34236\/revisions"}],"predecessor-version":[{"id":34238,"href":"https:\/\/biblia.md\/ru\/wp-json\/wp\/v2\/product\/34236\/revisions\/34238"}],"wp:featuredmedia":[{"embeddable":true,"href":"https:\/\/biblia.md\/ru\/wp-json\/wp\/v2\/media\/34237"}],"wp:attachment":[{"href":"https:\/\/biblia.md\/ru\/wp-json\/wp\/v2\/media?parent=34236"}],"wp:term":[{"taxonomy":"product_brand","embeddable":true,"href":"https:\/\/biblia.md\/ru\/wp-json\/wp\/v2\/product_brand?post=34236"},{"taxonomy":"product_cat","embeddable":true,"href":"https:\/\/biblia.md\/ru\/wp-json\/wp\/v2\/product_cat?post=34236"},{"taxonomy":"product_tag","embeddable":true,"href":"https:\/\/biblia.md\/ru\/wp-json\/wp\/v2\/product_tag?post=34236"}],"curies":[{"name":"wp","href":"https:\/\/api.w.org\/{rel}","templated":true}]}}