{"id":34265,"date":"2026-02-06T22:03:32","date_gmt":"2026-02-06T20:03:32","guid":{"rendered":"https:\/\/biblia.md\/?post_type=product&#038;p=34265"},"modified":"2026-02-06T22:03:32","modified_gmt":"2026-02-06T20:03:32","slug":"intalniri-cu-isus-raspunsuri-neasteptate-la-marile-intrebari-ale-vietii","status":"publish","type":"product","link":"https:\/\/biblia.md\/ru\/shop\/intalniri-cu-isus-raspunsuri-neasteptate-la-marile-intrebari-ale-vietii\/","title":{"rendered":"Intalniri cu Isus &#8211; Raspunsuri neasteptate la marile intrebari ale vietii"},"content":{"rendered":"<p><strong>\u201eC\u0103r\u021bile lui Keller ar trebui s\u0103 se reg\u0103seasc\u0103 \u00een biblioteca fiec\u0103rui cititor serios al Bibliei. Nu sunt lecturi u\u0219oare sau rapide, ci experien\u021be de savurat pe \u00eendelete, precum o pr\u0103jitur\u0103 rafinat\u0103 \u2013 \u00eenghi\u021bitur\u0103 cu \u00eenghi\u021bitur\u0103 \u2013 pentru a surprinde \u00eentreaga profunzime a mesajului s\u0103u transformator.\u201d<\/strong><br \/>\n\u2014\u00a0<em>Examiner<\/em><\/p>\n<p><strong>\u201eKeller a extras aurul din aceste pasaje ale Scripturii, iar orice cre\u0219tin \u2013 chiar \u0219i cel care le-a citit de nenum\u0103rate ori \u2013 va sim\u021bi cum mintea i se lumineaz\u0103, iar inima \u00eei tresalt\u0103 de bucurie.\u201d<\/strong><br \/>\n\u2014\u00a0<em>Grace for Sinners<\/em><br \/>\nEu recunosc \u0219i acum autoritatea \u00eentregii Scripturi \u0219i \u00eemi place s\u0103 m\u0103 deprind s\u0103-i \u00eenv\u0103\u021b \u0219i pe al\u021bii din toat\u0103 Biblia. \u00cens\u0103 greutatea autorit\u0103\u021bii spirituale a Bibliei am sim\u021bit-o pentru prima dat\u0103 \u00een evanghelii, mai ales \u00een acele discu\u021bii pe care le-a avut Isus cu unii oameni: studentul sceptic Natanael, propria Sa mam\u0103, care era derutat\u0103 la nunta din Cana, profesorul de religie, care L-a vizitat noaptea, femeia de la f\u00e2nt\u00e2n\u0103, \u00eendureratele surori Maria \u0219i Marta \u0219i mul\u021bi al\u021bii.\u00a0Am putea spune c\u0103 multe dintre \u00eent\u00e2lnirile mele cu Isus, care m-au format, au venit ca urmare a studiului pe care l-am f\u0103cut despre \u00eent\u00e2lnirile Lui cu unii oameni, prezentate \u00een evanghelii.<br \/>\n<strong>Timothy Keller<\/strong><\/p>\n<p><strong>Cuprins<\/strong><\/p>\n<p><strong>INTRODUCERE\u00a0<\/strong><\/p>\n<p><strong>CAPITOLUL\u00a0<\/strong>1 Studentul sceptic<\/p>\n<p><strong>CAPITOLUL 2\u00a0<\/strong>Omul din interior \u0219i proscrisul<\/p>\n<p><strong>CAPITOLUL\u00a0<\/strong>3 Surorile \u00eendurerate<\/p>\n<p><strong>CAPITOLUL\u00a0<\/strong>4 Petrecerea de nunt\u0103<\/p>\n<p><strong>CAPITOLUL 5\u00a0<\/strong>Primul cre\u0219tin<\/p>\n<p><strong>CAPITOLUL 6\u00a0<\/strong>Marele inamic<\/p>\n<p><strong>CAPITOLUL 7\u00a0<\/strong>Cei doi ap\u0103r\u0103tori<\/p>\n<p><strong>CAPITOLUL 8\u00a0<\/strong>St\u0103p\u00e2nul care ascult\u0103<\/p>\n<p><strong>CAPITOLUL 9\u00a0<\/strong>La dreapta Tat\u0103lui<\/p>\n<p><strong>CAPITOLUL 10\u00a0<\/strong>\u00cendr\u0103zneala Mariei<\/p>\n<p><strong>MUL\u021aUMIRI\u00a0<\/strong><\/p>\n<p><strong>NOTE\u00a0<\/strong><\/p>","protected":false},"excerpt":{"rendered":"<p><strong>\u0218i dac\u0103 r\u0103spunsurile pe care le cau\u021bi sunt mai aproape dec\u00e2t crezi?<\/strong><\/p>\n<p>\u00cen\u00a0<em>\u00cent\u00e2lniri cu Isus<\/em>, Timothy Keller ne arat\u0103 c\u0103 adev\u0103rata schimbare \u00eencepe atunci c\u00e2nd r\u0103spunsurile noastre la marile \u00eentreb\u0103ri ale vie\u021bii sunt confruntate \u2013 \u0219i transformate \u2013 de o \u00eent\u00e2lnire personal\u0103 cu Isus.<\/p>\n<p>Pornind de la relat\u0103rile evangheliilor, Keller reconstituie momentele \u00een care Isus a \u00eent\u00e2lnit oameni obi\u0219nui\u021bi \u2013 un student sceptic, un lider religios, o femeie marginalizat\u0103, chiar \u0219i pe propria Sa mam\u0103 \u2013 \u0219i le-a schimbat radical via\u021ba.<\/p>\n<p>Aceste dialoguri profunde nu sunt doar istorie. Ele ne privesc direct \u0219i ast\u0103zi. Fie c\u0103 L-ai cunoscut deja pe Isus, fie c\u0103 \u00eenc\u0103 \u00cel cau\u021bi, aceast\u0103 carte este o invita\u021bie s\u0103-L \u00eent\u00e2lne\u0219ti \u2013 poate pentru prima dat\u0103 cu adev\u0103rat.<\/p>","protected":false},"featured_media":34266,"comment_status":"open","ping_status":"closed","template":"","meta":[],"product_brand":[],"product_cat":[377,395,388],"product_tag":[],"class_list":{"0":"post-34265","1":"product","2":"type-product","3":"status-publish","4":"has-post-thumbnail","6":"product_cat-carti","7":"product_cat-pentru-slujitori","8":"product_cat-viata-crestina","9":"product_author-timothy-keller","10":"product_genre-knigi-rom","12":"first","13":"instock","14":"shipping-taxable","15":"purchasable","16":"product-type-simple"},"yoast_head":"<!-- This site is optimized with the Yoast SEO plugin v27.3 - https:\/\/yoast.com\/product\/yoast-seo-wordpress\/ -->\n<title>Intalniri cu Isus - Raspunsuri neasteptate la marile intrebari ale vietii - Societatea Biblic\u0103 din Moldova<\/title>\n<meta name=\"robots\" content=\"index, follow, max-snippet:-1, max-image-preview:large, max-video-preview:-1\" \/>\n<link rel=\"canonical\" href=\"https:\/\/biblia.md\/ru\/shop\/intalniri-cu-isus-raspunsuri-neasteptate-la-marile-intrebari-ale-vietii\/\" \/>\n<meta property=\"og:locale\" content=\"ru_RU\" \/>\n<meta property=\"og:type\" content=\"article\" \/>\n<meta property=\"og:title\" content=\"Intalniri cu Isus - Raspunsuri neasteptate la marile intrebari ale vietii - Societatea Biblic\u0103 din Moldova\" \/>\n<meta property=\"og:description\" content=\"\u0218i dac\u0103 r\u0103spunsurile pe care le cau\u021bi sunt mai aproape dec\u00e2t crezi?  \u00cen\u00a0\u00cent\u00e2lniri cu Isus, Timothy Keller ne arat\u0103 c\u0103 adev\u0103rata schimbare \u00eencepe atunci c\u00e2nd r\u0103spunsurile noastre la marile \u00eentreb\u0103ri ale vie\u021bii sunt confruntate \u2013 \u0219i transformate \u2013 de o \u00eent\u00e2lnire personal\u0103 cu Isus.  Pornind de la relat\u0103rile evangheliilor, Keller reconstituie momentele \u00een care Isus a \u00eent\u00e2lnit oameni obi\u0219nui\u021bi \u2013 un student sceptic, un lider religios, o femeie marginalizat\u0103, chiar \u0219i pe propria Sa mam\u0103 \u2013 \u0219i le-a schimbat radical via\u021ba.  Aceste dialoguri profunde nu sunt doar istorie. Ele ne privesc direct \u0219i ast\u0103zi. Fie c\u0103 L-ai cunoscut deja pe Isus, fie c\u0103 \u00eenc\u0103 \u00cel cau\u021bi, aceast\u0103 carte este o invita\u021bie s\u0103-L \u00eent\u00e2lne\u0219ti \u2013 poate pentru prima dat\u0103 cu adev\u0103rat.\" \/>\n<meta property=\"og:url\" content=\"https:\/\/biblia.md\/ru\/shop\/intalniri-cu-isus-raspunsuri-neasteptate-la-marile-intrebari-ale-vietii\/\" \/>\n<meta property=\"og:site_name\" content=\"Societatea Biblic\u0103 din Moldova\" \/>\n<meta property=\"article:publisher\" content=\"https:\/\/www.facebook.com\/SocietateaBiblicaMoldova\/\" \/>\n<meta property=\"og:image\" content=\"https:\/\/biblia.md\/wp-content\/uploads\/2026\/02\/0000008308.png\" \/>\n\t<meta property=\"og:image:width\" content=\"480\" \/>\n\t<meta property=\"og:image:height\" content=\"700\" \/>\n\t<meta property=\"og:image:type\" content=\"image\/png\" \/>\n<meta name=\"twitter:card\" content=\"summary_large_image\" \/>\n<meta name=\"twitter:label1\" content=\"\u041f\u0440\u0438\u043c\u0435\u0440\u043d\u043e\u0435 \u0432\u0440\u0435\u043c\u044f \u0434\u043b\u044f \u0447\u0442\u0435\u043d\u0438\u044f\" \/>\n\t<meta name=\"twitter:data1\" content=\"2 \u043c\u0438\u043d\u0443\u0442\u044b\" \/>\n<script type=\"application\/ld+json\" class=\"yoast-schema-graph\">{\"@context\":\"https:\\\/\\\/schema.org\",\"@graph\":[{\"@type\":\"WebPage\",\"@id\":\"https:\\\/\\\/biblia.md\\\/shop\\\/intalniri-cu-isus-raspunsuri-neasteptate-la-marile-intrebari-ale-vietii\\\/\",\"url\":\"https:\\\/\\\/biblia.md\\\/shop\\\/intalniri-cu-isus-raspunsuri-neasteptate-la-marile-intrebari-ale-vietii\\\/\",\"name\":\"Intalniri cu Isus - Raspunsuri neasteptate la marile intrebari ale vietii - Societatea Biblic\u0103 din Moldova\",\"isPartOf\":{\"@id\":\"https:\\\/\\\/biblia.md\\\/#website\"},\"primaryImageOfPage\":{\"@id\":\"https:\\\/\\\/biblia.md\\\/shop\\\/intalniri-cu-isus-raspunsuri-neasteptate-la-marile-intrebari-ale-vietii\\\/#primaryimage\"},\"image\":{\"@id\":\"https:\\\/\\\/biblia.md\\\/shop\\\/intalniri-cu-isus-raspunsuri-neasteptate-la-marile-intrebari-ale-vietii\\\/#primaryimage\"},\"thumbnailUrl\":\"https:\\\/\\\/biblia.md\\\/wp-content\\\/uploads\\\/2026\\\/02\\\/0000008308.png\",\"datePublished\":\"2026-02-06T20:03:32+00:00\",\"breadcrumb\":{\"@id\":\"https:\\\/\\\/biblia.md\\\/shop\\\/intalniri-cu-isus-raspunsuri-neasteptate-la-marile-intrebari-ale-vietii\\\/#breadcrumb\"},\"inLanguage\":\"ru-RU\",\"potentialAction\":[{\"@type\":\"ReadAction\",\"target\":[\"https:\\\/\\\/biblia.md\\\/shop\\\/intalniri-cu-isus-raspunsuri-neasteptate-la-marile-intrebari-ale-vietii\\\/\"]}]},{\"@type\":\"ImageObject\",\"inLanguage\":\"ru-RU\",\"@id\":\"https:\\\/\\\/biblia.md\\\/shop\\\/intalniri-cu-isus-raspunsuri-neasteptate-la-marile-intrebari-ale-vietii\\\/#primaryimage\",\"url\":\"https:\\\/\\\/biblia.md\\\/wp-content\\\/uploads\\\/2026\\\/02\\\/0000008308.png\",\"contentUrl\":\"https:\\\/\\\/biblia.md\\\/wp-content\\\/uploads\\\/2026\\\/02\\\/0000008308.png\",\"width\":480,\"height\":700},{\"@type\":\"BreadcrumbList\",\"@id\":\"https:\\\/\\\/biblia.md\\\/shop\\\/intalniri-cu-isus-raspunsuri-neasteptate-la-marile-intrebari-ale-vietii\\\/#breadcrumb\",\"itemListElement\":[{\"@type\":\"ListItem\",\"position\":1,\"name\":\"Prima pagin\u0103\",\"item\":\"https:\\\/\\\/biblia.md\\\/\"},{\"@type\":\"ListItem\",\"position\":2,\"name\":\"Shop\",\"item\":\"https:\\\/\\\/biblia.md\\\/shop\\\/\"},{\"@type\":\"ListItem\",\"position\":3,\"name\":\"Intalniri cu Isus &#8211; Raspunsuri neasteptate la marile intrebari ale vietii\"}]},{\"@type\":\"WebSite\",\"@id\":\"https:\\\/\\\/biblia.md\\\/#website\",\"url\":\"https:\\\/\\\/biblia.md\\\/\",\"name\":\"Societatea Biblic\u0103 din Moldova\",\"description\":\"\",\"publisher\":{\"@id\":\"https:\\\/\\\/biblia.md\\\/#organization\"},\"potentialAction\":[{\"@type\":\"SearchAction\",\"target\":{\"@type\":\"EntryPoint\",\"urlTemplate\":\"https:\\\/\\\/biblia.md\\\/?s={search_term_string}\"},\"query-input\":{\"@type\":\"PropertyValueSpecification\",\"valueRequired\":true,\"valueName\":\"search_term_string\"}}],\"inLanguage\":\"ru-RU\"},{\"@type\":\"Organization\",\"@id\":\"https:\\\/\\\/biblia.md\\\/#organization\",\"name\":\"Societatea Biblic\u0103 din Moldova\",\"url\":\"https:\\\/\\\/biblia.md\\\/\",\"logo\":{\"@type\":\"ImageObject\",\"inLanguage\":\"ru-RU\",\"@id\":\"https:\\\/\\\/biblia.md\\\/#\\\/schema\\\/logo\\\/image\\\/\",\"url\":\"https:\\\/\\\/biblia.md\\\/wp-content\\\/uploads\\\/2026\\\/01\\\/icon_site.jpg\",\"contentUrl\":\"https:\\\/\\\/biblia.md\\\/wp-content\\\/uploads\\\/2026\\\/01\\\/icon_site.jpg\",\"width\":656,\"height\":656,\"caption\":\"Societatea Biblic\u0103 din Moldova\"},\"image\":{\"@id\":\"https:\\\/\\\/biblia.md\\\/#\\\/schema\\\/logo\\\/image\\\/\"},\"sameAs\":[\"https:\\\/\\\/www.facebook.com\\\/SocietateaBiblicaMoldova\\\/\",\"https:\\\/\\\/www.instagram.com\\\/biblia.md\\\/\"]}]}<\/script>\n<!-- \/ Yoast SEO plugin. -->","yoast_head_json":{"title":"Intalniri cu Isus - Raspunsuri neasteptate la marile intrebari ale vietii - Societatea Biblic\u0103 din Moldova","robots":{"index":"index","follow":"follow","max-snippet":"max-snippet:-1","max-image-preview":"max-image-preview:large","max-video-preview":"max-video-preview:-1"},"canonical":"https:\/\/biblia.md\/ru\/shop\/intalniri-cu-isus-raspunsuri-neasteptate-la-marile-intrebari-ale-vietii\/","og_locale":"ru_RU","og_type":"article","og_title":"Intalniri cu Isus - Raspunsuri neasteptate la marile intrebari ale vietii - Societatea Biblic\u0103 din Moldova","og_description":"\u0218i dac\u0103 r\u0103spunsurile pe care le cau\u021bi sunt mai aproape dec\u00e2t crezi?  \u00cen\u00a0\u00cent\u00e2lniri cu Isus, Timothy Keller ne arat\u0103 c\u0103 adev\u0103rata schimbare \u00eencepe atunci c\u00e2nd r\u0103spunsurile noastre la marile \u00eentreb\u0103ri ale vie\u021bii sunt confruntate \u2013 \u0219i transformate \u2013 de o \u00eent\u00e2lnire personal\u0103 cu Isus.  Pornind de la relat\u0103rile evangheliilor, Keller reconstituie momentele \u00een care Isus a \u00eent\u00e2lnit oameni obi\u0219nui\u021bi \u2013 un student sceptic, un lider religios, o femeie marginalizat\u0103, chiar \u0219i pe propria Sa mam\u0103 \u2013 \u0219i le-a schimbat radical via\u021ba.  Aceste dialoguri profunde nu sunt doar istorie. Ele ne privesc direct \u0219i ast\u0103zi. Fie c\u0103 L-ai cunoscut deja pe Isus, fie c\u0103 \u00eenc\u0103 \u00cel cau\u021bi, aceast\u0103 carte este o invita\u021bie s\u0103-L \u00eent\u00e2lne\u0219ti \u2013 poate pentru prima dat\u0103 cu adev\u0103rat.","og_url":"https:\/\/biblia.md\/ru\/shop\/intalniri-cu-isus-raspunsuri-neasteptate-la-marile-intrebari-ale-vietii\/","og_site_name":"Societatea Biblic\u0103 din Moldova","article_publisher":"https:\/\/www.facebook.com\/SocietateaBiblicaMoldova\/","og_image":[{"width":480,"height":700,"url":"https:\/\/biblia.md\/wp-content\/uploads\/2026\/02\/0000008308.png","type":"image\/png"}],"twitter_card":"summary_large_image","twitter_misc":{"\u041f\u0440\u0438\u043c\u0435\u0440\u043d\u043e\u0435 \u0432\u0440\u0435\u043c\u044f \u0434\u043b\u044f \u0447\u0442\u0435\u043d\u0438\u044f":"2 \u043c\u0438\u043d\u0443\u0442\u044b"},"schema":{"@context":"https:\/\/schema.org","@graph":[{"@type":"WebPage","@id":"https:\/\/biblia.md\/shop\/intalniri-cu-isus-raspunsuri-neasteptate-la-marile-intrebari-ale-vietii\/","url":"https:\/\/biblia.md\/shop\/intalniri-cu-isus-raspunsuri-neasteptate-la-marile-intrebari-ale-vietii\/","name":"Intalniri cu Isus - Raspunsuri neasteptate la marile intrebari ale vietii - Societatea Biblic\u0103 din Moldova","isPartOf":{"@id":"https:\/\/biblia.md\/#website"},"primaryImageOfPage":{"@id":"https:\/\/biblia.md\/shop\/intalniri-cu-isus-raspunsuri-neasteptate-la-marile-intrebari-ale-vietii\/#primaryimage"},"image":{"@id":"https:\/\/biblia.md\/shop\/intalniri-cu-isus-raspunsuri-neasteptate-la-marile-intrebari-ale-vietii\/#primaryimage"},"thumbnailUrl":"https:\/\/biblia.md\/wp-content\/uploads\/2026\/02\/0000008308.png","datePublished":"2026-02-06T20:03:32+00:00","breadcrumb":{"@id":"https:\/\/biblia.md\/shop\/intalniri-cu-isus-raspunsuri-neasteptate-la-marile-intrebari-ale-vietii\/#breadcrumb"},"inLanguage":"ru-RU","potentialAction":[{"@type":"ReadAction","target":["https:\/\/biblia.md\/shop\/intalniri-cu-isus-raspunsuri-neasteptate-la-marile-intrebari-ale-vietii\/"]}]},{"@type":"ImageObject","inLanguage":"ru-RU","@id":"https:\/\/biblia.md\/shop\/intalniri-cu-isus-raspunsuri-neasteptate-la-marile-intrebari-ale-vietii\/#primaryimage","url":"https:\/\/biblia.md\/wp-content\/uploads\/2026\/02\/0000008308.png","contentUrl":"https:\/\/biblia.md\/wp-content\/uploads\/2026\/02\/0000008308.png","width":480,"height":700},{"@type":"BreadcrumbList","@id":"https:\/\/biblia.md\/shop\/intalniri-cu-isus-raspunsuri-neasteptate-la-marile-intrebari-ale-vietii\/#breadcrumb","itemListElement":[{"@type":"ListItem","position":1,"name":"Prima pagin\u0103","item":"https:\/\/biblia.md\/"},{"@type":"ListItem","position":2,"name":"Shop","item":"https:\/\/biblia.md\/shop\/"},{"@type":"ListItem","position":3,"name":"Intalniri cu Isus &#8211; Raspunsuri neasteptate la marile intrebari ale vietii"}]},{"@type":"WebSite","@id":"https:\/\/biblia.md\/#website","url":"https:\/\/biblia.md\/","name":"Societatea Biblic\u0103 din Moldova","description":"","publisher":{"@id":"https:\/\/biblia.md\/#organization"},"potentialAction":[{"@type":"SearchAction","target":{"@type":"EntryPoint","urlTemplate":"https:\/\/biblia.md\/?s={search_term_string}"},"query-input":{"@type":"PropertyValueSpecification","valueRequired":true,"valueName":"search_term_string"}}],"inLanguage":"ru-RU"},{"@type":"Organization","@id":"https:\/\/biblia.md\/#organization","name":"Societatea Biblic\u0103 din Moldova","url":"https:\/\/biblia.md\/","logo":{"@type":"ImageObject","inLanguage":"ru-RU","@id":"https:\/\/biblia.md\/#\/schema\/logo\/image\/","url":"https:\/\/biblia.md\/wp-content\/uploads\/2026\/01\/icon_site.jpg","contentUrl":"https:\/\/biblia.md\/wp-content\/uploads\/2026\/01\/icon_site.jpg","width":656,"height":656,"caption":"Societatea Biblic\u0103 din Moldova"},"image":{"@id":"https:\/\/biblia.md\/#\/schema\/logo\/image\/"},"sameAs":["https:\/\/www.facebook.com\/SocietateaBiblicaMoldova\/","https:\/\/www.instagram.com\/biblia.md\/"]}]}},"_links":{"self":[{"href":"https:\/\/biblia.md\/ru\/wp-json\/wp\/v2\/product\/34265","targetHints":{"allow":["GET"]}}],"collection":[{"href":"https:\/\/biblia.md\/ru\/wp-json\/wp\/v2\/product"}],"about":[{"href":"https:\/\/biblia.md\/ru\/wp-json\/wp\/v2\/types\/product"}],"replies":[{"embeddable":true,"href":"https:\/\/biblia.md\/ru\/wp-json\/wp\/v2\/comments?post=34265"}],"version-history":[{"count":1,"href":"https:\/\/biblia.md\/ru\/wp-json\/wp\/v2\/product\/34265\/revisions"}],"predecessor-version":[{"id":34268,"href":"https:\/\/biblia.md\/ru\/wp-json\/wp\/v2\/product\/34265\/revisions\/34268"}],"wp:featuredmedia":[{"embeddable":true,"href":"https:\/\/biblia.md\/ru\/wp-json\/wp\/v2\/media\/34266"}],"wp:attachment":[{"href":"https:\/\/biblia.md\/ru\/wp-json\/wp\/v2\/media?parent=34265"}],"wp:term":[{"taxonomy":"product_brand","embeddable":true,"href":"https:\/\/biblia.md\/ru\/wp-json\/wp\/v2\/product_brand?post=34265"},{"taxonomy":"product_cat","embeddable":true,"href":"https:\/\/biblia.md\/ru\/wp-json\/wp\/v2\/product_cat?post=34265"},{"taxonomy":"product_tag","embeddable":true,"href":"https:\/\/biblia.md\/ru\/wp-json\/wp\/v2\/product_tag?post=34265"}],"curies":[{"name":"wp","href":"https:\/\/api.w.org\/{rel}","templated":true}]}}