{"id":34393,"date":"2026-02-09T16:57:07","date_gmt":"2026-02-09T14:57:07","guid":{"rendered":"https:\/\/biblia.md\/?post_type=product&#038;p=34393"},"modified":"2026-02-09T16:57:08","modified_gmt":"2026-02-09T14:57:08","slug":"iosif-o-poveste-despre-dragoste-ura-sclavie-putere-si-iertare","status":"publish","type":"product","link":"https:\/\/biblia.md\/ru\/shop\/iosif-o-poveste-despre-dragoste-ura-sclavie-putere-si-iertare\/","title":{"rendered":"Iosif &#8211; O poveste despre dragoste, ur\u0103, sclavie, putere \u0219i iertare"},"content":{"rendered":"<p class=\"western\">\u00a0<strong>Despre autor<\/strong><\/p>\n<p class=\"western\">John C. Lennox este profesor emerit de matematic\u0103 la Universitatea din Oxford \u0219i un vorbitor de renume, sus\u021bine prelegeri la numeroase institu\u021bii academice \u0219i este un bine-cunoscut autor care a publicat peste \u0219aptezeci de lucr\u0103ri \u0219tiin\u021bifice. De asemenea, a scris multe c\u0103r\u021bi despre \u0219tiin\u021b\u0103, filosofie \u0219i studiu biblic, dintre care amintim:\u00a0<em>\u0218apte zile care \u00eempart lumea<\/em>;\u00a0<em>Poate \u0219tiin\u021ba explica totul?; Destinat pentru a crede?<\/em>\u00a0\u0219i\u00a0<em>Groparul lui Dumnezeu<\/em>.<\/p>","protected":false},"excerpt":{"rendered":"<p class=\"western\">\u201eCartea\u00a0<em>Iosif\u00a0<\/em>este o marc\u0103 a rafinamentului scriiturii lui John Lennox.\u201d \u2013 Os Guinness<\/p>\n<p class=\"western\">Istoria vie\u021bii lui Iosif, relatat\u0103 \u00een cartea Geneza, este o poveste despre dragoste, ur\u0103, sclavie, putere \u0219i iertare. Cu toate c\u0103 a fost scris\u0103 cu mii de ani \u00een urm\u0103, aceast\u0103 istorisire are calitatea atemporal\u0103 de a sonda ad\u00e2ncimile sufletului omenesc.<\/p>\n<p class=\"western\">\u00cen aceast\u0103 carte profund\u0103 \u0219i de o sensibilitate aparte, John Lennox eviden\u021biaz\u0103 temele majore pe care le \u00eent\u00e2lnim \u00een povestea lui Iosif \u2013 suferin\u021ba, ispita, iertarea, credin\u021ba \u0219i suveranitatea lui Dumnezeu \u2013 \u0219i ofer\u0103 aplica\u021bii practice pentru cititori. Interpretarea meticuloas\u0103 pe care autorul o face vie\u021bii lui Iosif ne \u00eendeamn\u0103 s\u0103 ne punem tot mai mult \u00eencrederea \u00een Dumnezeu atunci c\u00e2nd trecem prin suferin\u021be \u0219i greut\u0103\u021bi.<\/p>\n<p class=\"western\">\u00a0\u201e<em>Iosif<\/em>\u00a0este o carte cu un impact puternic pentru noi cei de azi. Lennox, cu un talent de maestru scriitor, ne pune dinainte o dubl\u0103 perspectiv\u0103, o dat\u0103 prive\u0219te \u00een urm\u0103 la \u00eenainta\u0219ii lui Iosif, pentru a ne demonstra c\u0103 istoria tinde s\u0103 se repete \u0219i ne arat\u0103 acest lucru \u00een via\u021ba familiei lui Iosif, iar apoi ne \u00eendreapt\u0103 aten\u021bia spre vremurile viitoare istoriei lui Iosif, spre via\u021ba lui Isus Cristos, pentru a ne insufla speran\u021b\u0103.\u201d\u00a0\u2013 Bob Shettler, pastor al First Presbyterian Church, Gainesville, Florida<\/p>","protected":false},"featured_media":34394,"comment_status":"open","ping_status":"closed","template":"","meta":[],"product_brand":[],"product_cat":[377,395,388],"product_tag":[],"class_list":{"0":"post-34393","1":"product","2":"type-product","3":"status-publish","4":"has-post-thumbnail","6":"product_cat-carti","7":"product_cat-pentru-slujitori","8":"product_cat-viata-crestina","9":"product_author-john-c-lennox","10":"product_genre-knigi-rom","12":"first","13":"outofstock","14":"shipping-taxable","15":"purchasable","16":"product-type-simple"},"yoast_head":"<!-- This site is optimized with the Yoast SEO plugin v27.3 - https:\/\/yoast.com\/product\/yoast-seo-wordpress\/ -->\n<title>Iosif - O poveste despre dragoste, ur\u0103, sclavie, putere \u0219i iertare - Societatea Biblic\u0103 din Moldova<\/title>\n<meta name=\"robots\" content=\"index, follow, max-snippet:-1, max-image-preview:large, max-video-preview:-1\" \/>\n<link rel=\"canonical\" href=\"https:\/\/biblia.md\/ru\/shop\/iosif-o-poveste-despre-dragoste-ura-sclavie-putere-si-iertare\/\" \/>\n<meta property=\"og:locale\" content=\"ru_RU\" \/>\n<meta property=\"og:type\" content=\"article\" \/>\n<meta property=\"og:title\" content=\"Iosif - O poveste despre dragoste, ur\u0103, sclavie, putere \u0219i iertare - Societatea Biblic\u0103 din Moldova\" \/>\n<meta property=\"og:description\" content=\"\u201eCartea\u00a0Iosif\u00a0este o marc\u0103 a rafinamentului scriiturii lui John Lennox.\u201d \u2013 Os Guinness Istoria vie\u021bii lui Iosif, relatat\u0103 \u00een cartea Geneza, este o poveste despre dragoste, ur\u0103, sclavie, putere \u0219i iertare. Cu toate c\u0103 a fost scris\u0103 cu mii de ani \u00een urm\u0103, aceast\u0103 istorisire are calitatea atemporal\u0103 de a sonda ad\u00e2ncimile sufletului omenesc. \u00cen aceast\u0103 carte profund\u0103 \u0219i de o sensibilitate aparte, John Lennox eviden\u021biaz\u0103 temele majore pe care le \u00eent\u00e2lnim \u00een povestea lui Iosif \u2013 suferin\u021ba, ispita, iertarea, credin\u021ba \u0219i suveranitatea lui Dumnezeu \u2013 \u0219i ofer\u0103 aplica\u021bii practice pentru cititori. Interpretarea meticuloas\u0103 pe care autorul o face vie\u021bii lui Iosif ne \u00eendeamn\u0103 s\u0103 ne punem tot mai mult \u00eencrederea \u00een Dumnezeu atunci c\u00e2nd trecem prin suferin\u021be \u0219i greut\u0103\u021bi. \u00a0\u201eIosif\u00a0este o carte cu un impact puternic pentru noi cei de azi. Lennox, cu un talent de maestru scriitor, ne pune dinainte o dubl\u0103 perspectiv\u0103, o dat\u0103 prive\u0219te \u00een urm\u0103 la \u00eenainta\u0219ii lui Iosif, pentru a ne demonstra c\u0103 istoria tinde s\u0103 se repete \u0219i ne arat\u0103 acest lucru \u00een via\u021ba familiei lui Iosif, iar apoi ne \u00eendreapt\u0103 aten\u021bia spre vremurile viitoare istoriei lui Iosif, spre via\u021ba lui Isus Cristos, pentru a ne insufla speran\u021b\u0103.\u201d\u00a0\u2013 Bob Shettler, pastor al First Presbyterian Church, Gainesville, Florida\" \/>\n<meta property=\"og:url\" content=\"https:\/\/biblia.md\/ru\/shop\/iosif-o-poveste-despre-dragoste-ura-sclavie-putere-si-iertare\/\" \/>\n<meta property=\"og:site_name\" content=\"Societatea Biblic\u0103 din Moldova\" \/>\n<meta property=\"article:publisher\" content=\"https:\/\/www.facebook.com\/SocietateaBiblicaMoldova\/\" \/>\n<meta property=\"article:modified_time\" content=\"2026-02-09T14:57:08+00:00\" \/>\n<meta property=\"og:image\" content=\"https:\/\/biblia.md\/wp-content\/uploads\/2026\/02\/0000008453-676x1024.jpg\" \/>\n\t<meta property=\"og:image:width\" content=\"676\" \/>\n\t<meta property=\"og:image:height\" content=\"1024\" \/>\n\t<meta property=\"og:image:type\" content=\"image\/jpeg\" \/>\n<meta name=\"twitter:card\" content=\"summary_large_image\" \/>\n<meta name=\"twitter:label1\" content=\"\u041f\u0440\u0438\u043c\u0435\u0440\u043d\u043e\u0435 \u0432\u0440\u0435\u043c\u044f \u0434\u043b\u044f \u0447\u0442\u0435\u043d\u0438\u044f\" \/>\n\t<meta name=\"twitter:data1\" content=\"1 \u043c\u0438\u043d\u0443\u0442\u0430\" \/>\n<script type=\"application\/ld+json\" class=\"yoast-schema-graph\">{\"@context\":\"https:\\\/\\\/schema.org\",\"@graph\":[{\"@type\":\"WebPage\",\"@id\":\"https:\\\/\\\/biblia.md\\\/shop\\\/iosif-o-poveste-despre-dragoste-ura-sclavie-putere-si-iertare\\\/\",\"url\":\"https:\\\/\\\/biblia.md\\\/shop\\\/iosif-o-poveste-despre-dragoste-ura-sclavie-putere-si-iertare\\\/\",\"name\":\"Iosif - O poveste despre dragoste, ur\u0103, sclavie, putere \u0219i iertare - Societatea Biblic\u0103 din Moldova\",\"isPartOf\":{\"@id\":\"https:\\\/\\\/biblia.md\\\/#website\"},\"primaryImageOfPage\":{\"@id\":\"https:\\\/\\\/biblia.md\\\/shop\\\/iosif-o-poveste-despre-dragoste-ura-sclavie-putere-si-iertare\\\/#primaryimage\"},\"image\":{\"@id\":\"https:\\\/\\\/biblia.md\\\/shop\\\/iosif-o-poveste-despre-dragoste-ura-sclavie-putere-si-iertare\\\/#primaryimage\"},\"thumbnailUrl\":\"https:\\\/\\\/biblia.md\\\/wp-content\\\/uploads\\\/2026\\\/02\\\/0000008453.jpg\",\"datePublished\":\"2026-02-09T14:57:07+00:00\",\"dateModified\":\"2026-02-09T14:57:08+00:00\",\"breadcrumb\":{\"@id\":\"https:\\\/\\\/biblia.md\\\/shop\\\/iosif-o-poveste-despre-dragoste-ura-sclavie-putere-si-iertare\\\/#breadcrumb\"},\"inLanguage\":\"ru-RU\",\"potentialAction\":[{\"@type\":\"ReadAction\",\"target\":[\"https:\\\/\\\/biblia.md\\\/shop\\\/iosif-o-poveste-despre-dragoste-ura-sclavie-putere-si-iertare\\\/\"]}]},{\"@type\":\"ImageObject\",\"inLanguage\":\"ru-RU\",\"@id\":\"https:\\\/\\\/biblia.md\\\/shop\\\/iosif-o-poveste-despre-dragoste-ura-sclavie-putere-si-iertare\\\/#primaryimage\",\"url\":\"https:\\\/\\\/biblia.md\\\/wp-content\\\/uploads\\\/2026\\\/02\\\/0000008453.jpg\",\"contentUrl\":\"https:\\\/\\\/biblia.md\\\/wp-content\\\/uploads\\\/2026\\\/02\\\/0000008453.jpg\",\"width\":1597,\"height\":2419},{\"@type\":\"BreadcrumbList\",\"@id\":\"https:\\\/\\\/biblia.md\\\/shop\\\/iosif-o-poveste-despre-dragoste-ura-sclavie-putere-si-iertare\\\/#breadcrumb\",\"itemListElement\":[{\"@type\":\"ListItem\",\"position\":1,\"name\":\"Prima pagin\u0103\",\"item\":\"https:\\\/\\\/biblia.md\\\/\"},{\"@type\":\"ListItem\",\"position\":2,\"name\":\"Shop\",\"item\":\"https:\\\/\\\/biblia.md\\\/shop\\\/\"},{\"@type\":\"ListItem\",\"position\":3,\"name\":\"Iosif &#8211; O poveste despre dragoste, ur\u0103, sclavie, putere \u0219i iertare\"}]},{\"@type\":\"WebSite\",\"@id\":\"https:\\\/\\\/biblia.md\\\/#website\",\"url\":\"https:\\\/\\\/biblia.md\\\/\",\"name\":\"Societatea Biblic\u0103 din Moldova\",\"description\":\"\",\"publisher\":{\"@id\":\"https:\\\/\\\/biblia.md\\\/#organization\"},\"potentialAction\":[{\"@type\":\"SearchAction\",\"target\":{\"@type\":\"EntryPoint\",\"urlTemplate\":\"https:\\\/\\\/biblia.md\\\/?s={search_term_string}\"},\"query-input\":{\"@type\":\"PropertyValueSpecification\",\"valueRequired\":true,\"valueName\":\"search_term_string\"}}],\"inLanguage\":\"ru-RU\"},{\"@type\":\"Organization\",\"@id\":\"https:\\\/\\\/biblia.md\\\/#organization\",\"name\":\"Societatea Biblic\u0103 din Moldova\",\"url\":\"https:\\\/\\\/biblia.md\\\/\",\"logo\":{\"@type\":\"ImageObject\",\"inLanguage\":\"ru-RU\",\"@id\":\"https:\\\/\\\/biblia.md\\\/#\\\/schema\\\/logo\\\/image\\\/\",\"url\":\"https:\\\/\\\/biblia.md\\\/wp-content\\\/uploads\\\/2026\\\/01\\\/icon_site.jpg\",\"contentUrl\":\"https:\\\/\\\/biblia.md\\\/wp-content\\\/uploads\\\/2026\\\/01\\\/icon_site.jpg\",\"width\":656,\"height\":656,\"caption\":\"Societatea Biblic\u0103 din Moldova\"},\"image\":{\"@id\":\"https:\\\/\\\/biblia.md\\\/#\\\/schema\\\/logo\\\/image\\\/\"},\"sameAs\":[\"https:\\\/\\\/www.facebook.com\\\/SocietateaBiblicaMoldova\\\/\",\"https:\\\/\\\/www.instagram.com\\\/biblia.md\\\/\"]}]}<\/script>\n<!-- \/ Yoast SEO plugin. -->","yoast_head_json":{"title":"Iosif - O poveste despre dragoste, ur\u0103, sclavie, putere \u0219i iertare - Societatea Biblic\u0103 din Moldova","robots":{"index":"index","follow":"follow","max-snippet":"max-snippet:-1","max-image-preview":"max-image-preview:large","max-video-preview":"max-video-preview:-1"},"canonical":"https:\/\/biblia.md\/ru\/shop\/iosif-o-poveste-despre-dragoste-ura-sclavie-putere-si-iertare\/","og_locale":"ru_RU","og_type":"article","og_title":"Iosif - O poveste despre dragoste, ur\u0103, sclavie, putere \u0219i iertare - Societatea Biblic\u0103 din Moldova","og_description":"\u201eCartea\u00a0Iosif\u00a0este o marc\u0103 a rafinamentului scriiturii lui John Lennox.\u201d \u2013 Os Guinness Istoria vie\u021bii lui Iosif, relatat\u0103 \u00een cartea Geneza, este o poveste despre dragoste, ur\u0103, sclavie, putere \u0219i iertare. Cu toate c\u0103 a fost scris\u0103 cu mii de ani \u00een urm\u0103, aceast\u0103 istorisire are calitatea atemporal\u0103 de a sonda ad\u00e2ncimile sufletului omenesc. \u00cen aceast\u0103 carte profund\u0103 \u0219i de o sensibilitate aparte, John Lennox eviden\u021biaz\u0103 temele majore pe care le \u00eent\u00e2lnim \u00een povestea lui Iosif \u2013 suferin\u021ba, ispita, iertarea, credin\u021ba \u0219i suveranitatea lui Dumnezeu \u2013 \u0219i ofer\u0103 aplica\u021bii practice pentru cititori. Interpretarea meticuloas\u0103 pe care autorul o face vie\u021bii lui Iosif ne \u00eendeamn\u0103 s\u0103 ne punem tot mai mult \u00eencrederea \u00een Dumnezeu atunci c\u00e2nd trecem prin suferin\u021be \u0219i greut\u0103\u021bi. \u00a0\u201eIosif\u00a0este o carte cu un impact puternic pentru noi cei de azi. Lennox, cu un talent de maestru scriitor, ne pune dinainte o dubl\u0103 perspectiv\u0103, o dat\u0103 prive\u0219te \u00een urm\u0103 la \u00eenainta\u0219ii lui Iosif, pentru a ne demonstra c\u0103 istoria tinde s\u0103 se repete \u0219i ne arat\u0103 acest lucru \u00een via\u021ba familiei lui Iosif, iar apoi ne \u00eendreapt\u0103 aten\u021bia spre vremurile viitoare istoriei lui Iosif, spre via\u021ba lui Isus Cristos, pentru a ne insufla speran\u021b\u0103.\u201d\u00a0\u2013 Bob Shettler, pastor al First Presbyterian Church, Gainesville, Florida","og_url":"https:\/\/biblia.md\/ru\/shop\/iosif-o-poveste-despre-dragoste-ura-sclavie-putere-si-iertare\/","og_site_name":"Societatea Biblic\u0103 din Moldova","article_publisher":"https:\/\/www.facebook.com\/SocietateaBiblicaMoldova\/","article_modified_time":"2026-02-09T14:57:08+00:00","og_image":[{"width":676,"height":1024,"url":"https:\/\/biblia.md\/wp-content\/uploads\/2026\/02\/0000008453-676x1024.jpg","type":"image\/jpeg"}],"twitter_card":"summary_large_image","twitter_misc":{"\u041f\u0440\u0438\u043c\u0435\u0440\u043d\u043e\u0435 \u0432\u0440\u0435\u043c\u044f \u0434\u043b\u044f \u0447\u0442\u0435\u043d\u0438\u044f":"1 \u043c\u0438\u043d\u0443\u0442\u0430"},"schema":{"@context":"https:\/\/schema.org","@graph":[{"@type":"WebPage","@id":"https:\/\/biblia.md\/shop\/iosif-o-poveste-despre-dragoste-ura-sclavie-putere-si-iertare\/","url":"https:\/\/biblia.md\/shop\/iosif-o-poveste-despre-dragoste-ura-sclavie-putere-si-iertare\/","name":"Iosif - O poveste despre dragoste, ur\u0103, sclavie, putere \u0219i iertare - Societatea Biblic\u0103 din Moldova","isPartOf":{"@id":"https:\/\/biblia.md\/#website"},"primaryImageOfPage":{"@id":"https:\/\/biblia.md\/shop\/iosif-o-poveste-despre-dragoste-ura-sclavie-putere-si-iertare\/#primaryimage"},"image":{"@id":"https:\/\/biblia.md\/shop\/iosif-o-poveste-despre-dragoste-ura-sclavie-putere-si-iertare\/#primaryimage"},"thumbnailUrl":"https:\/\/biblia.md\/wp-content\/uploads\/2026\/02\/0000008453.jpg","datePublished":"2026-02-09T14:57:07+00:00","dateModified":"2026-02-09T14:57:08+00:00","breadcrumb":{"@id":"https:\/\/biblia.md\/shop\/iosif-o-poveste-despre-dragoste-ura-sclavie-putere-si-iertare\/#breadcrumb"},"inLanguage":"ru-RU","potentialAction":[{"@type":"ReadAction","target":["https:\/\/biblia.md\/shop\/iosif-o-poveste-despre-dragoste-ura-sclavie-putere-si-iertare\/"]}]},{"@type":"ImageObject","inLanguage":"ru-RU","@id":"https:\/\/biblia.md\/shop\/iosif-o-poveste-despre-dragoste-ura-sclavie-putere-si-iertare\/#primaryimage","url":"https:\/\/biblia.md\/wp-content\/uploads\/2026\/02\/0000008453.jpg","contentUrl":"https:\/\/biblia.md\/wp-content\/uploads\/2026\/02\/0000008453.jpg","width":1597,"height":2419},{"@type":"BreadcrumbList","@id":"https:\/\/biblia.md\/shop\/iosif-o-poveste-despre-dragoste-ura-sclavie-putere-si-iertare\/#breadcrumb","itemListElement":[{"@type":"ListItem","position":1,"name":"Prima pagin\u0103","item":"https:\/\/biblia.md\/"},{"@type":"ListItem","position":2,"name":"Shop","item":"https:\/\/biblia.md\/shop\/"},{"@type":"ListItem","position":3,"name":"Iosif &#8211; O poveste despre dragoste, ur\u0103, sclavie, putere \u0219i iertare"}]},{"@type":"WebSite","@id":"https:\/\/biblia.md\/#website","url":"https:\/\/biblia.md\/","name":"Societatea Biblic\u0103 din Moldova","description":"","publisher":{"@id":"https:\/\/biblia.md\/#organization"},"potentialAction":[{"@type":"SearchAction","target":{"@type":"EntryPoint","urlTemplate":"https:\/\/biblia.md\/?s={search_term_string}"},"query-input":{"@type":"PropertyValueSpecification","valueRequired":true,"valueName":"search_term_string"}}],"inLanguage":"ru-RU"},{"@type":"Organization","@id":"https:\/\/biblia.md\/#organization","name":"Societatea Biblic\u0103 din Moldova","url":"https:\/\/biblia.md\/","logo":{"@type":"ImageObject","inLanguage":"ru-RU","@id":"https:\/\/biblia.md\/#\/schema\/logo\/image\/","url":"https:\/\/biblia.md\/wp-content\/uploads\/2026\/01\/icon_site.jpg","contentUrl":"https:\/\/biblia.md\/wp-content\/uploads\/2026\/01\/icon_site.jpg","width":656,"height":656,"caption":"Societatea Biblic\u0103 din Moldova"},"image":{"@id":"https:\/\/biblia.md\/#\/schema\/logo\/image\/"},"sameAs":["https:\/\/www.facebook.com\/SocietateaBiblicaMoldova\/","https:\/\/www.instagram.com\/biblia.md\/"]}]}},"_links":{"self":[{"href":"https:\/\/biblia.md\/ru\/wp-json\/wp\/v2\/product\/34393","targetHints":{"allow":["GET"]}}],"collection":[{"href":"https:\/\/biblia.md\/ru\/wp-json\/wp\/v2\/product"}],"about":[{"href":"https:\/\/biblia.md\/ru\/wp-json\/wp\/v2\/types\/product"}],"replies":[{"embeddable":true,"href":"https:\/\/biblia.md\/ru\/wp-json\/wp\/v2\/comments?post=34393"}],"version-history":[{"count":1,"href":"https:\/\/biblia.md\/ru\/wp-json\/wp\/v2\/product\/34393\/revisions"}],"predecessor-version":[{"id":34396,"href":"https:\/\/biblia.md\/ru\/wp-json\/wp\/v2\/product\/34393\/revisions\/34396"}],"wp:featuredmedia":[{"embeddable":true,"href":"https:\/\/biblia.md\/ru\/wp-json\/wp\/v2\/media\/34394"}],"wp:attachment":[{"href":"https:\/\/biblia.md\/ru\/wp-json\/wp\/v2\/media?parent=34393"}],"wp:term":[{"taxonomy":"product_brand","embeddable":true,"href":"https:\/\/biblia.md\/ru\/wp-json\/wp\/v2\/product_brand?post=34393"},{"taxonomy":"product_cat","embeddable":true,"href":"https:\/\/biblia.md\/ru\/wp-json\/wp\/v2\/product_cat?post=34393"},{"taxonomy":"product_tag","embeddable":true,"href":"https:\/\/biblia.md\/ru\/wp-json\/wp\/v2\/product_tag?post=34393"}],"curies":[{"name":"wp","href":"https:\/\/api.w.org\/{rel}","templated":true}]}}