{"id":34568,"date":"2026-01-01T12:28:21","date_gmt":"2026-01-01T10:28:21","guid":{"rendered":"https:\/\/biblia.md\/?post_type=product&#038;p=34568"},"modified":"2026-04-14T14:10:21","modified_gmt":"2026-04-14T12:10:21","slug":"liderul-poti-fi-tu","status":"publish","type":"product","link":"https:\/\/biblia.md\/ru\/shop\/liderul-poti-fi-tu\/","title":{"rendered":"Liderul poti fi tu"},"content":{"rendered":"","protected":false},"excerpt":{"rendered":"<p>Vremea directorului ascuns \u00een spatele unui birou impun\u0103tor, a angajatului lipsit de ini\u0163iativ\u0103, care a\u015fteapt\u0103 s\u0103 primeasc\u0103 sarcini de sus, a trecut.<br \/>\nDale Carnegie a fost un vizionar. El a c\u0103utat \u015fi a g\u0103sit solu\u0163ia prin care pute\u0163i deveni echilibra\u0163i \u00eentr-o lume nesigur\u0103.<br \/>\nE timpul s\u0103 comunic\u0103m. E timpul s\u0103 a\u015fez\u0103m \u00een centrul preocup\u0103rilor noastre rela\u0163iile cu oamenii. S\u0103 ne afirm\u0103m \u015fi s\u0103 ne confirm\u0103m valoarea, prin ini\u0163iativele \u015fi faptele noastre.<\/p>\n<p>Dac\u0103 sunte\u0163i \u00een impas, dar vre\u0163i s\u0103 schimba\u0163i ceva \u00een via\u0163a dumneavoastr\u0103, a familiei, a firmei pentru care lucra\u0163i, aplica\u0163i principiile lui Dale Carnegie. Autorii acestei c\u0103r\u0163i v\u0103 provoac\u0103 s\u0103 deveni\u0163i dumneavoastr\u0103 \u00een\u015fiv\u0103 un conduc\u0103tor. Un lider!<\/p>","protected":false},"featured_media":34574,"comment_status":"open","ping_status":"closed","template":"","meta":[],"product_brand":[],"product_cat":[377,385],"product_tag":[],"class_list":{"0":"post-34568","1":"product","2":"type-product","3":"status-publish","4":"has-post-thumbnail","6":"product_cat-carti","7":"product_cat-dezvoltare-personala","8":"product_author-dale-carnegie","9":"product_genre-knigi-rom","11":"first","12":"outofstock","13":"shipping-taxable","14":"purchasable","15":"product-type-simple"},"yoast_head":"<!-- This site is optimized with the Yoast SEO plugin v27.3 - https:\/\/yoast.com\/product\/yoast-seo-wordpress\/ -->\n<title>Liderul poti fi tu - Societatea Biblic\u0103 din Moldova<\/title>\n<meta name=\"robots\" content=\"index, follow, max-snippet:-1, max-image-preview:large, max-video-preview:-1\" \/>\n<link rel=\"canonical\" href=\"https:\/\/biblia.md\/ru\/shop\/liderul-poti-fi-tu\/\" \/>\n<meta property=\"og:locale\" content=\"ru_RU\" \/>\n<meta property=\"og:type\" content=\"article\" \/>\n<meta property=\"og:title\" content=\"Liderul poti fi tu - Societatea Biblic\u0103 din Moldova\" \/>\n<meta property=\"og:description\" content=\"Vremea directorului ascuns \u00een spatele unui birou impun\u0103tor, a angajatului lipsit de ini\u0163iativ\u0103, care a\u015fteapt\u0103 s\u0103 primeasc\u0103 sarcini de sus, a trecut. Dale Carnegie a fost un vizionar. El a c\u0103utat \u015fi a g\u0103sit solu\u0163ia prin care pute\u0163i deveni echilibra\u0163i \u00eentr-o lume nesigur\u0103. E timpul s\u0103 comunic\u0103m. E timpul s\u0103 a\u015fez\u0103m \u00een centrul preocup\u0103rilor noastre rela\u0163iile cu oamenii. S\u0103 ne afirm\u0103m \u015fi s\u0103 ne confirm\u0103m valoarea, prin ini\u0163iativele \u015fi faptele noastre.  Dac\u0103 sunte\u0163i \u00een impas, dar vre\u0163i s\u0103 schimba\u0163i ceva \u00een via\u0163a dumneavoastr\u0103, a familiei, a firmei pentru care lucra\u0163i, aplica\u0163i principiile lui Dale Carnegie. Autorii acestei c\u0103r\u0163i v\u0103 provoac\u0103 s\u0103 deveni\u0163i dumneavoastr\u0103 \u00een\u015fiv\u0103 un conduc\u0103tor. Un lider!\" \/>\n<meta property=\"og:url\" content=\"https:\/\/biblia.md\/ru\/shop\/liderul-poti-fi-tu\/\" \/>\n<meta property=\"og:site_name\" content=\"Societatea Biblic\u0103 din Moldova\" \/>\n<meta property=\"article:publisher\" content=\"https:\/\/www.facebook.com\/SocietateaBiblicaMoldova\/\" \/>\n<meta property=\"article:modified_time\" content=\"2026-04-14T12:10:21+00:00\" \/>\n<meta property=\"og:image\" content=\"https:\/\/biblia.md\/wp-content\/uploads\/2026\/02\/0000000866.jpg\" \/>\n\t<meta property=\"og:image:width\" content=\"600\" \/>\n\t<meta property=\"og:image:height\" content=\"900\" \/>\n\t<meta property=\"og:image:type\" content=\"image\/jpeg\" \/>\n<meta name=\"twitter:card\" content=\"summary_large_image\" \/>\n<meta name=\"twitter:label1\" content=\"\u041f\u0440\u0438\u043c\u0435\u0440\u043d\u043e\u0435 \u0432\u0440\u0435\u043c\u044f \u0434\u043b\u044f \u0447\u0442\u0435\u043d\u0438\u044f\" \/>\n\t<meta name=\"twitter:data1\" content=\"1 \u043c\u0438\u043d\u0443\u0442\u0430\" \/>\n<script type=\"application\/ld+json\" class=\"yoast-schema-graph\">{\"@context\":\"https:\\\/\\\/schema.org\",\"@graph\":[{\"@type\":\"WebPage\",\"@id\":\"https:\\\/\\\/biblia.md\\\/shop\\\/liderul-poti-fi-tu\\\/\",\"url\":\"https:\\\/\\\/biblia.md\\\/shop\\\/liderul-poti-fi-tu\\\/\",\"name\":\"Liderul poti fi tu - Societatea Biblic\u0103 din Moldova\",\"isPartOf\":{\"@id\":\"https:\\\/\\\/biblia.md\\\/#website\"},\"primaryImageOfPage\":{\"@id\":\"https:\\\/\\\/biblia.md\\\/shop\\\/liderul-poti-fi-tu\\\/#primaryimage\"},\"image\":{\"@id\":\"https:\\\/\\\/biblia.md\\\/shop\\\/liderul-poti-fi-tu\\\/#primaryimage\"},\"thumbnailUrl\":\"https:\\\/\\\/biblia.md\\\/wp-content\\\/uploads\\\/2026\\\/01\\\/337c3208-87b1-4961-b42b-982c4dde69af.png\",\"datePublished\":\"2026-01-01T10:28:21+00:00\",\"dateModified\":\"2026-04-14T12:10:21+00:00\",\"breadcrumb\":{\"@id\":\"https:\\\/\\\/biblia.md\\\/shop\\\/liderul-poti-fi-tu\\\/#breadcrumb\"},\"inLanguage\":\"ru-RU\",\"potentialAction\":[{\"@type\":\"ReadAction\",\"target\":[\"https:\\\/\\\/biblia.md\\\/shop\\\/liderul-poti-fi-tu\\\/\"]}]},{\"@type\":\"ImageObject\",\"inLanguage\":\"ru-RU\",\"@id\":\"https:\\\/\\\/biblia.md\\\/shop\\\/liderul-poti-fi-tu\\\/#primaryimage\",\"url\":\"https:\\\/\\\/biblia.md\\\/wp-content\\\/uploads\\\/2026\\\/01\\\/337c3208-87b1-4961-b42b-982c4dde69af.png\",\"contentUrl\":\"https:\\\/\\\/biblia.md\\\/wp-content\\\/uploads\\\/2026\\\/01\\\/337c3208-87b1-4961-b42b-982c4dde69af.png\",\"width\":1024,\"height\":1536},{\"@type\":\"BreadcrumbList\",\"@id\":\"https:\\\/\\\/biblia.md\\\/shop\\\/liderul-poti-fi-tu\\\/#breadcrumb\",\"itemListElement\":[{\"@type\":\"ListItem\",\"position\":1,\"name\":\"Prima pagin\u0103\",\"item\":\"https:\\\/\\\/biblia.md\\\/\"},{\"@type\":\"ListItem\",\"position\":2,\"name\":\"Shop\",\"item\":\"https:\\\/\\\/biblia.md\\\/shop\\\/\"},{\"@type\":\"ListItem\",\"position\":3,\"name\":\"Liderul poti fi tu\"}]},{\"@type\":\"WebSite\",\"@id\":\"https:\\\/\\\/biblia.md\\\/#website\",\"url\":\"https:\\\/\\\/biblia.md\\\/\",\"name\":\"Societatea Biblic\u0103 din Moldova\",\"description\":\"\",\"publisher\":{\"@id\":\"https:\\\/\\\/biblia.md\\\/#organization\"},\"potentialAction\":[{\"@type\":\"SearchAction\",\"target\":{\"@type\":\"EntryPoint\",\"urlTemplate\":\"https:\\\/\\\/biblia.md\\\/?s={search_term_string}\"},\"query-input\":{\"@type\":\"PropertyValueSpecification\",\"valueRequired\":true,\"valueName\":\"search_term_string\"}}],\"inLanguage\":\"ru-RU\"},{\"@type\":\"Organization\",\"@id\":\"https:\\\/\\\/biblia.md\\\/#organization\",\"name\":\"Societatea Biblic\u0103 din Moldova\",\"url\":\"https:\\\/\\\/biblia.md\\\/\",\"logo\":{\"@type\":\"ImageObject\",\"inLanguage\":\"ru-RU\",\"@id\":\"https:\\\/\\\/biblia.md\\\/#\\\/schema\\\/logo\\\/image\\\/\",\"url\":\"https:\\\/\\\/biblia.md\\\/wp-content\\\/uploads\\\/2026\\\/01\\\/icon_site.jpg\",\"contentUrl\":\"https:\\\/\\\/biblia.md\\\/wp-content\\\/uploads\\\/2026\\\/01\\\/icon_site.jpg\",\"width\":656,\"height\":656,\"caption\":\"Societatea Biblic\u0103 din Moldova\"},\"image\":{\"@id\":\"https:\\\/\\\/biblia.md\\\/#\\\/schema\\\/logo\\\/image\\\/\"},\"sameAs\":[\"https:\\\/\\\/www.facebook.com\\\/SocietateaBiblicaMoldova\\\/\",\"https:\\\/\\\/www.instagram.com\\\/biblia.md\\\/\"]}]}<\/script>\n<!-- \/ Yoast SEO plugin. -->","yoast_head_json":{"title":"Liderul poti fi tu - Societatea Biblic\u0103 din Moldova","robots":{"index":"index","follow":"follow","max-snippet":"max-snippet:-1","max-image-preview":"max-image-preview:large","max-video-preview":"max-video-preview:-1"},"canonical":"https:\/\/biblia.md\/ru\/shop\/liderul-poti-fi-tu\/","og_locale":"ru_RU","og_type":"article","og_title":"Liderul poti fi tu - Societatea Biblic\u0103 din Moldova","og_description":"Vremea directorului ascuns \u00een spatele unui birou impun\u0103tor, a angajatului lipsit de ini\u0163iativ\u0103, care a\u015fteapt\u0103 s\u0103 primeasc\u0103 sarcini de sus, a trecut. Dale Carnegie a fost un vizionar. El a c\u0103utat \u015fi a g\u0103sit solu\u0163ia prin care pute\u0163i deveni echilibra\u0163i \u00eentr-o lume nesigur\u0103. E timpul s\u0103 comunic\u0103m. E timpul s\u0103 a\u015fez\u0103m \u00een centrul preocup\u0103rilor noastre rela\u0163iile cu oamenii. S\u0103 ne afirm\u0103m \u015fi s\u0103 ne confirm\u0103m valoarea, prin ini\u0163iativele \u015fi faptele noastre.  Dac\u0103 sunte\u0163i \u00een impas, dar vre\u0163i s\u0103 schimba\u0163i ceva \u00een via\u0163a dumneavoastr\u0103, a familiei, a firmei pentru care lucra\u0163i, aplica\u0163i principiile lui Dale Carnegie. Autorii acestei c\u0103r\u0163i v\u0103 provoac\u0103 s\u0103 deveni\u0163i dumneavoastr\u0103 \u00een\u015fiv\u0103 un conduc\u0103tor. Un lider!","og_url":"https:\/\/biblia.md\/ru\/shop\/liderul-poti-fi-tu\/","og_site_name":"Societatea Biblic\u0103 din Moldova","article_publisher":"https:\/\/www.facebook.com\/SocietateaBiblicaMoldova\/","article_modified_time":"2026-04-14T12:10:21+00:00","og_image":[{"width":600,"height":900,"url":"https:\/\/biblia.md\/wp-content\/uploads\/2026\/02\/0000000866.jpg","type":"image\/jpeg"}],"twitter_card":"summary_large_image","twitter_misc":{"\u041f\u0440\u0438\u043c\u0435\u0440\u043d\u043e\u0435 \u0432\u0440\u0435\u043c\u044f \u0434\u043b\u044f \u0447\u0442\u0435\u043d\u0438\u044f":"1 \u043c\u0438\u043d\u0443\u0442\u0430"},"schema":{"@context":"https:\/\/schema.org","@graph":[{"@type":"WebPage","@id":"https:\/\/biblia.md\/shop\/liderul-poti-fi-tu\/","url":"https:\/\/biblia.md\/shop\/liderul-poti-fi-tu\/","name":"Liderul poti fi tu - Societatea Biblic\u0103 din Moldova","isPartOf":{"@id":"https:\/\/biblia.md\/#website"},"primaryImageOfPage":{"@id":"https:\/\/biblia.md\/shop\/liderul-poti-fi-tu\/#primaryimage"},"image":{"@id":"https:\/\/biblia.md\/shop\/liderul-poti-fi-tu\/#primaryimage"},"thumbnailUrl":"https:\/\/biblia.md\/wp-content\/uploads\/2026\/01\/337c3208-87b1-4961-b42b-982c4dde69af.png","datePublished":"2026-01-01T10:28:21+00:00","dateModified":"2026-04-14T12:10:21+00:00","breadcrumb":{"@id":"https:\/\/biblia.md\/shop\/liderul-poti-fi-tu\/#breadcrumb"},"inLanguage":"ru-RU","potentialAction":[{"@type":"ReadAction","target":["https:\/\/biblia.md\/shop\/liderul-poti-fi-tu\/"]}]},{"@type":"ImageObject","inLanguage":"ru-RU","@id":"https:\/\/biblia.md\/shop\/liderul-poti-fi-tu\/#primaryimage","url":"https:\/\/biblia.md\/wp-content\/uploads\/2026\/01\/337c3208-87b1-4961-b42b-982c4dde69af.png","contentUrl":"https:\/\/biblia.md\/wp-content\/uploads\/2026\/01\/337c3208-87b1-4961-b42b-982c4dde69af.png","width":1024,"height":1536},{"@type":"BreadcrumbList","@id":"https:\/\/biblia.md\/shop\/liderul-poti-fi-tu\/#breadcrumb","itemListElement":[{"@type":"ListItem","position":1,"name":"Prima pagin\u0103","item":"https:\/\/biblia.md\/"},{"@type":"ListItem","position":2,"name":"Shop","item":"https:\/\/biblia.md\/shop\/"},{"@type":"ListItem","position":3,"name":"Liderul poti fi tu"}]},{"@type":"WebSite","@id":"https:\/\/biblia.md\/#website","url":"https:\/\/biblia.md\/","name":"Societatea Biblic\u0103 din Moldova","description":"","publisher":{"@id":"https:\/\/biblia.md\/#organization"},"potentialAction":[{"@type":"SearchAction","target":{"@type":"EntryPoint","urlTemplate":"https:\/\/biblia.md\/?s={search_term_string}"},"query-input":{"@type":"PropertyValueSpecification","valueRequired":true,"valueName":"search_term_string"}}],"inLanguage":"ru-RU"},{"@type":"Organization","@id":"https:\/\/biblia.md\/#organization","name":"Societatea Biblic\u0103 din Moldova","url":"https:\/\/biblia.md\/","logo":{"@type":"ImageObject","inLanguage":"ru-RU","@id":"https:\/\/biblia.md\/#\/schema\/logo\/image\/","url":"https:\/\/biblia.md\/wp-content\/uploads\/2026\/01\/icon_site.jpg","contentUrl":"https:\/\/biblia.md\/wp-content\/uploads\/2026\/01\/icon_site.jpg","width":656,"height":656,"caption":"Societatea Biblic\u0103 din Moldova"},"image":{"@id":"https:\/\/biblia.md\/#\/schema\/logo\/image\/"},"sameAs":["https:\/\/www.facebook.com\/SocietateaBiblicaMoldova\/","https:\/\/www.instagram.com\/biblia.md\/"]}]}},"_links":{"self":[{"href":"https:\/\/biblia.md\/ru\/wp-json\/wp\/v2\/product\/34568","targetHints":{"allow":["GET"]}}],"collection":[{"href":"https:\/\/biblia.md\/ru\/wp-json\/wp\/v2\/product"}],"about":[{"href":"https:\/\/biblia.md\/ru\/wp-json\/wp\/v2\/types\/product"}],"replies":[{"embeddable":true,"href":"https:\/\/biblia.md\/ru\/wp-json\/wp\/v2\/comments?post=34568"}],"version-history":[{"count":1,"href":"https:\/\/biblia.md\/ru\/wp-json\/wp\/v2\/product\/34568\/revisions"}],"predecessor-version":[{"id":34572,"href":"https:\/\/biblia.md\/ru\/wp-json\/wp\/v2\/product\/34568\/revisions\/34572"}],"wp:featuredmedia":[{"embeddable":true,"href":"https:\/\/biblia.md\/ru\/wp-json\/wp\/v2\/media\/34574"}],"wp:attachment":[{"href":"https:\/\/biblia.md\/ru\/wp-json\/wp\/v2\/media?parent=34568"}],"wp:term":[{"taxonomy":"product_brand","embeddable":true,"href":"https:\/\/biblia.md\/ru\/wp-json\/wp\/v2\/product_brand?post=34568"},{"taxonomy":"product_cat","embeddable":true,"href":"https:\/\/biblia.md\/ru\/wp-json\/wp\/v2\/product_cat?post=34568"},{"taxonomy":"product_tag","embeddable":true,"href":"https:\/\/biblia.md\/ru\/wp-json\/wp\/v2\/product_tag?post=34568"}],"curies":[{"name":"wp","href":"https:\/\/api.w.org\/{rel}","templated":true}]}}