{"id":34595,"date":"2026-02-10T14:56:05","date_gmt":"2026-02-10T12:56:05","guid":{"rendered":"https:\/\/biblia.md\/?post_type=product&#038;p=34595"},"modified":"2026-02-10T14:58:05","modified_gmt":"2026-02-10T12:58:05","slug":"logica-lui-dumnezeu-52-de-idei-crestine-esentiale-pentru-inima-si-minte","status":"publish","type":"product","link":"https:\/\/biblia.md\/ru\/shop\/logica-lui-dumnezeu-52-de-idei-crestine-esentiale-pentru-inima-si-minte\/","title":{"rendered":"Logica lui Dumnezeu &#8211; 52 de idei crestine esentiale pentru inima si minte"},"content":{"rendered":"","protected":false},"excerpt":{"rendered":"<p>Nu e cu putin\u021b\u0103 s\u0103 tr\u0103ie\u0219ti f\u0103r\u0103 a pune \u00eentreb\u0103ri \u2014\u0219i ce surs\u0103 mai bun\u0103 pentru r\u0103spunsuri dec\u00e2t Cel ce a spus c\u0103 este Calea, Adev\u0103rul \u0219i Via\u021ba.<\/p>\n<p>\u00cen 52 de medita\u021bii profunde, Ravi Zacharias ne invit\u0103 s\u0103 aprofund\u0103m \u0219i \u00een\u021belegem fr\u0103m\u00e2nt\u0103rile \u0219i dilemele cu care ne confrunt\u0103m \u00een via\u021ba de credin\u021b\u0103, \u00eencerc\u00e2nd s\u0103 \u00een\u021belegem \u201eLogica lui Dumnezeu\u201d. Astfel vom ajunge s\u0103 \u00een\u021belegem dragostea Lui \u0219i felul \u00een care aceasta poate ajunge \u0219i la cele zdrobite inimi.<\/p>\n<p>Majoritatea oamenilor de ast\u0103zi nu \u0219tiu \u00een cine sau \u00een ce s\u0103 cread\u0103. Pus \u00een fa\u021ba \u00eentreb\u0103rilor anevoioase, Ravi Zacharias \u0219i-a petrecut mare parte a vie\u021bii ascult\u00e2ndu-le cu aten\u021bie \u0219i con\u0219tientiz\u00e2nd faptul c\u0103 dincolo de orice \u00eentrebare se afl\u0103 o persoan\u0103 care se \u00eentreab\u0103. Prin empatie sincer\u0103 \u0219i reflectare atent\u0103, Ravi Zacharias \u00eencearc\u0103 s\u0103 ofere r\u0103spunsuri la cele mai \u00eent\u00e2lnite probleme cu care se lupt\u0103 at\u00e2t scepticii, c\u00e2t \u0219i cre\u0219tinii. Cartea aceasta te va purta \u00eentr-o c\u0103l\u0103torie \u00een care vei afla ceea ce crezi \u0219i ceea ce nu crezi, dar \u0219i felul \u00een care \u00ee\u021bi po\u021bi aduce \u00een acord \u00eendoielile reale \u0219i credin\u021ba autentic\u0103.<\/p>\n<p>Dac\u0103 nu protej\u0103m, dac\u0103 nu c\u0103ut\u0103m \u0219i dac\u0103 nu ne implic\u0103m cu toat\u0103 inima \u0219i cu tot cugetul \u00een\u00a0<em>logica<\/em>\u00a0lui Dumnezeu \u2013 dovezile existen\u021bei Sale, pe care El \u00censu\u0219i ni le-a pus la dispozi\u021bie \u2013 atunci fiecare p\u0103rticic\u0103 esen\u021bial\u0103 a credin\u021bei cre\u0219tine va fi considerat\u0103 lipsit\u0103 de logic\u0103 \u0219i neadev\u0103rat\u0103, lucru care o va lipsi de orice acceptare ra\u021bional\u0103.<\/p>","protected":false},"featured_media":34598,"comment_status":"open","ping_status":"closed","template":"","meta":[],"product_brand":[],"product_cat":[377,388],"product_tag":[],"class_list":{"0":"post-34595","1":"product","2":"type-product","3":"status-publish","4":"has-post-thumbnail","6":"product_cat-carti","7":"product_cat-viata-crestina","8":"product_author-ravi-zacharias","9":"product_genre-knigi-rom","11":"first","12":"instock","13":"shipping-taxable","14":"purchasable","15":"product-type-simple"},"yoast_head":"<!-- This site is optimized with the Yoast SEO plugin v27.3 - https:\/\/yoast.com\/product\/yoast-seo-wordpress\/ -->\n<title>Logica lui Dumnezeu - 52 de idei crestine esentiale pentru inima si minte - Societatea Biblic\u0103 din Moldova<\/title>\n<meta name=\"robots\" content=\"index, follow, max-snippet:-1, max-image-preview:large, max-video-preview:-1\" \/>\n<link rel=\"canonical\" href=\"https:\/\/biblia.md\/ru\/shop\/logica-lui-dumnezeu-52-de-idei-crestine-esentiale-pentru-inima-si-minte\/\" \/>\n<meta property=\"og:locale\" content=\"ru_RU\" \/>\n<meta property=\"og:type\" content=\"article\" \/>\n<meta property=\"og:title\" content=\"Logica lui Dumnezeu - 52 de idei crestine esentiale pentru inima si minte - Societatea Biblic\u0103 din Moldova\" \/>\n<meta property=\"og:description\" content=\"Nu e cu putin\u021b\u0103 s\u0103 tr\u0103ie\u0219ti f\u0103r\u0103 a pune \u00eentreb\u0103ri \u2014\u0219i ce surs\u0103 mai bun\u0103 pentru r\u0103spunsuri dec\u00e2t Cel ce a spus c\u0103 este Calea, Adev\u0103rul \u0219i Via\u021ba.  \u00cen 52 de medita\u021bii profunde, Ravi Zacharias ne invit\u0103 s\u0103 aprofund\u0103m \u0219i \u00een\u021belegem fr\u0103m\u00e2nt\u0103rile \u0219i dilemele cu care ne confrunt\u0103m \u00een via\u021ba de credin\u021b\u0103, \u00eencerc\u00e2nd s\u0103 \u00een\u021belegem \u201eLogica lui Dumnezeu\u201d. Astfel vom ajunge s\u0103 \u00een\u021belegem dragostea Lui \u0219i felul \u00een care aceasta poate ajunge \u0219i la cele zdrobite inimi.  Majoritatea oamenilor de ast\u0103zi nu \u0219tiu \u00een cine sau \u00een ce s\u0103 cread\u0103. Pus \u00een fa\u021ba \u00eentreb\u0103rilor anevoioase, Ravi Zacharias \u0219i-a petrecut mare parte a vie\u021bii ascult\u00e2ndu-le cu aten\u021bie \u0219i con\u0219tientiz\u00e2nd faptul c\u0103 dincolo de orice \u00eentrebare se afl\u0103 o persoan\u0103 care se \u00eentreab\u0103. Prin empatie sincer\u0103 \u0219i reflectare atent\u0103, Ravi Zacharias \u00eencearc\u0103 s\u0103 ofere r\u0103spunsuri la cele mai \u00eent\u00e2lnite probleme cu care se lupt\u0103 at\u00e2t scepticii, c\u00e2t \u0219i cre\u0219tinii. Cartea aceasta te va purta \u00eentr-o c\u0103l\u0103torie \u00een care vei afla ceea ce crezi \u0219i ceea ce nu crezi, dar \u0219i felul \u00een care \u00ee\u021bi po\u021bi aduce \u00een acord \u00eendoielile reale \u0219i credin\u021ba autentic\u0103.  Dac\u0103 nu protej\u0103m, dac\u0103 nu c\u0103ut\u0103m \u0219i dac\u0103 nu ne implic\u0103m cu toat\u0103 inima \u0219i cu tot cugetul \u00een\u00a0logica\u00a0lui Dumnezeu \u2013 dovezile existen\u021bei Sale, pe care El \u00censu\u0219i ni le-a pus la dispozi\u021bie \u2013 atunci fiecare p\u0103rticic\u0103 esen\u021bial\u0103 a credin\u021bei cre\u0219tine va fi considerat\u0103 lipsit\u0103 de logic\u0103 \u0219i neadev\u0103rat\u0103, lucru care o va lipsi de orice acceptare ra\u021bional\u0103.\" \/>\n<meta property=\"og:url\" content=\"https:\/\/biblia.md\/ru\/shop\/logica-lui-dumnezeu-52-de-idei-crestine-esentiale-pentru-inima-si-minte\/\" \/>\n<meta property=\"og:site_name\" content=\"Societatea Biblic\u0103 din Moldova\" \/>\n<meta property=\"article:publisher\" content=\"https:\/\/www.facebook.com\/SocietateaBiblicaMoldova\/\" \/>\n<meta property=\"article:modified_time\" content=\"2026-02-10T12:58:05+00:00\" \/>\n<meta property=\"og:image\" content=\"https:\/\/biblia.md\/wp-content\/uploads\/2026\/02\/0000001939.jpg\" \/>\n\t<meta property=\"og:image:width\" content=\"600\" \/>\n\t<meta property=\"og:image:height\" content=\"900\" \/>\n\t<meta property=\"og:image:type\" content=\"image\/jpeg\" \/>\n<meta name=\"twitter:card\" content=\"summary_large_image\" \/>\n<meta name=\"twitter:label1\" content=\"\u041f\u0440\u0438\u043c\u0435\u0440\u043d\u043e\u0435 \u0432\u0440\u0435\u043c\u044f \u0434\u043b\u044f \u0447\u0442\u0435\u043d\u0438\u044f\" \/>\n\t<meta name=\"twitter:data1\" content=\"1 \u043c\u0438\u043d\u0443\u0442\u0430\" \/>\n<script type=\"application\/ld+json\" class=\"yoast-schema-graph\">{\"@context\":\"https:\\\/\\\/schema.org\",\"@graph\":[{\"@type\":\"WebPage\",\"@id\":\"https:\\\/\\\/biblia.md\\\/shop\\\/logica-lui-dumnezeu-52-de-idei-crestine-esentiale-pentru-inima-si-minte\\\/\",\"url\":\"https:\\\/\\\/biblia.md\\\/shop\\\/logica-lui-dumnezeu-52-de-idei-crestine-esentiale-pentru-inima-si-minte\\\/\",\"name\":\"Logica lui Dumnezeu - 52 de idei crestine esentiale pentru inima si minte - Societatea Biblic\u0103 din Moldova\",\"isPartOf\":{\"@id\":\"https:\\\/\\\/biblia.md\\\/#website\"},\"primaryImageOfPage\":{\"@id\":\"https:\\\/\\\/biblia.md\\\/shop\\\/logica-lui-dumnezeu-52-de-idei-crestine-esentiale-pentru-inima-si-minte\\\/#primaryimage\"},\"image\":{\"@id\":\"https:\\\/\\\/biblia.md\\\/shop\\\/logica-lui-dumnezeu-52-de-idei-crestine-esentiale-pentru-inima-si-minte\\\/#primaryimage\"},\"thumbnailUrl\":\"https:\\\/\\\/biblia.md\\\/wp-content\\\/uploads\\\/2026\\\/02\\\/59ba9e2d-397b-44a0-8e73-28fcb68b8706.png\",\"datePublished\":\"2026-02-10T12:56:05+00:00\",\"dateModified\":\"2026-02-10T12:58:05+00:00\",\"breadcrumb\":{\"@id\":\"https:\\\/\\\/biblia.md\\\/shop\\\/logica-lui-dumnezeu-52-de-idei-crestine-esentiale-pentru-inima-si-minte\\\/#breadcrumb\"},\"inLanguage\":\"ru-RU\",\"potentialAction\":[{\"@type\":\"ReadAction\",\"target\":[\"https:\\\/\\\/biblia.md\\\/shop\\\/logica-lui-dumnezeu-52-de-idei-crestine-esentiale-pentru-inima-si-minte\\\/\"]}]},{\"@type\":\"ImageObject\",\"inLanguage\":\"ru-RU\",\"@id\":\"https:\\\/\\\/biblia.md\\\/shop\\\/logica-lui-dumnezeu-52-de-idei-crestine-esentiale-pentru-inima-si-minte\\\/#primaryimage\",\"url\":\"https:\\\/\\\/biblia.md\\\/wp-content\\\/uploads\\\/2026\\\/02\\\/59ba9e2d-397b-44a0-8e73-28fcb68b8706.png\",\"contentUrl\":\"https:\\\/\\\/biblia.md\\\/wp-content\\\/uploads\\\/2026\\\/02\\\/59ba9e2d-397b-44a0-8e73-28fcb68b8706.png\",\"width\":1024,\"height\":1536},{\"@type\":\"BreadcrumbList\",\"@id\":\"https:\\\/\\\/biblia.md\\\/shop\\\/logica-lui-dumnezeu-52-de-idei-crestine-esentiale-pentru-inima-si-minte\\\/#breadcrumb\",\"itemListElement\":[{\"@type\":\"ListItem\",\"position\":1,\"name\":\"Prima pagin\u0103\",\"item\":\"https:\\\/\\\/biblia.md\\\/\"},{\"@type\":\"ListItem\",\"position\":2,\"name\":\"Shop\",\"item\":\"https:\\\/\\\/biblia.md\\\/shop\\\/\"},{\"@type\":\"ListItem\",\"position\":3,\"name\":\"Logica lui Dumnezeu &#8211; 52 de idei crestine esentiale pentru inima si minte\"}]},{\"@type\":\"WebSite\",\"@id\":\"https:\\\/\\\/biblia.md\\\/#website\",\"url\":\"https:\\\/\\\/biblia.md\\\/\",\"name\":\"Societatea Biblic\u0103 din Moldova\",\"description\":\"\",\"publisher\":{\"@id\":\"https:\\\/\\\/biblia.md\\\/#organization\"},\"potentialAction\":[{\"@type\":\"SearchAction\",\"target\":{\"@type\":\"EntryPoint\",\"urlTemplate\":\"https:\\\/\\\/biblia.md\\\/?s={search_term_string}\"},\"query-input\":{\"@type\":\"PropertyValueSpecification\",\"valueRequired\":true,\"valueName\":\"search_term_string\"}}],\"inLanguage\":\"ru-RU\"},{\"@type\":\"Organization\",\"@id\":\"https:\\\/\\\/biblia.md\\\/#organization\",\"name\":\"Societatea Biblic\u0103 din Moldova\",\"url\":\"https:\\\/\\\/biblia.md\\\/\",\"logo\":{\"@type\":\"ImageObject\",\"inLanguage\":\"ru-RU\",\"@id\":\"https:\\\/\\\/biblia.md\\\/#\\\/schema\\\/logo\\\/image\\\/\",\"url\":\"https:\\\/\\\/biblia.md\\\/wp-content\\\/uploads\\\/2026\\\/01\\\/icon_site.jpg\",\"contentUrl\":\"https:\\\/\\\/biblia.md\\\/wp-content\\\/uploads\\\/2026\\\/01\\\/icon_site.jpg\",\"width\":656,\"height\":656,\"caption\":\"Societatea Biblic\u0103 din Moldova\"},\"image\":{\"@id\":\"https:\\\/\\\/biblia.md\\\/#\\\/schema\\\/logo\\\/image\\\/\"},\"sameAs\":[\"https:\\\/\\\/www.facebook.com\\\/SocietateaBiblicaMoldova\\\/\",\"https:\\\/\\\/www.instagram.com\\\/biblia.md\\\/\"]}]}<\/script>\n<!-- \/ Yoast SEO plugin. -->","yoast_head_json":{"title":"Logica lui Dumnezeu - 52 de idei crestine esentiale pentru inima si minte - Societatea Biblic\u0103 din Moldova","robots":{"index":"index","follow":"follow","max-snippet":"max-snippet:-1","max-image-preview":"max-image-preview:large","max-video-preview":"max-video-preview:-1"},"canonical":"https:\/\/biblia.md\/ru\/shop\/logica-lui-dumnezeu-52-de-idei-crestine-esentiale-pentru-inima-si-minte\/","og_locale":"ru_RU","og_type":"article","og_title":"Logica lui Dumnezeu - 52 de idei crestine esentiale pentru inima si minte - Societatea Biblic\u0103 din Moldova","og_description":"Nu e cu putin\u021b\u0103 s\u0103 tr\u0103ie\u0219ti f\u0103r\u0103 a pune \u00eentreb\u0103ri \u2014\u0219i ce surs\u0103 mai bun\u0103 pentru r\u0103spunsuri dec\u00e2t Cel ce a spus c\u0103 este Calea, Adev\u0103rul \u0219i Via\u021ba.  \u00cen 52 de medita\u021bii profunde, Ravi Zacharias ne invit\u0103 s\u0103 aprofund\u0103m \u0219i \u00een\u021belegem fr\u0103m\u00e2nt\u0103rile \u0219i dilemele cu care ne confrunt\u0103m \u00een via\u021ba de credin\u021b\u0103, \u00eencerc\u00e2nd s\u0103 \u00een\u021belegem \u201eLogica lui Dumnezeu\u201d. Astfel vom ajunge s\u0103 \u00een\u021belegem dragostea Lui \u0219i felul \u00een care aceasta poate ajunge \u0219i la cele zdrobite inimi.  Majoritatea oamenilor de ast\u0103zi nu \u0219tiu \u00een cine sau \u00een ce s\u0103 cread\u0103. Pus \u00een fa\u021ba \u00eentreb\u0103rilor anevoioase, Ravi Zacharias \u0219i-a petrecut mare parte a vie\u021bii ascult\u00e2ndu-le cu aten\u021bie \u0219i con\u0219tientiz\u00e2nd faptul c\u0103 dincolo de orice \u00eentrebare se afl\u0103 o persoan\u0103 care se \u00eentreab\u0103. Prin empatie sincer\u0103 \u0219i reflectare atent\u0103, Ravi Zacharias \u00eencearc\u0103 s\u0103 ofere r\u0103spunsuri la cele mai \u00eent\u00e2lnite probleme cu care se lupt\u0103 at\u00e2t scepticii, c\u00e2t \u0219i cre\u0219tinii. Cartea aceasta te va purta \u00eentr-o c\u0103l\u0103torie \u00een care vei afla ceea ce crezi \u0219i ceea ce nu crezi, dar \u0219i felul \u00een care \u00ee\u021bi po\u021bi aduce \u00een acord \u00eendoielile reale \u0219i credin\u021ba autentic\u0103.  Dac\u0103 nu protej\u0103m, dac\u0103 nu c\u0103ut\u0103m \u0219i dac\u0103 nu ne implic\u0103m cu toat\u0103 inima \u0219i cu tot cugetul \u00een\u00a0logica\u00a0lui Dumnezeu \u2013 dovezile existen\u021bei Sale, pe care El \u00censu\u0219i ni le-a pus la dispozi\u021bie \u2013 atunci fiecare p\u0103rticic\u0103 esen\u021bial\u0103 a credin\u021bei cre\u0219tine va fi considerat\u0103 lipsit\u0103 de logic\u0103 \u0219i neadev\u0103rat\u0103, lucru care o va lipsi de orice acceptare ra\u021bional\u0103.","og_url":"https:\/\/biblia.md\/ru\/shop\/logica-lui-dumnezeu-52-de-idei-crestine-esentiale-pentru-inima-si-minte\/","og_site_name":"Societatea Biblic\u0103 din Moldova","article_publisher":"https:\/\/www.facebook.com\/SocietateaBiblicaMoldova\/","article_modified_time":"2026-02-10T12:58:05+00:00","og_image":[{"width":600,"height":900,"url":"https:\/\/biblia.md\/wp-content\/uploads\/2026\/02\/0000001939.jpg","type":"image\/jpeg"}],"twitter_card":"summary_large_image","twitter_misc":{"\u041f\u0440\u0438\u043c\u0435\u0440\u043d\u043e\u0435 \u0432\u0440\u0435\u043c\u044f \u0434\u043b\u044f \u0447\u0442\u0435\u043d\u0438\u044f":"1 \u043c\u0438\u043d\u0443\u0442\u0430"},"schema":{"@context":"https:\/\/schema.org","@graph":[{"@type":"WebPage","@id":"https:\/\/biblia.md\/shop\/logica-lui-dumnezeu-52-de-idei-crestine-esentiale-pentru-inima-si-minte\/","url":"https:\/\/biblia.md\/shop\/logica-lui-dumnezeu-52-de-idei-crestine-esentiale-pentru-inima-si-minte\/","name":"Logica lui Dumnezeu - 52 de idei crestine esentiale pentru inima si minte - Societatea Biblic\u0103 din Moldova","isPartOf":{"@id":"https:\/\/biblia.md\/#website"},"primaryImageOfPage":{"@id":"https:\/\/biblia.md\/shop\/logica-lui-dumnezeu-52-de-idei-crestine-esentiale-pentru-inima-si-minte\/#primaryimage"},"image":{"@id":"https:\/\/biblia.md\/shop\/logica-lui-dumnezeu-52-de-idei-crestine-esentiale-pentru-inima-si-minte\/#primaryimage"},"thumbnailUrl":"https:\/\/biblia.md\/wp-content\/uploads\/2026\/02\/59ba9e2d-397b-44a0-8e73-28fcb68b8706.png","datePublished":"2026-02-10T12:56:05+00:00","dateModified":"2026-02-10T12:58:05+00:00","breadcrumb":{"@id":"https:\/\/biblia.md\/shop\/logica-lui-dumnezeu-52-de-idei-crestine-esentiale-pentru-inima-si-minte\/#breadcrumb"},"inLanguage":"ru-RU","potentialAction":[{"@type":"ReadAction","target":["https:\/\/biblia.md\/shop\/logica-lui-dumnezeu-52-de-idei-crestine-esentiale-pentru-inima-si-minte\/"]}]},{"@type":"ImageObject","inLanguage":"ru-RU","@id":"https:\/\/biblia.md\/shop\/logica-lui-dumnezeu-52-de-idei-crestine-esentiale-pentru-inima-si-minte\/#primaryimage","url":"https:\/\/biblia.md\/wp-content\/uploads\/2026\/02\/59ba9e2d-397b-44a0-8e73-28fcb68b8706.png","contentUrl":"https:\/\/biblia.md\/wp-content\/uploads\/2026\/02\/59ba9e2d-397b-44a0-8e73-28fcb68b8706.png","width":1024,"height":1536},{"@type":"BreadcrumbList","@id":"https:\/\/biblia.md\/shop\/logica-lui-dumnezeu-52-de-idei-crestine-esentiale-pentru-inima-si-minte\/#breadcrumb","itemListElement":[{"@type":"ListItem","position":1,"name":"Prima pagin\u0103","item":"https:\/\/biblia.md\/"},{"@type":"ListItem","position":2,"name":"Shop","item":"https:\/\/biblia.md\/shop\/"},{"@type":"ListItem","position":3,"name":"Logica lui Dumnezeu &#8211; 52 de idei crestine esentiale pentru inima si minte"}]},{"@type":"WebSite","@id":"https:\/\/biblia.md\/#website","url":"https:\/\/biblia.md\/","name":"Societatea Biblic\u0103 din Moldova","description":"","publisher":{"@id":"https:\/\/biblia.md\/#organization"},"potentialAction":[{"@type":"SearchAction","target":{"@type":"EntryPoint","urlTemplate":"https:\/\/biblia.md\/?s={search_term_string}"},"query-input":{"@type":"PropertyValueSpecification","valueRequired":true,"valueName":"search_term_string"}}],"inLanguage":"ru-RU"},{"@type":"Organization","@id":"https:\/\/biblia.md\/#organization","name":"Societatea Biblic\u0103 din Moldova","url":"https:\/\/biblia.md\/","logo":{"@type":"ImageObject","inLanguage":"ru-RU","@id":"https:\/\/biblia.md\/#\/schema\/logo\/image\/","url":"https:\/\/biblia.md\/wp-content\/uploads\/2026\/01\/icon_site.jpg","contentUrl":"https:\/\/biblia.md\/wp-content\/uploads\/2026\/01\/icon_site.jpg","width":656,"height":656,"caption":"Societatea Biblic\u0103 din Moldova"},"image":{"@id":"https:\/\/biblia.md\/#\/schema\/logo\/image\/"},"sameAs":["https:\/\/www.facebook.com\/SocietateaBiblicaMoldova\/","https:\/\/www.instagram.com\/biblia.md\/"]}]}},"_links":{"self":[{"href":"https:\/\/biblia.md\/ru\/wp-json\/wp\/v2\/product\/34595","targetHints":{"allow":["GET"]}}],"collection":[{"href":"https:\/\/biblia.md\/ru\/wp-json\/wp\/v2\/product"}],"about":[{"href":"https:\/\/biblia.md\/ru\/wp-json\/wp\/v2\/types\/product"}],"replies":[{"embeddable":true,"href":"https:\/\/biblia.md\/ru\/wp-json\/wp\/v2\/comments?post=34595"}],"version-history":[{"count":1,"href":"https:\/\/biblia.md\/ru\/wp-json\/wp\/v2\/product\/34595\/revisions"}],"predecessor-version":[{"id":34597,"href":"https:\/\/biblia.md\/ru\/wp-json\/wp\/v2\/product\/34595\/revisions\/34597"}],"wp:featuredmedia":[{"embeddable":true,"href":"https:\/\/biblia.md\/ru\/wp-json\/wp\/v2\/media\/34598"}],"wp:attachment":[{"href":"https:\/\/biblia.md\/ru\/wp-json\/wp\/v2\/media?parent=34595"}],"wp:term":[{"taxonomy":"product_brand","embeddable":true,"href":"https:\/\/biblia.md\/ru\/wp-json\/wp\/v2\/product_brand?post=34595"},{"taxonomy":"product_cat","embeddable":true,"href":"https:\/\/biblia.md\/ru\/wp-json\/wp\/v2\/product_cat?post=34595"},{"taxonomy":"product_tag","embeddable":true,"href":"https:\/\/biblia.md\/ru\/wp-json\/wp\/v2\/product_tag?post=34595"}],"curies":[{"name":"wp","href":"https:\/\/api.w.org\/{rel}","templated":true}]}}