{"id":35420,"date":"2026-02-26T14:10:22","date_gmt":"2026-02-26T12:10:22","guid":{"rendered":"https:\/\/biblia.md\/?post_type=product&#038;p=35420"},"modified":"2026-02-27T07:14:32","modified_gmt":"2026-02-27T05:14:32","slug":"parinti-si-copii","status":"publish","type":"product","link":"https:\/\/biblia.md\/ru\/shop\/parinti-si-copii\/","title":{"rendered":"Parinti si copii"},"content":{"rendered":"<p>DESPRE AUTOR<\/p>\n<p><strong><img decoding=\"async\" class=\"wp-image-6546 alignleft\" src=\"https:\/\/nouasperanta.ro\/wp-content\/uploads\/2024\/10\/john-maxwell.jpg\" alt=\"\" width=\"84\" height=\"114\" \/><\/strong><\/p>\n<p><strong>Dr. John C. Maxwell<\/strong>\u00a0este un autor \u0219i un vorbitor des\u0103v\u00e2r\u0219it, cunoscut \u00een \u00eentreaga lume pentru seminariile sale motiva\u021bionale \u0219i viziunea sa pozitiv\u0103 asupra vie\u021bii. John Maxwell a ajutat mii de oameni s\u0103-\u0219i \u00een\u021beleag\u0103 talentele \u0219i abilit\u0103\u021bile \u0219i i-a \u00eenv\u0103\u021bat cum s\u0103 le foloseasc\u0103 spre gloria lui Dumnezeu. Dar c\u00e2nd este \u00eentrebat ce pre\u021buie\u0219te cel mai mult, \u00ee\u021bi va spune despre Margaret, so\u021bia lui \u0219i cei mai grozavi copii pe care i-a putut cere cineva \u2012 Elizabeth \u0219i Joel Porter.<\/p>","protected":false},"excerpt":{"rendered":"<p>Fie c\u0103 a\u0219tep\u021bi venirea copiilor sau te \u00eentrebi c\u00e2nd vor pleca, aceast\u0103 carte te va ajuta s\u0103 eliberezi poten\u021bialul care este blocat \u00een fiecare membru al familiei tale. Definind oportunitatea de cre\u0219tere ca un \u201eavans semnificativ sau schimbare de direc\u021bie care propulseaz\u0103 un copil mai aproape de poten\u021bialul s\u0103u\u201c, Maxwell \u00eencurajeaz\u0103 p\u0103rin\u021bii s\u0103 adopte o abordare captivant\u0103 \u0219i creativ\u0103 a cre\u0219terii copiilor \u0219i s\u0103 descopere modalit\u0103\u021bi de a transforma oportunit\u0103\u021bile de zi cu zi \u00een experien\u021be care le schimb\u0103 via\u021ba.<\/p>\n<p>Prin cele 10 perspective cheie pentru tine \u0219i copiii t\u0103i, aceast\u0103 carte \u00ee\u021bi pune la dispozi\u021bie resursele necesare pentru a ie\u0219i din rutin\u0103, arenun\u021ba la obiceiuri vechi \u0219i a \u00eenfrunta problemele vie\u021bii cu creativitate \u0219i pasiune. Vei fi uimit de rezultatele surprinz\u0103toare pe care le vei vedea la copiii t\u0103i c\u00e2nd nu sunt compara\u021bi unul cu altul \u0219i vei aprecia talentele minunate \u0219i abilit\u0103\u021bile unice pe care Dumnezeu le-a dat, \u00een mod special, fiec\u0103ruia dintre ei. \u0218i, cu siguran\u021b\u0103, vei fi \u00eenc\u00e2ntat c\u00e2nd copiii t\u0103i vor \u00eencepe s\u0103-\u0219i stabileasc\u0103 obiective, s\u0103 \u021binteasc\u0103 sus \u0219i chiar s\u0103 ating\u0103 \u021binta!<\/p>","protected":false},"featured_media":35489,"comment_status":"open","ping_status":"closed","template":"","meta":[],"product_brand":[],"product_cat":[377,396],"product_tag":[],"class_list":{"0":"post-35420","1":"product","2":"type-product","3":"status-publish","4":"has-post-thumbnail","6":"product_cat-carti","7":"product_cat-parinti","8":"product_author-john-maxwell","9":"product_genre-knigi-rom","11":"first","12":"instock","13":"shipping-taxable","14":"purchasable","15":"product-type-simple"},"yoast_head":"<!-- This site is optimized with the Yoast SEO plugin v27.3 - https:\/\/yoast.com\/product\/yoast-seo-wordpress\/ -->\n<title>Parinti si copii - Societatea Biblic\u0103 din Moldova<\/title>\n<meta name=\"robots\" content=\"index, follow, max-snippet:-1, max-image-preview:large, max-video-preview:-1\" \/>\n<link rel=\"canonical\" href=\"https:\/\/biblia.md\/ru\/shop\/parinti-si-copii\/\" \/>\n<meta property=\"og:locale\" content=\"ru_RU\" \/>\n<meta property=\"og:type\" content=\"article\" \/>\n<meta property=\"og:title\" content=\"Parinti si copii - Societatea Biblic\u0103 din Moldova\" \/>\n<meta property=\"og:description\" content=\"Fie c\u0103 a\u0219tep\u021bi venirea copiilor sau te \u00eentrebi c\u00e2nd vor pleca, aceast\u0103 carte te va ajuta s\u0103 eliberezi poten\u021bialul care este blocat \u00een fiecare membru al familiei tale. Definind oportunitatea de cre\u0219tere ca un \u201eavans semnificativ sau schimbare de direc\u021bie care propulseaz\u0103 un copil mai aproape de poten\u021bialul s\u0103u\u201c, Maxwell \u00eencurajeaz\u0103 p\u0103rin\u021bii s\u0103 adopte o abordare captivant\u0103 \u0219i creativ\u0103 a cre\u0219terii copiilor \u0219i s\u0103 descopere modalit\u0103\u021bi de a transforma oportunit\u0103\u021bile de zi cu zi \u00een experien\u021be care le schimb\u0103 via\u021ba.  Prin cele 10 perspective cheie pentru tine \u0219i copiii t\u0103i, aceast\u0103 carte \u00ee\u021bi pune la dispozi\u021bie resursele necesare pentru a ie\u0219i din rutin\u0103, arenun\u021ba la obiceiuri vechi \u0219i a \u00eenfrunta problemele vie\u021bii cu creativitate \u0219i pasiune. Vei fi uimit de rezultatele surprinz\u0103toare pe care le vei vedea la copiii t\u0103i c\u00e2nd nu sunt compara\u021bi unul cu altul \u0219i vei aprecia talentele minunate \u0219i abilit\u0103\u021bile unice pe care Dumnezeu le-a dat, \u00een mod special, fiec\u0103ruia dintre ei. \u0218i, cu siguran\u021b\u0103, vei fi \u00eenc\u00e2ntat c\u00e2nd copiii t\u0103i vor \u00eencepe s\u0103-\u0219i stabileasc\u0103 obiective, s\u0103 \u021binteasc\u0103 sus \u0219i chiar s\u0103 ating\u0103 \u021binta!\" \/>\n<meta property=\"og:url\" content=\"https:\/\/biblia.md\/ru\/shop\/parinti-si-copii\/\" \/>\n<meta property=\"og:site_name\" content=\"Societatea Biblic\u0103 din Moldova\" \/>\n<meta property=\"article:publisher\" content=\"https:\/\/www.facebook.com\/SocietateaBiblicaMoldova\/\" \/>\n<meta property=\"article:modified_time\" content=\"2026-02-27T05:14:32+00:00\" \/>\n<meta property=\"og:image\" content=\"https:\/\/biblia.md\/wp-content\/uploads\/2026\/02\/0000008356.png\" \/>\n\t<meta property=\"og:image:width\" content=\"460\" \/>\n\t<meta property=\"og:image:height\" content=\"690\" \/>\n\t<meta property=\"og:image:type\" content=\"image\/png\" \/>\n<meta name=\"twitter:card\" content=\"summary_large_image\" \/>\n<meta name=\"twitter:label1\" content=\"\u041f\u0440\u0438\u043c\u0435\u0440\u043d\u043e\u0435 \u0432\u0440\u0435\u043c\u044f \u0434\u043b\u044f \u0447\u0442\u0435\u043d\u0438\u044f\" \/>\n\t<meta name=\"twitter:data1\" content=\"1 \u043c\u0438\u043d\u0443\u0442\u0430\" \/>\n<script type=\"application\/ld+json\" class=\"yoast-schema-graph\">{\"@context\":\"https:\\\/\\\/schema.org\",\"@graph\":[{\"@type\":\"WebPage\",\"@id\":\"https:\\\/\\\/biblia.md\\\/shop\\\/parinti-si-copii\\\/\",\"url\":\"https:\\\/\\\/biblia.md\\\/shop\\\/parinti-si-copii\\\/\",\"name\":\"Parinti si copii - Societatea Biblic\u0103 din Moldova\",\"isPartOf\":{\"@id\":\"https:\\\/\\\/biblia.md\\\/#website\"},\"primaryImageOfPage\":{\"@id\":\"https:\\\/\\\/biblia.md\\\/shop\\\/parinti-si-copii\\\/#primaryimage\"},\"image\":{\"@id\":\"https:\\\/\\\/biblia.md\\\/shop\\\/parinti-si-copii\\\/#primaryimage\"},\"thumbnailUrl\":\"https:\\\/\\\/biblia.md\\\/wp-content\\\/uploads\\\/2026\\\/02\\\/dfca012b-502d-42cf-8c3b-7a3953122698.png\",\"datePublished\":\"2026-02-26T12:10:22+00:00\",\"dateModified\":\"2026-02-27T05:14:32+00:00\",\"breadcrumb\":{\"@id\":\"https:\\\/\\\/biblia.md\\\/shop\\\/parinti-si-copii\\\/#breadcrumb\"},\"inLanguage\":\"ru-RU\",\"potentialAction\":[{\"@type\":\"ReadAction\",\"target\":[\"https:\\\/\\\/biblia.md\\\/shop\\\/parinti-si-copii\\\/\"]}]},{\"@type\":\"ImageObject\",\"inLanguage\":\"ru-RU\",\"@id\":\"https:\\\/\\\/biblia.md\\\/shop\\\/parinti-si-copii\\\/#primaryimage\",\"url\":\"https:\\\/\\\/biblia.md\\\/wp-content\\\/uploads\\\/2026\\\/02\\\/dfca012b-502d-42cf-8c3b-7a3953122698.png\",\"contentUrl\":\"https:\\\/\\\/biblia.md\\\/wp-content\\\/uploads\\\/2026\\\/02\\\/dfca012b-502d-42cf-8c3b-7a3953122698.png\",\"width\":1024,\"height\":1536},{\"@type\":\"BreadcrumbList\",\"@id\":\"https:\\\/\\\/biblia.md\\\/shop\\\/parinti-si-copii\\\/#breadcrumb\",\"itemListElement\":[{\"@type\":\"ListItem\",\"position\":1,\"name\":\"Prima pagin\u0103\",\"item\":\"https:\\\/\\\/biblia.md\\\/\"},{\"@type\":\"ListItem\",\"position\":2,\"name\":\"Shop\",\"item\":\"https:\\\/\\\/biblia.md\\\/shop\\\/\"},{\"@type\":\"ListItem\",\"position\":3,\"name\":\"Parinti si copii\"}]},{\"@type\":\"WebSite\",\"@id\":\"https:\\\/\\\/biblia.md\\\/#website\",\"url\":\"https:\\\/\\\/biblia.md\\\/\",\"name\":\"Societatea Biblic\u0103 din Moldova\",\"description\":\"\",\"publisher\":{\"@id\":\"https:\\\/\\\/biblia.md\\\/#organization\"},\"potentialAction\":[{\"@type\":\"SearchAction\",\"target\":{\"@type\":\"EntryPoint\",\"urlTemplate\":\"https:\\\/\\\/biblia.md\\\/?s={search_term_string}\"},\"query-input\":{\"@type\":\"PropertyValueSpecification\",\"valueRequired\":true,\"valueName\":\"search_term_string\"}}],\"inLanguage\":\"ru-RU\"},{\"@type\":\"Organization\",\"@id\":\"https:\\\/\\\/biblia.md\\\/#organization\",\"name\":\"Societatea Biblic\u0103 din Moldova\",\"url\":\"https:\\\/\\\/biblia.md\\\/\",\"logo\":{\"@type\":\"ImageObject\",\"inLanguage\":\"ru-RU\",\"@id\":\"https:\\\/\\\/biblia.md\\\/#\\\/schema\\\/logo\\\/image\\\/\",\"url\":\"https:\\\/\\\/biblia.md\\\/wp-content\\\/uploads\\\/2026\\\/01\\\/icon_site.jpg\",\"contentUrl\":\"https:\\\/\\\/biblia.md\\\/wp-content\\\/uploads\\\/2026\\\/01\\\/icon_site.jpg\",\"width\":656,\"height\":656,\"caption\":\"Societatea Biblic\u0103 din Moldova\"},\"image\":{\"@id\":\"https:\\\/\\\/biblia.md\\\/#\\\/schema\\\/logo\\\/image\\\/\"},\"sameAs\":[\"https:\\\/\\\/www.facebook.com\\\/SocietateaBiblicaMoldova\\\/\",\"https:\\\/\\\/www.instagram.com\\\/biblia.md\\\/\"]}]}<\/script>\n<!-- \/ Yoast SEO plugin. -->","yoast_head_json":{"title":"Parinti si copii - Societatea Biblic\u0103 din Moldova","robots":{"index":"index","follow":"follow","max-snippet":"max-snippet:-1","max-image-preview":"max-image-preview:large","max-video-preview":"max-video-preview:-1"},"canonical":"https:\/\/biblia.md\/ru\/shop\/parinti-si-copii\/","og_locale":"ru_RU","og_type":"article","og_title":"Parinti si copii - Societatea Biblic\u0103 din Moldova","og_description":"Fie c\u0103 a\u0219tep\u021bi venirea copiilor sau te \u00eentrebi c\u00e2nd vor pleca, aceast\u0103 carte te va ajuta s\u0103 eliberezi poten\u021bialul care este blocat \u00een fiecare membru al familiei tale. Definind oportunitatea de cre\u0219tere ca un \u201eavans semnificativ sau schimbare de direc\u021bie care propulseaz\u0103 un copil mai aproape de poten\u021bialul s\u0103u\u201c, Maxwell \u00eencurajeaz\u0103 p\u0103rin\u021bii s\u0103 adopte o abordare captivant\u0103 \u0219i creativ\u0103 a cre\u0219terii copiilor \u0219i s\u0103 descopere modalit\u0103\u021bi de a transforma oportunit\u0103\u021bile de zi cu zi \u00een experien\u021be care le schimb\u0103 via\u021ba.  Prin cele 10 perspective cheie pentru tine \u0219i copiii t\u0103i, aceast\u0103 carte \u00ee\u021bi pune la dispozi\u021bie resursele necesare pentru a ie\u0219i din rutin\u0103, arenun\u021ba la obiceiuri vechi \u0219i a \u00eenfrunta problemele vie\u021bii cu creativitate \u0219i pasiune. Vei fi uimit de rezultatele surprinz\u0103toare pe care le vei vedea la copiii t\u0103i c\u00e2nd nu sunt compara\u021bi unul cu altul \u0219i vei aprecia talentele minunate \u0219i abilit\u0103\u021bile unice pe care Dumnezeu le-a dat, \u00een mod special, fiec\u0103ruia dintre ei. \u0218i, cu siguran\u021b\u0103, vei fi \u00eenc\u00e2ntat c\u00e2nd copiii t\u0103i vor \u00eencepe s\u0103-\u0219i stabileasc\u0103 obiective, s\u0103 \u021binteasc\u0103 sus \u0219i chiar s\u0103 ating\u0103 \u021binta!","og_url":"https:\/\/biblia.md\/ru\/shop\/parinti-si-copii\/","og_site_name":"Societatea Biblic\u0103 din Moldova","article_publisher":"https:\/\/www.facebook.com\/SocietateaBiblicaMoldova\/","article_modified_time":"2026-02-27T05:14:32+00:00","og_image":[{"width":460,"height":690,"url":"https:\/\/biblia.md\/wp-content\/uploads\/2026\/02\/0000008356.png","type":"image\/png"}],"twitter_card":"summary_large_image","twitter_misc":{"\u041f\u0440\u0438\u043c\u0435\u0440\u043d\u043e\u0435 \u0432\u0440\u0435\u043c\u044f \u0434\u043b\u044f \u0447\u0442\u0435\u043d\u0438\u044f":"1 \u043c\u0438\u043d\u0443\u0442\u0430"},"schema":{"@context":"https:\/\/schema.org","@graph":[{"@type":"WebPage","@id":"https:\/\/biblia.md\/shop\/parinti-si-copii\/","url":"https:\/\/biblia.md\/shop\/parinti-si-copii\/","name":"Parinti si copii - Societatea Biblic\u0103 din Moldova","isPartOf":{"@id":"https:\/\/biblia.md\/#website"},"primaryImageOfPage":{"@id":"https:\/\/biblia.md\/shop\/parinti-si-copii\/#primaryimage"},"image":{"@id":"https:\/\/biblia.md\/shop\/parinti-si-copii\/#primaryimage"},"thumbnailUrl":"https:\/\/biblia.md\/wp-content\/uploads\/2026\/02\/dfca012b-502d-42cf-8c3b-7a3953122698.png","datePublished":"2026-02-26T12:10:22+00:00","dateModified":"2026-02-27T05:14:32+00:00","breadcrumb":{"@id":"https:\/\/biblia.md\/shop\/parinti-si-copii\/#breadcrumb"},"inLanguage":"ru-RU","potentialAction":[{"@type":"ReadAction","target":["https:\/\/biblia.md\/shop\/parinti-si-copii\/"]}]},{"@type":"ImageObject","inLanguage":"ru-RU","@id":"https:\/\/biblia.md\/shop\/parinti-si-copii\/#primaryimage","url":"https:\/\/biblia.md\/wp-content\/uploads\/2026\/02\/dfca012b-502d-42cf-8c3b-7a3953122698.png","contentUrl":"https:\/\/biblia.md\/wp-content\/uploads\/2026\/02\/dfca012b-502d-42cf-8c3b-7a3953122698.png","width":1024,"height":1536},{"@type":"BreadcrumbList","@id":"https:\/\/biblia.md\/shop\/parinti-si-copii\/#breadcrumb","itemListElement":[{"@type":"ListItem","position":1,"name":"Prima pagin\u0103","item":"https:\/\/biblia.md\/"},{"@type":"ListItem","position":2,"name":"Shop","item":"https:\/\/biblia.md\/shop\/"},{"@type":"ListItem","position":3,"name":"Parinti si copii"}]},{"@type":"WebSite","@id":"https:\/\/biblia.md\/#website","url":"https:\/\/biblia.md\/","name":"Societatea Biblic\u0103 din Moldova","description":"","publisher":{"@id":"https:\/\/biblia.md\/#organization"},"potentialAction":[{"@type":"SearchAction","target":{"@type":"EntryPoint","urlTemplate":"https:\/\/biblia.md\/?s={search_term_string}"},"query-input":{"@type":"PropertyValueSpecification","valueRequired":true,"valueName":"search_term_string"}}],"inLanguage":"ru-RU"},{"@type":"Organization","@id":"https:\/\/biblia.md\/#organization","name":"Societatea Biblic\u0103 din Moldova","url":"https:\/\/biblia.md\/","logo":{"@type":"ImageObject","inLanguage":"ru-RU","@id":"https:\/\/biblia.md\/#\/schema\/logo\/image\/","url":"https:\/\/biblia.md\/wp-content\/uploads\/2026\/01\/icon_site.jpg","contentUrl":"https:\/\/biblia.md\/wp-content\/uploads\/2026\/01\/icon_site.jpg","width":656,"height":656,"caption":"Societatea Biblic\u0103 din Moldova"},"image":{"@id":"https:\/\/biblia.md\/#\/schema\/logo\/image\/"},"sameAs":["https:\/\/www.facebook.com\/SocietateaBiblicaMoldova\/","https:\/\/www.instagram.com\/biblia.md\/"]}]}},"_links":{"self":[{"href":"https:\/\/biblia.md\/ru\/wp-json\/wp\/v2\/product\/35420","targetHints":{"allow":["GET"]}}],"collection":[{"href":"https:\/\/biblia.md\/ru\/wp-json\/wp\/v2\/product"}],"about":[{"href":"https:\/\/biblia.md\/ru\/wp-json\/wp\/v2\/types\/product"}],"replies":[{"embeddable":true,"href":"https:\/\/biblia.md\/ru\/wp-json\/wp\/v2\/comments?post=35420"}],"version-history":[{"count":1,"href":"https:\/\/biblia.md\/ru\/wp-json\/wp\/v2\/product\/35420\/revisions"}],"predecessor-version":[{"id":35422,"href":"https:\/\/biblia.md\/ru\/wp-json\/wp\/v2\/product\/35420\/revisions\/35422"}],"wp:featuredmedia":[{"embeddable":true,"href":"https:\/\/biblia.md\/ru\/wp-json\/wp\/v2\/media\/35489"}],"wp:attachment":[{"href":"https:\/\/biblia.md\/ru\/wp-json\/wp\/v2\/media?parent=35420"}],"wp:term":[{"taxonomy":"product_brand","embeddable":true,"href":"https:\/\/biblia.md\/ru\/wp-json\/wp\/v2\/product_brand?post=35420"},{"taxonomy":"product_cat","embeddable":true,"href":"https:\/\/biblia.md\/ru\/wp-json\/wp\/v2\/product_cat?post=35420"},{"taxonomy":"product_tag","embeddable":true,"href":"https:\/\/biblia.md\/ru\/wp-json\/wp\/v2\/product_tag?post=35420"}],"curies":[{"name":"wp","href":"https:\/\/api.w.org\/{rel}","templated":true}]}}