{"id":36009,"date":"2026-03-05T14:31:29","date_gmt":"2026-03-05T12:31:29","guid":{"rendered":"https:\/\/biblia.md\/?post_type=product&#038;p=36009"},"modified":"2026-03-05T14:31:29","modified_gmt":"2026-03-05T12:31:29","slug":"raspunsuri-biblice-pentru-parintii-copiilor-curiosi","status":"publish","type":"product","link":"https:\/\/biblia.md\/ru\/shop\/raspunsuri-biblice-pentru-parintii-copiilor-curiosi\/","title":{"rendered":"Raspunsuri biblice pentru parintii copiilor curiosi"},"content":{"rendered":"<p>Iat\u0103 c\u00e2teva extrase din carte:<\/p>\n<p><strong>\u201eE de ajuns s\u0103 fiu un om bun pentru a merge \u00een ceruri?\u201d<\/strong><\/p>\n<p><em>Mul\u021bi cre\u0219tini se \u00eendoiesc de faptul c\u0103 scopul Domnului Isus este m\u00e2ntuirea lor cu adev\u0103rat. Ei cred c\u0103 El a venit doar pentru a \u00eenv\u0103\u021ba oamenii cum s\u0103 tr\u0103iasc\u0103. A\u0219a c\u0103 tot ce pot ei face este s\u0103 \u00ee\u0219i dea silin\u021ba s\u0103 \u00eemplineasc\u0103 Predica de pe Munte. Ei se vor a fi iubitori de oameni, tr\u0103ind \u00een modul \u00een care Domnul ne-a \u00eenv\u0103\u021bat s\u0103 tr\u0103im. Apoi, dac\u0103 sunt foarte buni \u0219i foarte ascult\u0103tori, vor merge \u00een ceruri. Dar dac\u0103 faptele lor las\u0103 de dorit, atunci vor c\u0103dea la test \u0219i vor merge \u00een iad.<\/em><br \/>\n<em>Aceasta nu este adev\u0103rat!<\/em><\/p>","protected":false},"excerpt":{"rendered":"<p>Autorul Ed Strauss abordeaz\u0103 101 \u00eentreb\u0103ri pe care copiii le-ar putea adresa p\u0103rin\u021bilor lor credincio\u0219i \u0219i ofer\u0103 \u0219i r\u0103spunsuri, \u00eenr\u0103d\u0103cinate \u00een Scriptur\u0103, pentru fiecare dintre ele.<\/p>\n<p>Cartea \u201eR\u0103spunsuri biblice pentru p\u0103rin\u021bii copiilor curio\u0219i\u201d este cu adev\u0103rat un ajutor binevenit pentru orice p\u0103rinte care \u00ee\u0219i dore\u0219te s\u0103 stea la dispozi\u021bia copiilor s\u0103i \u0219i s\u0103 le \u00eendrume pa\u0219ii pe calea cea bun\u0103.<\/p>\n<p>Orice p\u0103rinte \u0219tie c\u0103 exist\u0103 o perioad\u0103 din via\u021ba copiilor \u00een care ei se adreseaz\u0103 p\u0103rin\u021bilor cu nel\u0103muririle \u0219i curiozit\u0103\u021bile lor, prin urmare e crucial s\u0103 fii preg\u0103tit s\u0103 ai r\u0103spunsuri satisf\u0103c\u0103toare \u0219i corecte. Altfel ri\u0219ti nu doar s\u0103-\u021bi \u00eendep\u0103rtezi copilul de tine, ca autoritate \u00een via\u021ba lui, ci mai grav, s\u0103-l \u00eendep\u0103rtezi de Biblie \u0219i \u00een consecin\u021b\u0103 de Dumnezeu.<\/p>\n<p>Strucutra c\u0103r\u021bii o face c\u00e2t mai u\u0219or de folosit, astfel c\u0103 dac\u0103 vrei s\u0103 te documentezi despre un anumit subiect, po\u021bi s\u0103 te ghidezi simplu din lista de \u00eentreb\u0103ri din cuprins. Autorul nu are preten\u021bia c\u0103 r\u0103spunsurile pe care le ofer\u0103 sunt exhaustive (nici m\u0103car dimensiunile c\u0103r\u021bii nu permit acest lucru!), dar el le pune p\u0103rin\u021bilor la dispozi\u021bie un model de r\u0103spuns pe care ace\u0219tia sunt invita\u021bi s\u0103 construiasc\u0103, cercet\u00e2nd \u00eempreun\u0103 cu copiii lor Biblia \u0219i ad\u00e2ncindu-se \u00een profunzimile ei.<\/p>","protected":false},"featured_media":36010,"comment_status":"open","ping_status":"closed","template":"","meta":[],"product_brand":[],"product_cat":[377,396],"product_tag":[],"class_list":{"0":"post-36009","1":"product","2":"type-product","3":"status-publish","4":"has-post-thumbnail","6":"product_cat-carti","7":"product_cat-parinti","8":"product_author-ed-strauss","9":"product_genre-knigi-rom","11":"first","12":"instock","13":"shipping-taxable","14":"purchasable","15":"product-type-simple"},"yoast_head":"<!-- This site is optimized with the Yoast SEO plugin v27.3 - https:\/\/yoast.com\/product\/yoast-seo-wordpress\/ -->\n<title>Raspunsuri biblice pentru parintii copiilor curiosi - Societatea Biblic\u0103 din Moldova<\/title>\n<meta name=\"robots\" content=\"index, follow, max-snippet:-1, max-image-preview:large, max-video-preview:-1\" \/>\n<link rel=\"canonical\" href=\"https:\/\/biblia.md\/ru\/shop\/raspunsuri-biblice-pentru-parintii-copiilor-curiosi\/\" \/>\n<meta property=\"og:locale\" content=\"ru_RU\" \/>\n<meta property=\"og:type\" content=\"article\" \/>\n<meta property=\"og:title\" content=\"Raspunsuri biblice pentru parintii copiilor curiosi - Societatea Biblic\u0103 din Moldova\" \/>\n<meta property=\"og:description\" content=\"Autorul Ed Strauss abordeaz\u0103 101 \u00eentreb\u0103ri pe care copiii le-ar putea adresa p\u0103rin\u021bilor lor credincio\u0219i \u0219i ofer\u0103 \u0219i r\u0103spunsuri, \u00eenr\u0103d\u0103cinate \u00een Scriptur\u0103, pentru fiecare dintre ele.  Cartea \u201eR\u0103spunsuri biblice pentru p\u0103rin\u021bii copiilor curio\u0219i\u201d este cu adev\u0103rat un ajutor binevenit pentru orice p\u0103rinte care \u00ee\u0219i dore\u0219te s\u0103 stea la dispozi\u021bia copiilor s\u0103i \u0219i s\u0103 le \u00eendrume pa\u0219ii pe calea cea bun\u0103.  Orice p\u0103rinte \u0219tie c\u0103 exist\u0103 o perioad\u0103 din via\u021ba copiilor \u00een care ei se adreseaz\u0103 p\u0103rin\u021bilor cu nel\u0103muririle \u0219i curiozit\u0103\u021bile lor, prin urmare e crucial s\u0103 fii preg\u0103tit s\u0103 ai r\u0103spunsuri satisf\u0103c\u0103toare \u0219i corecte. Altfel ri\u0219ti nu doar s\u0103-\u021bi \u00eendep\u0103rtezi copilul de tine, ca autoritate \u00een via\u021ba lui, ci mai grav, s\u0103-l \u00eendep\u0103rtezi de Biblie \u0219i \u00een consecin\u021b\u0103 de Dumnezeu.  Strucutra c\u0103r\u021bii o face c\u00e2t mai u\u0219or de folosit, astfel c\u0103 dac\u0103 vrei s\u0103 te documentezi despre un anumit subiect, po\u021bi s\u0103 te ghidezi simplu din lista de \u00eentreb\u0103ri din cuprins. Autorul nu are preten\u021bia c\u0103 r\u0103spunsurile pe care le ofer\u0103 sunt exhaustive (nici m\u0103car dimensiunile c\u0103r\u021bii nu permit acest lucru!), dar el le pune p\u0103rin\u021bilor la dispozi\u021bie un model de r\u0103spuns pe care ace\u0219tia sunt invita\u021bi s\u0103 construiasc\u0103, cercet\u00e2nd \u00eempreun\u0103 cu copiii lor Biblia \u0219i ad\u00e2ncindu-se \u00een profunzimile ei.\" \/>\n<meta property=\"og:url\" content=\"https:\/\/biblia.md\/ru\/shop\/raspunsuri-biblice-pentru-parintii-copiilor-curiosi\/\" \/>\n<meta property=\"og:site_name\" content=\"Societatea Biblic\u0103 din Moldova\" \/>\n<meta property=\"article:publisher\" content=\"https:\/\/www.facebook.com\/SocietateaBiblicaMoldova\/\" \/>\n<meta property=\"og:image\" content=\"https:\/\/biblia.md\/wp-content\/uploads\/2026\/03\/0000001234.jpg\" \/>\n\t<meta property=\"og:image:width\" content=\"1592\" \/>\n\t<meta property=\"og:image:height\" content=\"2426\" \/>\n\t<meta property=\"og:image:type\" content=\"image\/jpeg\" \/>\n<meta name=\"twitter:card\" content=\"summary_large_image\" \/>\n<meta name=\"twitter:label1\" content=\"\u041f\u0440\u0438\u043c\u0435\u0440\u043d\u043e\u0435 \u0432\u0440\u0435\u043c\u044f \u0434\u043b\u044f \u0447\u0442\u0435\u043d\u0438\u044f\" \/>\n\t<meta name=\"twitter:data1\" content=\"1 \u043c\u0438\u043d\u0443\u0442\u0430\" \/>\n<script type=\"application\/ld+json\" class=\"yoast-schema-graph\">{\"@context\":\"https:\\\/\\\/schema.org\",\"@graph\":[{\"@type\":\"WebPage\",\"@id\":\"https:\\\/\\\/biblia.md\\\/shop\\\/raspunsuri-biblice-pentru-parintii-copiilor-curiosi\\\/\",\"url\":\"https:\\\/\\\/biblia.md\\\/shop\\\/raspunsuri-biblice-pentru-parintii-copiilor-curiosi\\\/\",\"name\":\"Raspunsuri biblice pentru parintii copiilor curiosi - Societatea Biblic\u0103 din Moldova\",\"isPartOf\":{\"@id\":\"https:\\\/\\\/biblia.md\\\/#website\"},\"primaryImageOfPage\":{\"@id\":\"https:\\\/\\\/biblia.md\\\/shop\\\/raspunsuri-biblice-pentru-parintii-copiilor-curiosi\\\/#primaryimage\"},\"image\":{\"@id\":\"https:\\\/\\\/biblia.md\\\/shop\\\/raspunsuri-biblice-pentru-parintii-copiilor-curiosi\\\/#primaryimage\"},\"thumbnailUrl\":\"https:\\\/\\\/biblia.md\\\/wp-content\\\/uploads\\\/2026\\\/03\\\/0000001234.jpg\",\"datePublished\":\"2026-03-05T12:31:29+00:00\",\"breadcrumb\":{\"@id\":\"https:\\\/\\\/biblia.md\\\/shop\\\/raspunsuri-biblice-pentru-parintii-copiilor-curiosi\\\/#breadcrumb\"},\"inLanguage\":\"ru-RU\",\"potentialAction\":[{\"@type\":\"ReadAction\",\"target\":[\"https:\\\/\\\/biblia.md\\\/shop\\\/raspunsuri-biblice-pentru-parintii-copiilor-curiosi\\\/\"]}]},{\"@type\":\"ImageObject\",\"inLanguage\":\"ru-RU\",\"@id\":\"https:\\\/\\\/biblia.md\\\/shop\\\/raspunsuri-biblice-pentru-parintii-copiilor-curiosi\\\/#primaryimage\",\"url\":\"https:\\\/\\\/biblia.md\\\/wp-content\\\/uploads\\\/2026\\\/03\\\/0000001234.jpg\",\"contentUrl\":\"https:\\\/\\\/biblia.md\\\/wp-content\\\/uploads\\\/2026\\\/03\\\/0000001234.jpg\",\"width\":1592,\"height\":2426},{\"@type\":\"BreadcrumbList\",\"@id\":\"https:\\\/\\\/biblia.md\\\/shop\\\/raspunsuri-biblice-pentru-parintii-copiilor-curiosi\\\/#breadcrumb\",\"itemListElement\":[{\"@type\":\"ListItem\",\"position\":1,\"name\":\"Prima pagin\u0103\",\"item\":\"https:\\\/\\\/biblia.md\\\/\"},{\"@type\":\"ListItem\",\"position\":2,\"name\":\"Shop\",\"item\":\"https:\\\/\\\/biblia.md\\\/shop\\\/\"},{\"@type\":\"ListItem\",\"position\":3,\"name\":\"Raspunsuri biblice pentru parintii copiilor curiosi\"}]},{\"@type\":\"WebSite\",\"@id\":\"https:\\\/\\\/biblia.md\\\/#website\",\"url\":\"https:\\\/\\\/biblia.md\\\/\",\"name\":\"Societatea Biblic\u0103 din Moldova\",\"description\":\"\",\"publisher\":{\"@id\":\"https:\\\/\\\/biblia.md\\\/#organization\"},\"potentialAction\":[{\"@type\":\"SearchAction\",\"target\":{\"@type\":\"EntryPoint\",\"urlTemplate\":\"https:\\\/\\\/biblia.md\\\/?s={search_term_string}\"},\"query-input\":{\"@type\":\"PropertyValueSpecification\",\"valueRequired\":true,\"valueName\":\"search_term_string\"}}],\"inLanguage\":\"ru-RU\"},{\"@type\":\"Organization\",\"@id\":\"https:\\\/\\\/biblia.md\\\/#organization\",\"name\":\"Societatea Biblic\u0103 din Moldova\",\"url\":\"https:\\\/\\\/biblia.md\\\/\",\"logo\":{\"@type\":\"ImageObject\",\"inLanguage\":\"ru-RU\",\"@id\":\"https:\\\/\\\/biblia.md\\\/#\\\/schema\\\/logo\\\/image\\\/\",\"url\":\"https:\\\/\\\/biblia.md\\\/wp-content\\\/uploads\\\/2026\\\/01\\\/icon_site.jpg\",\"contentUrl\":\"https:\\\/\\\/biblia.md\\\/wp-content\\\/uploads\\\/2026\\\/01\\\/icon_site.jpg\",\"width\":656,\"height\":656,\"caption\":\"Societatea Biblic\u0103 din Moldova\"},\"image\":{\"@id\":\"https:\\\/\\\/biblia.md\\\/#\\\/schema\\\/logo\\\/image\\\/\"},\"sameAs\":[\"https:\\\/\\\/www.facebook.com\\\/SocietateaBiblicaMoldova\\\/\",\"https:\\\/\\\/www.instagram.com\\\/biblia.md\\\/\"]}]}<\/script>\n<!-- \/ Yoast SEO plugin. -->","yoast_head_json":{"title":"Raspunsuri biblice pentru parintii copiilor curiosi - Societatea Biblic\u0103 din Moldova","robots":{"index":"index","follow":"follow","max-snippet":"max-snippet:-1","max-image-preview":"max-image-preview:large","max-video-preview":"max-video-preview:-1"},"canonical":"https:\/\/biblia.md\/ru\/shop\/raspunsuri-biblice-pentru-parintii-copiilor-curiosi\/","og_locale":"ru_RU","og_type":"article","og_title":"Raspunsuri biblice pentru parintii copiilor curiosi - Societatea Biblic\u0103 din Moldova","og_description":"Autorul Ed Strauss abordeaz\u0103 101 \u00eentreb\u0103ri pe care copiii le-ar putea adresa p\u0103rin\u021bilor lor credincio\u0219i \u0219i ofer\u0103 \u0219i r\u0103spunsuri, \u00eenr\u0103d\u0103cinate \u00een Scriptur\u0103, pentru fiecare dintre ele.  Cartea \u201eR\u0103spunsuri biblice pentru p\u0103rin\u021bii copiilor curio\u0219i\u201d este cu adev\u0103rat un ajutor binevenit pentru orice p\u0103rinte care \u00ee\u0219i dore\u0219te s\u0103 stea la dispozi\u021bia copiilor s\u0103i \u0219i s\u0103 le \u00eendrume pa\u0219ii pe calea cea bun\u0103.  Orice p\u0103rinte \u0219tie c\u0103 exist\u0103 o perioad\u0103 din via\u021ba copiilor \u00een care ei se adreseaz\u0103 p\u0103rin\u021bilor cu nel\u0103muririle \u0219i curiozit\u0103\u021bile lor, prin urmare e crucial s\u0103 fii preg\u0103tit s\u0103 ai r\u0103spunsuri satisf\u0103c\u0103toare \u0219i corecte. Altfel ri\u0219ti nu doar s\u0103-\u021bi \u00eendep\u0103rtezi copilul de tine, ca autoritate \u00een via\u021ba lui, ci mai grav, s\u0103-l \u00eendep\u0103rtezi de Biblie \u0219i \u00een consecin\u021b\u0103 de Dumnezeu.  Strucutra c\u0103r\u021bii o face c\u00e2t mai u\u0219or de folosit, astfel c\u0103 dac\u0103 vrei s\u0103 te documentezi despre un anumit subiect, po\u021bi s\u0103 te ghidezi simplu din lista de \u00eentreb\u0103ri din cuprins. Autorul nu are preten\u021bia c\u0103 r\u0103spunsurile pe care le ofer\u0103 sunt exhaustive (nici m\u0103car dimensiunile c\u0103r\u021bii nu permit acest lucru!), dar el le pune p\u0103rin\u021bilor la dispozi\u021bie un model de r\u0103spuns pe care ace\u0219tia sunt invita\u021bi s\u0103 construiasc\u0103, cercet\u00e2nd \u00eempreun\u0103 cu copiii lor Biblia \u0219i ad\u00e2ncindu-se \u00een profunzimile ei.","og_url":"https:\/\/biblia.md\/ru\/shop\/raspunsuri-biblice-pentru-parintii-copiilor-curiosi\/","og_site_name":"Societatea Biblic\u0103 din Moldova","article_publisher":"https:\/\/www.facebook.com\/SocietateaBiblicaMoldova\/","og_image":[{"width":1592,"height":2426,"url":"https:\/\/biblia.md\/wp-content\/uploads\/2026\/03\/0000001234.jpg","type":"image\/jpeg"}],"twitter_card":"summary_large_image","twitter_misc":{"\u041f\u0440\u0438\u043c\u0435\u0440\u043d\u043e\u0435 \u0432\u0440\u0435\u043c\u044f \u0434\u043b\u044f \u0447\u0442\u0435\u043d\u0438\u044f":"1 \u043c\u0438\u043d\u0443\u0442\u0430"},"schema":{"@context":"https:\/\/schema.org","@graph":[{"@type":"WebPage","@id":"https:\/\/biblia.md\/shop\/raspunsuri-biblice-pentru-parintii-copiilor-curiosi\/","url":"https:\/\/biblia.md\/shop\/raspunsuri-biblice-pentru-parintii-copiilor-curiosi\/","name":"Raspunsuri biblice pentru parintii copiilor curiosi - Societatea Biblic\u0103 din Moldova","isPartOf":{"@id":"https:\/\/biblia.md\/#website"},"primaryImageOfPage":{"@id":"https:\/\/biblia.md\/shop\/raspunsuri-biblice-pentru-parintii-copiilor-curiosi\/#primaryimage"},"image":{"@id":"https:\/\/biblia.md\/shop\/raspunsuri-biblice-pentru-parintii-copiilor-curiosi\/#primaryimage"},"thumbnailUrl":"https:\/\/biblia.md\/wp-content\/uploads\/2026\/03\/0000001234.jpg","datePublished":"2026-03-05T12:31:29+00:00","breadcrumb":{"@id":"https:\/\/biblia.md\/shop\/raspunsuri-biblice-pentru-parintii-copiilor-curiosi\/#breadcrumb"},"inLanguage":"ru-RU","potentialAction":[{"@type":"ReadAction","target":["https:\/\/biblia.md\/shop\/raspunsuri-biblice-pentru-parintii-copiilor-curiosi\/"]}]},{"@type":"ImageObject","inLanguage":"ru-RU","@id":"https:\/\/biblia.md\/shop\/raspunsuri-biblice-pentru-parintii-copiilor-curiosi\/#primaryimage","url":"https:\/\/biblia.md\/wp-content\/uploads\/2026\/03\/0000001234.jpg","contentUrl":"https:\/\/biblia.md\/wp-content\/uploads\/2026\/03\/0000001234.jpg","width":1592,"height":2426},{"@type":"BreadcrumbList","@id":"https:\/\/biblia.md\/shop\/raspunsuri-biblice-pentru-parintii-copiilor-curiosi\/#breadcrumb","itemListElement":[{"@type":"ListItem","position":1,"name":"Prima pagin\u0103","item":"https:\/\/biblia.md\/"},{"@type":"ListItem","position":2,"name":"Shop","item":"https:\/\/biblia.md\/shop\/"},{"@type":"ListItem","position":3,"name":"Raspunsuri biblice pentru parintii copiilor curiosi"}]},{"@type":"WebSite","@id":"https:\/\/biblia.md\/#website","url":"https:\/\/biblia.md\/","name":"Societatea Biblic\u0103 din Moldova","description":"","publisher":{"@id":"https:\/\/biblia.md\/#organization"},"potentialAction":[{"@type":"SearchAction","target":{"@type":"EntryPoint","urlTemplate":"https:\/\/biblia.md\/?s={search_term_string}"},"query-input":{"@type":"PropertyValueSpecification","valueRequired":true,"valueName":"search_term_string"}}],"inLanguage":"ru-RU"},{"@type":"Organization","@id":"https:\/\/biblia.md\/#organization","name":"Societatea Biblic\u0103 din Moldova","url":"https:\/\/biblia.md\/","logo":{"@type":"ImageObject","inLanguage":"ru-RU","@id":"https:\/\/biblia.md\/#\/schema\/logo\/image\/","url":"https:\/\/biblia.md\/wp-content\/uploads\/2026\/01\/icon_site.jpg","contentUrl":"https:\/\/biblia.md\/wp-content\/uploads\/2026\/01\/icon_site.jpg","width":656,"height":656,"caption":"Societatea Biblic\u0103 din Moldova"},"image":{"@id":"https:\/\/biblia.md\/#\/schema\/logo\/image\/"},"sameAs":["https:\/\/www.facebook.com\/SocietateaBiblicaMoldova\/","https:\/\/www.instagram.com\/biblia.md\/"]}]}},"_links":{"self":[{"href":"https:\/\/biblia.md\/ru\/wp-json\/wp\/v2\/product\/36009","targetHints":{"allow":["GET"]}}],"collection":[{"href":"https:\/\/biblia.md\/ru\/wp-json\/wp\/v2\/product"}],"about":[{"href":"https:\/\/biblia.md\/ru\/wp-json\/wp\/v2\/types\/product"}],"replies":[{"embeddable":true,"href":"https:\/\/biblia.md\/ru\/wp-json\/wp\/v2\/comments?post=36009"}],"version-history":[{"count":1,"href":"https:\/\/biblia.md\/ru\/wp-json\/wp\/v2\/product\/36009\/revisions"}],"predecessor-version":[{"id":36011,"href":"https:\/\/biblia.md\/ru\/wp-json\/wp\/v2\/product\/36009\/revisions\/36011"}],"wp:featuredmedia":[{"embeddable":true,"href":"https:\/\/biblia.md\/ru\/wp-json\/wp\/v2\/media\/36010"}],"wp:attachment":[{"href":"https:\/\/biblia.md\/ru\/wp-json\/wp\/v2\/media?parent=36009"}],"wp:term":[{"taxonomy":"product_brand","embeddable":true,"href":"https:\/\/biblia.md\/ru\/wp-json\/wp\/v2\/product_brand?post=36009"},{"taxonomy":"product_cat","embeddable":true,"href":"https:\/\/biblia.md\/ru\/wp-json\/wp\/v2\/product_cat?post=36009"},{"taxonomy":"product_tag","embeddable":true,"href":"https:\/\/biblia.md\/ru\/wp-json\/wp\/v2\/product_tag?post=36009"}],"curies":[{"name":"wp","href":"https:\/\/api.w.org\/{rel}","templated":true}]}}