{"id":36048,"date":"2026-03-05T16:28:35","date_gmt":"2026-03-05T14:28:35","guid":{"rendered":"https:\/\/biblia.md\/?post_type=product&#038;p=36048"},"modified":"2026-03-05T16:28:36","modified_gmt":"2026-03-05T14:28:36","slug":"reaprinderea-focului-de-pe-altar","status":"publish","type":"product","link":"https:\/\/biblia.md\/ru\/shop\/reaprinderea-focului-de-pe-altar\/","title":{"rendered":"Reaprinderea focului de pe altar"},"content":{"rendered":"","protected":false},"excerpt":{"rendered":"<p>Scriptura ne \u00eenva\u021b\u0103 c\u0103 altarul este locul de \u00eent\u00e2lnire al rela\u021biei noastre cu Dumnezeul Sf\u00e2nt. Pentru cei care cred \u00een Isus, asta nu \u00eenseamn\u0103 o structur\u0103 fizic\u0103, ci preg\u0103tirea inimilor noastre pentru ungere, umplere \u0219i p\u0103rt\u0103\u0219ie zilnic\u0103 cu El. Acolo este locul unde focul prezen\u021bei Sale arde puternic.<\/p>\n<p>\u00cen aceast\u0103 chemare de re\u00eentoarcere la altar, Chuck Pierce \u0219i Alemu Beeftu v\u0103 ajut\u0103 s\u0103 reconstrui\u021bi acest loc de \u00eent\u00e2lnire divin\u0103, de la temelie \u00een sus. Ve\u021bi vedea c\u0103 la baza binecuv\u00e2nt\u0103rii st\u0103 o \u00eenchinare autentic\u0103 \u00eenaintea lui Dumnezeu.<\/p>","protected":false},"featured_media":36049,"comment_status":"open","ping_status":"closed","template":"","meta":[],"product_brand":[],"product_cat":[377,395,388],"product_tag":[],"class_list":{"0":"post-36048","1":"product","2":"type-product","3":"status-publish","4":"has-post-thumbnail","6":"product_cat-carti","7":"product_cat-pentru-slujitori","8":"product_cat-viata-crestina","9":"product_author-chuck-pierce-amp-alemu-beeftu","10":"product_genre-knigi-rom","12":"first","13":"instock","14":"shipping-taxable","15":"purchasable","16":"product-type-simple"},"yoast_head":"<!-- This site is optimized with the Yoast SEO plugin v27.3 - https:\/\/yoast.com\/product\/yoast-seo-wordpress\/ -->\n<title>Reaprinderea focului de pe altar - Societatea Biblic\u0103 din Moldova<\/title>\n<meta name=\"robots\" content=\"index, follow, max-snippet:-1, max-image-preview:large, max-video-preview:-1\" \/>\n<link rel=\"canonical\" href=\"https:\/\/biblia.md\/ru\/shop\/reaprinderea-focului-de-pe-altar\/\" \/>\n<meta property=\"og:locale\" content=\"ru_RU\" \/>\n<meta property=\"og:type\" content=\"article\" \/>\n<meta property=\"og:title\" content=\"Reaprinderea focului de pe altar - Societatea Biblic\u0103 din Moldova\" \/>\n<meta property=\"og:description\" content=\"Scriptura ne \u00eenva\u021b\u0103 c\u0103 altarul este locul de \u00eent\u00e2lnire al rela\u021biei noastre cu Dumnezeul Sf\u00e2nt. Pentru cei care cred \u00een Isus, asta nu \u00eenseamn\u0103 o structur\u0103 fizic\u0103, ci preg\u0103tirea inimilor noastre pentru ungere, umplere \u0219i p\u0103rt\u0103\u0219ie zilnic\u0103 cu El. Acolo este locul unde focul prezen\u021bei Sale arde puternic.  \u00cen aceast\u0103 chemare de re\u00eentoarcere la altar, Chuck Pierce \u0219i Alemu Beeftu v\u0103 ajut\u0103 s\u0103 reconstrui\u021bi acest loc de \u00eent\u00e2lnire divin\u0103, de la temelie \u00een sus. Ve\u021bi vedea c\u0103 la baza binecuv\u00e2nt\u0103rii st\u0103 o \u00eenchinare autentic\u0103 \u00eenaintea lui Dumnezeu.\" \/>\n<meta property=\"og:url\" content=\"https:\/\/biblia.md\/ru\/shop\/reaprinderea-focului-de-pe-altar\/\" \/>\n<meta property=\"og:site_name\" content=\"Societatea Biblic\u0103 din Moldova\" \/>\n<meta property=\"article:publisher\" content=\"https:\/\/www.facebook.com\/SocietateaBiblicaMoldova\/\" \/>\n<meta property=\"article:modified_time\" content=\"2026-03-05T14:28:36+00:00\" \/>\n<meta property=\"og:image\" content=\"https:\/\/biblia.md\/wp-content\/uploads\/2026\/03\/0000001973.jpg\" \/>\n\t<meta property=\"og:image:width\" content=\"499\" \/>\n\t<meta property=\"og:image:height\" content=\"700\" \/>\n\t<meta property=\"og:image:type\" content=\"image\/jpeg\" \/>\n<meta name=\"twitter:card\" content=\"summary_large_image\" \/>\n<meta name=\"twitter:label1\" content=\"\u041f\u0440\u0438\u043c\u0435\u0440\u043d\u043e\u0435 \u0432\u0440\u0435\u043c\u044f \u0434\u043b\u044f \u0447\u0442\u0435\u043d\u0438\u044f\" \/>\n\t<meta name=\"twitter:data1\" content=\"1 \u043c\u0438\u043d\u0443\u0442\u0430\" \/>\n<script type=\"application\/ld+json\" class=\"yoast-schema-graph\">{\"@context\":\"https:\\\/\\\/schema.org\",\"@graph\":[{\"@type\":\"WebPage\",\"@id\":\"https:\\\/\\\/biblia.md\\\/shop\\\/reaprinderea-focului-de-pe-altar\\\/\",\"url\":\"https:\\\/\\\/biblia.md\\\/shop\\\/reaprinderea-focului-de-pe-altar\\\/\",\"name\":\"Reaprinderea focului de pe altar - Societatea Biblic\u0103 din Moldova\",\"isPartOf\":{\"@id\":\"https:\\\/\\\/biblia.md\\\/#website\"},\"primaryImageOfPage\":{\"@id\":\"https:\\\/\\\/biblia.md\\\/shop\\\/reaprinderea-focului-de-pe-altar\\\/#primaryimage\"},\"image\":{\"@id\":\"https:\\\/\\\/biblia.md\\\/shop\\\/reaprinderea-focului-de-pe-altar\\\/#primaryimage\"},\"thumbnailUrl\":\"https:\\\/\\\/biblia.md\\\/wp-content\\\/uploads\\\/2026\\\/03\\\/0000001973.jpg\",\"datePublished\":\"2026-03-05T14:28:35+00:00\",\"dateModified\":\"2026-03-05T14:28:36+00:00\",\"breadcrumb\":{\"@id\":\"https:\\\/\\\/biblia.md\\\/shop\\\/reaprinderea-focului-de-pe-altar\\\/#breadcrumb\"},\"inLanguage\":\"ru-RU\",\"potentialAction\":[{\"@type\":\"ReadAction\",\"target\":[\"https:\\\/\\\/biblia.md\\\/shop\\\/reaprinderea-focului-de-pe-altar\\\/\"]}]},{\"@type\":\"ImageObject\",\"inLanguage\":\"ru-RU\",\"@id\":\"https:\\\/\\\/biblia.md\\\/shop\\\/reaprinderea-focului-de-pe-altar\\\/#primaryimage\",\"url\":\"https:\\\/\\\/biblia.md\\\/wp-content\\\/uploads\\\/2026\\\/03\\\/0000001973.jpg\",\"contentUrl\":\"https:\\\/\\\/biblia.md\\\/wp-content\\\/uploads\\\/2026\\\/03\\\/0000001973.jpg\",\"width\":499,\"height\":700},{\"@type\":\"BreadcrumbList\",\"@id\":\"https:\\\/\\\/biblia.md\\\/shop\\\/reaprinderea-focului-de-pe-altar\\\/#breadcrumb\",\"itemListElement\":[{\"@type\":\"ListItem\",\"position\":1,\"name\":\"Prima pagin\u0103\",\"item\":\"https:\\\/\\\/biblia.md\\\/\"},{\"@type\":\"ListItem\",\"position\":2,\"name\":\"Shop\",\"item\":\"https:\\\/\\\/biblia.md\\\/shop\\\/\"},{\"@type\":\"ListItem\",\"position\":3,\"name\":\"Reaprinderea focului de pe altar\"}]},{\"@type\":\"WebSite\",\"@id\":\"https:\\\/\\\/biblia.md\\\/#website\",\"url\":\"https:\\\/\\\/biblia.md\\\/\",\"name\":\"Societatea Biblic\u0103 din Moldova\",\"description\":\"\",\"publisher\":{\"@id\":\"https:\\\/\\\/biblia.md\\\/#organization\"},\"potentialAction\":[{\"@type\":\"SearchAction\",\"target\":{\"@type\":\"EntryPoint\",\"urlTemplate\":\"https:\\\/\\\/biblia.md\\\/?s={search_term_string}\"},\"query-input\":{\"@type\":\"PropertyValueSpecification\",\"valueRequired\":true,\"valueName\":\"search_term_string\"}}],\"inLanguage\":\"ru-RU\"},{\"@type\":\"Organization\",\"@id\":\"https:\\\/\\\/biblia.md\\\/#organization\",\"name\":\"Societatea Biblic\u0103 din Moldova\",\"url\":\"https:\\\/\\\/biblia.md\\\/\",\"logo\":{\"@type\":\"ImageObject\",\"inLanguage\":\"ru-RU\",\"@id\":\"https:\\\/\\\/biblia.md\\\/#\\\/schema\\\/logo\\\/image\\\/\",\"url\":\"https:\\\/\\\/biblia.md\\\/wp-content\\\/uploads\\\/2026\\\/01\\\/icon_site.jpg\",\"contentUrl\":\"https:\\\/\\\/biblia.md\\\/wp-content\\\/uploads\\\/2026\\\/01\\\/icon_site.jpg\",\"width\":656,\"height\":656,\"caption\":\"Societatea Biblic\u0103 din Moldova\"},\"image\":{\"@id\":\"https:\\\/\\\/biblia.md\\\/#\\\/schema\\\/logo\\\/image\\\/\"},\"sameAs\":[\"https:\\\/\\\/www.facebook.com\\\/SocietateaBiblicaMoldova\\\/\",\"https:\\\/\\\/www.instagram.com\\\/biblia.md\\\/\"]}]}<\/script>\n<!-- \/ Yoast SEO plugin. -->","yoast_head_json":{"title":"Reaprinderea focului de pe altar - Societatea Biblic\u0103 din Moldova","robots":{"index":"index","follow":"follow","max-snippet":"max-snippet:-1","max-image-preview":"max-image-preview:large","max-video-preview":"max-video-preview:-1"},"canonical":"https:\/\/biblia.md\/ru\/shop\/reaprinderea-focului-de-pe-altar\/","og_locale":"ru_RU","og_type":"article","og_title":"Reaprinderea focului de pe altar - Societatea Biblic\u0103 din Moldova","og_description":"Scriptura ne \u00eenva\u021b\u0103 c\u0103 altarul este locul de \u00eent\u00e2lnire al rela\u021biei noastre cu Dumnezeul Sf\u00e2nt. Pentru cei care cred \u00een Isus, asta nu \u00eenseamn\u0103 o structur\u0103 fizic\u0103, ci preg\u0103tirea inimilor noastre pentru ungere, umplere \u0219i p\u0103rt\u0103\u0219ie zilnic\u0103 cu El. Acolo este locul unde focul prezen\u021bei Sale arde puternic.  \u00cen aceast\u0103 chemare de re\u00eentoarcere la altar, Chuck Pierce \u0219i Alemu Beeftu v\u0103 ajut\u0103 s\u0103 reconstrui\u021bi acest loc de \u00eent\u00e2lnire divin\u0103, de la temelie \u00een sus. Ve\u021bi vedea c\u0103 la baza binecuv\u00e2nt\u0103rii st\u0103 o \u00eenchinare autentic\u0103 \u00eenaintea lui Dumnezeu.","og_url":"https:\/\/biblia.md\/ru\/shop\/reaprinderea-focului-de-pe-altar\/","og_site_name":"Societatea Biblic\u0103 din Moldova","article_publisher":"https:\/\/www.facebook.com\/SocietateaBiblicaMoldova\/","article_modified_time":"2026-03-05T14:28:36+00:00","og_image":[{"width":499,"height":700,"url":"https:\/\/biblia.md\/wp-content\/uploads\/2026\/03\/0000001973.jpg","type":"image\/jpeg"}],"twitter_card":"summary_large_image","twitter_misc":{"\u041f\u0440\u0438\u043c\u0435\u0440\u043d\u043e\u0435 \u0432\u0440\u0435\u043c\u044f \u0434\u043b\u044f \u0447\u0442\u0435\u043d\u0438\u044f":"1 \u043c\u0438\u043d\u0443\u0442\u0430"},"schema":{"@context":"https:\/\/schema.org","@graph":[{"@type":"WebPage","@id":"https:\/\/biblia.md\/shop\/reaprinderea-focului-de-pe-altar\/","url":"https:\/\/biblia.md\/shop\/reaprinderea-focului-de-pe-altar\/","name":"Reaprinderea focului de pe altar - Societatea Biblic\u0103 din Moldova","isPartOf":{"@id":"https:\/\/biblia.md\/#website"},"primaryImageOfPage":{"@id":"https:\/\/biblia.md\/shop\/reaprinderea-focului-de-pe-altar\/#primaryimage"},"image":{"@id":"https:\/\/biblia.md\/shop\/reaprinderea-focului-de-pe-altar\/#primaryimage"},"thumbnailUrl":"https:\/\/biblia.md\/wp-content\/uploads\/2026\/03\/0000001973.jpg","datePublished":"2026-03-05T14:28:35+00:00","dateModified":"2026-03-05T14:28:36+00:00","breadcrumb":{"@id":"https:\/\/biblia.md\/shop\/reaprinderea-focului-de-pe-altar\/#breadcrumb"},"inLanguage":"ru-RU","potentialAction":[{"@type":"ReadAction","target":["https:\/\/biblia.md\/shop\/reaprinderea-focului-de-pe-altar\/"]}]},{"@type":"ImageObject","inLanguage":"ru-RU","@id":"https:\/\/biblia.md\/shop\/reaprinderea-focului-de-pe-altar\/#primaryimage","url":"https:\/\/biblia.md\/wp-content\/uploads\/2026\/03\/0000001973.jpg","contentUrl":"https:\/\/biblia.md\/wp-content\/uploads\/2026\/03\/0000001973.jpg","width":499,"height":700},{"@type":"BreadcrumbList","@id":"https:\/\/biblia.md\/shop\/reaprinderea-focului-de-pe-altar\/#breadcrumb","itemListElement":[{"@type":"ListItem","position":1,"name":"Prima pagin\u0103","item":"https:\/\/biblia.md\/"},{"@type":"ListItem","position":2,"name":"Shop","item":"https:\/\/biblia.md\/shop\/"},{"@type":"ListItem","position":3,"name":"Reaprinderea focului de pe altar"}]},{"@type":"WebSite","@id":"https:\/\/biblia.md\/#website","url":"https:\/\/biblia.md\/","name":"Societatea Biblic\u0103 din Moldova","description":"","publisher":{"@id":"https:\/\/biblia.md\/#organization"},"potentialAction":[{"@type":"SearchAction","target":{"@type":"EntryPoint","urlTemplate":"https:\/\/biblia.md\/?s={search_term_string}"},"query-input":{"@type":"PropertyValueSpecification","valueRequired":true,"valueName":"search_term_string"}}],"inLanguage":"ru-RU"},{"@type":"Organization","@id":"https:\/\/biblia.md\/#organization","name":"Societatea Biblic\u0103 din Moldova","url":"https:\/\/biblia.md\/","logo":{"@type":"ImageObject","inLanguage":"ru-RU","@id":"https:\/\/biblia.md\/#\/schema\/logo\/image\/","url":"https:\/\/biblia.md\/wp-content\/uploads\/2026\/01\/icon_site.jpg","contentUrl":"https:\/\/biblia.md\/wp-content\/uploads\/2026\/01\/icon_site.jpg","width":656,"height":656,"caption":"Societatea Biblic\u0103 din Moldova"},"image":{"@id":"https:\/\/biblia.md\/#\/schema\/logo\/image\/"},"sameAs":["https:\/\/www.facebook.com\/SocietateaBiblicaMoldova\/","https:\/\/www.instagram.com\/biblia.md\/"]}]}},"_links":{"self":[{"href":"https:\/\/biblia.md\/ru\/wp-json\/wp\/v2\/product\/36048","targetHints":{"allow":["GET"]}}],"collection":[{"href":"https:\/\/biblia.md\/ru\/wp-json\/wp\/v2\/product"}],"about":[{"href":"https:\/\/biblia.md\/ru\/wp-json\/wp\/v2\/types\/product"}],"replies":[{"embeddable":true,"href":"https:\/\/biblia.md\/ru\/wp-json\/wp\/v2\/comments?post=36048"}],"version-history":[{"count":1,"href":"https:\/\/biblia.md\/ru\/wp-json\/wp\/v2\/product\/36048\/revisions"}],"predecessor-version":[{"id":36050,"href":"https:\/\/biblia.md\/ru\/wp-json\/wp\/v2\/product\/36048\/revisions\/36050"}],"wp:featuredmedia":[{"embeddable":true,"href":"https:\/\/biblia.md\/ru\/wp-json\/wp\/v2\/media\/36049"}],"wp:attachment":[{"href":"https:\/\/biblia.md\/ru\/wp-json\/wp\/v2\/media?parent=36048"}],"wp:term":[{"taxonomy":"product_brand","embeddable":true,"href":"https:\/\/biblia.md\/ru\/wp-json\/wp\/v2\/product_brand?post=36048"},{"taxonomy":"product_cat","embeddable":true,"href":"https:\/\/biblia.md\/ru\/wp-json\/wp\/v2\/product_cat?post=36048"},{"taxonomy":"product_tag","embeddable":true,"href":"https:\/\/biblia.md\/ru\/wp-json\/wp\/v2\/product_tag?post=36048"}],"curies":[{"name":"wp","href":"https:\/\/api.w.org\/{rel}","templated":true}]}}