{"id":36385,"date":"2026-03-11T13:12:47","date_gmt":"2026-03-11T11:12:47","guid":{"rendered":"https:\/\/biblia.md\/?post_type=product&#038;p=36385"},"modified":"2026-03-11T13:14:24","modified_gmt":"2026-03-11T11:14:24","slug":"secrete-si-destainuiri","status":"publish","type":"product","link":"https:\/\/biblia.md\/ru\/shop\/secrete-si-destainuiri\/","title":{"rendered":"Secrete si dest\u0103inuiri"},"content":{"rendered":"<p><strong>Despre autoare<\/strong><br \/>\nLYNN AUSTIN este autoarea a numeroase c\u0103r\u021bi de fic\u021biune pe teme biblice \u0219i istorice, v\u00e2ndute deja \u00een peste 1,5 milioane de exemplare \u00een lumea \u00eentreag\u0103. Opt dintre romanele sale istorice au fost premiate cu premiul Christy, iar romanul\u00a0<em>T\u0103r\u00e2muri ascunse<\/em>\u00a0a fost ecranizat de Hallmark. Lynn locuie\u0219te \u00een Michigan, \u00eempreun\u0103 cu so\u021bul ei.<\/p>","protected":false},"excerpt":{"rendered":"<p><strong>Trei genera\u021bii de femei, din aceea\u0219i familie, trebuie s\u0103 se confrunte cu alegerile pe care le-au f\u0103cut \u0219i cu speran\u021bele pe care le au cu privire la viitor.<\/strong><\/p>\n<p>New York, 1898. Singurul lucru mai tulbur\u0103tor dec\u00e2t moartea nea\u0219teptat\u0103 a lui Arthur Stanhope III, este aflarea faptului c\u0103, prin testament, compania sa \u0219i mare parte din uria\u0219a lui avere revin celui mai apropiat mo\u0219tenitor de parte b\u0103rb\u0103teasc\u0103, l\u0103s\u00e2ndu-le pe mama, so\u021bia \u0219i fiica sa aproape ruinate. V\u0103duva sa, Sylvia, realizeaz\u0103 cur\u00e2nd c\u0103 trebuie s\u0103-\u0219i lase la o parte durerea, pentru a se asigura c\u0103 fiica lor, Adelaide, \u00ee\u0219i va face intrarea \u00een societate \u00eendat\u0103 ce va trece perioada de doliu. Dac\u0103 Sylvia va g\u0103si un so\u021b bogat pentru Addy, \u00eenainte ca cei din cercul lor social s\u0103-\u0219i dea seama c\u0103 se afl\u0103 practic \u00een pragul s\u0103r\u0103ciei, stilul de via\u021b\u0103 cu care sunt obi\u0219nuite nu se va schimba prea mult.<\/p>\n<p>Soacra Sylviei, Junietta, consider\u0103 c\u0103 pu\u021bin\u0103 tulburare \u00een vie\u021bile lor nu va fi prea p\u0103gubitoare. O urm\u0103rise pe Sylvia juc\u00e2ndu-\u0219i rolul \u00een \u00eenalta societate, a\u0219a cum f\u0103cuse \u0219i ea odinioar\u0103, \u00een ciuda pre\u021bului pe care am\u00e2ndou\u0103 fuseser\u0103 obligate s\u0103-l pl\u0103teasc\u0103. Junietta face tot posibilul pentru a-i da nepoatei sale puterea de a alege o cale dincolo de a\u0219tept\u0103rile pe care le are societatea.<\/p>\n<p>\u00cens\u0103 pentru ca Addy s\u0103 aib\u0103 aceast\u0103 \u0219ans\u0103, at\u00e2t mama, c\u00e2t \u0219i bunica trebuie s\u0103 se confrunte cu adev\u0103ruri dureroase cu privire la propriile lor alegeri. Doar dac\u0103-\u0219i vor scoate la lumin\u0103 secretele, vor putea spera s\u0103 transforme datina mo\u0219tenit\u0103 a familiei \u00eentr-un destin mult mai \u00eemplinitor dec\u00e2t \u0219i-au putut imagina vreodat\u0103.<\/p>","protected":false},"featured_media":36388,"comment_status":"open","ping_status":"closed","template":"","meta":[],"product_brand":[],"product_cat":[377,400],"product_tag":[],"class_list":{"0":"post-36385","1":"product","2":"type-product","3":"status-publish","4":"has-post-thumbnail","6":"product_cat-carti","7":"product_cat-romane-povestiri-nuvele","8":"product_author-lynn-austin","9":"product_genre-knigi-rom","11":"first","12":"instock","13":"shipping-taxable","14":"purchasable","15":"product-type-simple"},"yoast_head":"<!-- This site is optimized with the Yoast SEO plugin v27.3 - https:\/\/yoast.com\/product\/yoast-seo-wordpress\/ -->\n<title>Secrete si dest\u0103inuiri - Societatea Biblic\u0103 din Moldova<\/title>\n<meta name=\"robots\" content=\"index, follow, max-snippet:-1, max-image-preview:large, max-video-preview:-1\" \/>\n<link rel=\"canonical\" href=\"https:\/\/biblia.md\/ru\/shop\/secrete-si-destainuiri\/\" \/>\n<meta property=\"og:locale\" content=\"ru_RU\" \/>\n<meta property=\"og:type\" content=\"article\" \/>\n<meta property=\"og:title\" content=\"Secrete si dest\u0103inuiri - Societatea Biblic\u0103 din Moldova\" \/>\n<meta property=\"og:description\" content=\"Trei genera\u021bii de femei, din aceea\u0219i familie, trebuie s\u0103 se confrunte cu alegerile pe care le-au f\u0103cut \u0219i cu speran\u021bele pe care le au cu privire la viitor.  New York, 1898. Singurul lucru mai tulbur\u0103tor dec\u00e2t moartea nea\u0219teptat\u0103 a lui Arthur Stanhope III, este aflarea faptului c\u0103, prin testament, compania sa \u0219i mare parte din uria\u0219a lui avere revin celui mai apropiat mo\u0219tenitor de parte b\u0103rb\u0103teasc\u0103, l\u0103s\u00e2ndu-le pe mama, so\u021bia \u0219i fiica sa aproape ruinate. V\u0103duva sa, Sylvia, realizeaz\u0103 cur\u00e2nd c\u0103 trebuie s\u0103-\u0219i lase la o parte durerea, pentru a se asigura c\u0103 fiica lor, Adelaide, \u00ee\u0219i va face intrarea \u00een societate \u00eendat\u0103 ce va trece perioada de doliu. Dac\u0103 Sylvia va g\u0103si un so\u021b bogat pentru Addy, \u00eenainte ca cei din cercul lor social s\u0103-\u0219i dea seama c\u0103 se afl\u0103 practic \u00een pragul s\u0103r\u0103ciei, stilul de via\u021b\u0103 cu care sunt obi\u0219nuite nu se va schimba prea mult.  Soacra Sylviei, Junietta, consider\u0103 c\u0103 pu\u021bin\u0103 tulburare \u00een vie\u021bile lor nu va fi prea p\u0103gubitoare. O urm\u0103rise pe Sylvia juc\u00e2ndu-\u0219i rolul \u00een \u00eenalta societate, a\u0219a cum f\u0103cuse \u0219i ea odinioar\u0103, \u00een ciuda pre\u021bului pe care am\u00e2ndou\u0103 fuseser\u0103 obligate s\u0103-l pl\u0103teasc\u0103. Junietta face tot posibilul pentru a-i da nepoatei sale puterea de a alege o cale dincolo de a\u0219tept\u0103rile pe care le are societatea.  \u00cens\u0103 pentru ca Addy s\u0103 aib\u0103 aceast\u0103 \u0219ans\u0103, at\u00e2t mama, c\u00e2t \u0219i bunica trebuie s\u0103 se confrunte cu adev\u0103ruri dureroase cu privire la propriile lor alegeri. Doar dac\u0103-\u0219i vor scoate la lumin\u0103 secretele, vor putea spera s\u0103 transforme datina mo\u0219tenit\u0103 a familiei \u00eentr-un destin mult mai \u00eemplinitor dec\u00e2t \u0219i-au putut imagina vreodat\u0103.\" \/>\n<meta property=\"og:url\" content=\"https:\/\/biblia.md\/ru\/shop\/secrete-si-destainuiri\/\" \/>\n<meta property=\"og:site_name\" content=\"Societatea Biblic\u0103 din Moldova\" \/>\n<meta property=\"article:publisher\" content=\"https:\/\/www.facebook.com\/SocietateaBiblicaMoldova\/\" \/>\n<meta property=\"article:modified_time\" content=\"2026-03-11T11:14:24+00:00\" \/>\n<meta property=\"og:image\" content=\"https:\/\/biblia.md\/wp-content\/uploads\/2026\/03\/0000008458-674x1024.jpg\" \/>\n\t<meta property=\"og:image:width\" content=\"674\" \/>\n\t<meta property=\"og:image:height\" content=\"1024\" \/>\n\t<meta property=\"og:image:type\" content=\"image\/jpeg\" \/>\n<meta name=\"twitter:card\" content=\"summary_large_image\" \/>\n<meta name=\"twitter:label1\" content=\"\u041f\u0440\u0438\u043c\u0435\u0440\u043d\u043e\u0435 \u0432\u0440\u0435\u043c\u044f \u0434\u043b\u044f \u0447\u0442\u0435\u043d\u0438\u044f\" \/>\n\t<meta name=\"twitter:data1\" content=\"1 \u043c\u0438\u043d\u0443\u0442\u0430\" \/>\n<script type=\"application\/ld+json\" class=\"yoast-schema-graph\">{\"@context\":\"https:\\\/\\\/schema.org\",\"@graph\":[{\"@type\":\"WebPage\",\"@id\":\"https:\\\/\\\/biblia.md\\\/shop\\\/secrete-si-destainuiri\\\/\",\"url\":\"https:\\\/\\\/biblia.md\\\/shop\\\/secrete-si-destainuiri\\\/\",\"name\":\"Secrete si dest\u0103inuiri - Societatea Biblic\u0103 din Moldova\",\"isPartOf\":{\"@id\":\"https:\\\/\\\/biblia.md\\\/#website\"},\"primaryImageOfPage\":{\"@id\":\"https:\\\/\\\/biblia.md\\\/shop\\\/secrete-si-destainuiri\\\/#primaryimage\"},\"image\":{\"@id\":\"https:\\\/\\\/biblia.md\\\/shop\\\/secrete-si-destainuiri\\\/#primaryimage\"},\"thumbnailUrl\":\"https:\\\/\\\/biblia.md\\\/wp-content\\\/uploads\\\/2026\\\/03\\\/0000008458.jpg\",\"datePublished\":\"2026-03-11T11:12:47+00:00\",\"dateModified\":\"2026-03-11T11:14:24+00:00\",\"breadcrumb\":{\"@id\":\"https:\\\/\\\/biblia.md\\\/shop\\\/secrete-si-destainuiri\\\/#breadcrumb\"},\"inLanguage\":\"ru-RU\",\"potentialAction\":[{\"@type\":\"ReadAction\",\"target\":[\"https:\\\/\\\/biblia.md\\\/shop\\\/secrete-si-destainuiri\\\/\"]}]},{\"@type\":\"ImageObject\",\"inLanguage\":\"ru-RU\",\"@id\":\"https:\\\/\\\/biblia.md\\\/shop\\\/secrete-si-destainuiri\\\/#primaryimage\",\"url\":\"https:\\\/\\\/biblia.md\\\/wp-content\\\/uploads\\\/2026\\\/03\\\/0000008458.jpg\",\"contentUrl\":\"https:\\\/\\\/biblia.md\\\/wp-content\\\/uploads\\\/2026\\\/03\\\/0000008458.jpg\",\"width\":1597,\"height\":2428},{\"@type\":\"BreadcrumbList\",\"@id\":\"https:\\\/\\\/biblia.md\\\/shop\\\/secrete-si-destainuiri\\\/#breadcrumb\",\"itemListElement\":[{\"@type\":\"ListItem\",\"position\":1,\"name\":\"Prima pagin\u0103\",\"item\":\"https:\\\/\\\/biblia.md\\\/\"},{\"@type\":\"ListItem\",\"position\":2,\"name\":\"Shop\",\"item\":\"https:\\\/\\\/biblia.md\\\/shop\\\/\"},{\"@type\":\"ListItem\",\"position\":3,\"name\":\"Secrete si dest\u0103inuiri\"}]},{\"@type\":\"WebSite\",\"@id\":\"https:\\\/\\\/biblia.md\\\/#website\",\"url\":\"https:\\\/\\\/biblia.md\\\/\",\"name\":\"Societatea Biblic\u0103 din Moldova\",\"description\":\"\",\"publisher\":{\"@id\":\"https:\\\/\\\/biblia.md\\\/#organization\"},\"potentialAction\":[{\"@type\":\"SearchAction\",\"target\":{\"@type\":\"EntryPoint\",\"urlTemplate\":\"https:\\\/\\\/biblia.md\\\/?s={search_term_string}\"},\"query-input\":{\"@type\":\"PropertyValueSpecification\",\"valueRequired\":true,\"valueName\":\"search_term_string\"}}],\"inLanguage\":\"ru-RU\"},{\"@type\":\"Organization\",\"@id\":\"https:\\\/\\\/biblia.md\\\/#organization\",\"name\":\"Societatea Biblic\u0103 din Moldova\",\"url\":\"https:\\\/\\\/biblia.md\\\/\",\"logo\":{\"@type\":\"ImageObject\",\"inLanguage\":\"ru-RU\",\"@id\":\"https:\\\/\\\/biblia.md\\\/#\\\/schema\\\/logo\\\/image\\\/\",\"url\":\"https:\\\/\\\/biblia.md\\\/wp-content\\\/uploads\\\/2026\\\/01\\\/icon_site.jpg\",\"contentUrl\":\"https:\\\/\\\/biblia.md\\\/wp-content\\\/uploads\\\/2026\\\/01\\\/icon_site.jpg\",\"width\":656,\"height\":656,\"caption\":\"Societatea Biblic\u0103 din Moldova\"},\"image\":{\"@id\":\"https:\\\/\\\/biblia.md\\\/#\\\/schema\\\/logo\\\/image\\\/\"},\"sameAs\":[\"https:\\\/\\\/www.facebook.com\\\/SocietateaBiblicaMoldova\\\/\",\"https:\\\/\\\/www.instagram.com\\\/biblia.md\\\/\"]}]}<\/script>\n<!-- \/ Yoast SEO plugin. -->","yoast_head_json":{"title":"Secrete si dest\u0103inuiri - Societatea Biblic\u0103 din Moldova","robots":{"index":"index","follow":"follow","max-snippet":"max-snippet:-1","max-image-preview":"max-image-preview:large","max-video-preview":"max-video-preview:-1"},"canonical":"https:\/\/biblia.md\/ru\/shop\/secrete-si-destainuiri\/","og_locale":"ru_RU","og_type":"article","og_title":"Secrete si dest\u0103inuiri - Societatea Biblic\u0103 din Moldova","og_description":"Trei genera\u021bii de femei, din aceea\u0219i familie, trebuie s\u0103 se confrunte cu alegerile pe care le-au f\u0103cut \u0219i cu speran\u021bele pe care le au cu privire la viitor.  New York, 1898. Singurul lucru mai tulbur\u0103tor dec\u00e2t moartea nea\u0219teptat\u0103 a lui Arthur Stanhope III, este aflarea faptului c\u0103, prin testament, compania sa \u0219i mare parte din uria\u0219a lui avere revin celui mai apropiat mo\u0219tenitor de parte b\u0103rb\u0103teasc\u0103, l\u0103s\u00e2ndu-le pe mama, so\u021bia \u0219i fiica sa aproape ruinate. V\u0103duva sa, Sylvia, realizeaz\u0103 cur\u00e2nd c\u0103 trebuie s\u0103-\u0219i lase la o parte durerea, pentru a se asigura c\u0103 fiica lor, Adelaide, \u00ee\u0219i va face intrarea \u00een societate \u00eendat\u0103 ce va trece perioada de doliu. Dac\u0103 Sylvia va g\u0103si un so\u021b bogat pentru Addy, \u00eenainte ca cei din cercul lor social s\u0103-\u0219i dea seama c\u0103 se afl\u0103 practic \u00een pragul s\u0103r\u0103ciei, stilul de via\u021b\u0103 cu care sunt obi\u0219nuite nu se va schimba prea mult.  Soacra Sylviei, Junietta, consider\u0103 c\u0103 pu\u021bin\u0103 tulburare \u00een vie\u021bile lor nu va fi prea p\u0103gubitoare. O urm\u0103rise pe Sylvia juc\u00e2ndu-\u0219i rolul \u00een \u00eenalta societate, a\u0219a cum f\u0103cuse \u0219i ea odinioar\u0103, \u00een ciuda pre\u021bului pe care am\u00e2ndou\u0103 fuseser\u0103 obligate s\u0103-l pl\u0103teasc\u0103. Junietta face tot posibilul pentru a-i da nepoatei sale puterea de a alege o cale dincolo de a\u0219tept\u0103rile pe care le are societatea.  \u00cens\u0103 pentru ca Addy s\u0103 aib\u0103 aceast\u0103 \u0219ans\u0103, at\u00e2t mama, c\u00e2t \u0219i bunica trebuie s\u0103 se confrunte cu adev\u0103ruri dureroase cu privire la propriile lor alegeri. Doar dac\u0103-\u0219i vor scoate la lumin\u0103 secretele, vor putea spera s\u0103 transforme datina mo\u0219tenit\u0103 a familiei \u00eentr-un destin mult mai \u00eemplinitor dec\u00e2t \u0219i-au putut imagina vreodat\u0103.","og_url":"https:\/\/biblia.md\/ru\/shop\/secrete-si-destainuiri\/","og_site_name":"Societatea Biblic\u0103 din Moldova","article_publisher":"https:\/\/www.facebook.com\/SocietateaBiblicaMoldova\/","article_modified_time":"2026-03-11T11:14:24+00:00","og_image":[{"width":674,"height":1024,"url":"https:\/\/biblia.md\/wp-content\/uploads\/2026\/03\/0000008458-674x1024.jpg","type":"image\/jpeg"}],"twitter_card":"summary_large_image","twitter_misc":{"\u041f\u0440\u0438\u043c\u0435\u0440\u043d\u043e\u0435 \u0432\u0440\u0435\u043c\u044f \u0434\u043b\u044f \u0447\u0442\u0435\u043d\u0438\u044f":"1 \u043c\u0438\u043d\u0443\u0442\u0430"},"schema":{"@context":"https:\/\/schema.org","@graph":[{"@type":"WebPage","@id":"https:\/\/biblia.md\/shop\/secrete-si-destainuiri\/","url":"https:\/\/biblia.md\/shop\/secrete-si-destainuiri\/","name":"Secrete si dest\u0103inuiri - Societatea Biblic\u0103 din Moldova","isPartOf":{"@id":"https:\/\/biblia.md\/#website"},"primaryImageOfPage":{"@id":"https:\/\/biblia.md\/shop\/secrete-si-destainuiri\/#primaryimage"},"image":{"@id":"https:\/\/biblia.md\/shop\/secrete-si-destainuiri\/#primaryimage"},"thumbnailUrl":"https:\/\/biblia.md\/wp-content\/uploads\/2026\/03\/0000008458.jpg","datePublished":"2026-03-11T11:12:47+00:00","dateModified":"2026-03-11T11:14:24+00:00","breadcrumb":{"@id":"https:\/\/biblia.md\/shop\/secrete-si-destainuiri\/#breadcrumb"},"inLanguage":"ru-RU","potentialAction":[{"@type":"ReadAction","target":["https:\/\/biblia.md\/shop\/secrete-si-destainuiri\/"]}]},{"@type":"ImageObject","inLanguage":"ru-RU","@id":"https:\/\/biblia.md\/shop\/secrete-si-destainuiri\/#primaryimage","url":"https:\/\/biblia.md\/wp-content\/uploads\/2026\/03\/0000008458.jpg","contentUrl":"https:\/\/biblia.md\/wp-content\/uploads\/2026\/03\/0000008458.jpg","width":1597,"height":2428},{"@type":"BreadcrumbList","@id":"https:\/\/biblia.md\/shop\/secrete-si-destainuiri\/#breadcrumb","itemListElement":[{"@type":"ListItem","position":1,"name":"Prima pagin\u0103","item":"https:\/\/biblia.md\/"},{"@type":"ListItem","position":2,"name":"Shop","item":"https:\/\/biblia.md\/shop\/"},{"@type":"ListItem","position":3,"name":"Secrete si dest\u0103inuiri"}]},{"@type":"WebSite","@id":"https:\/\/biblia.md\/#website","url":"https:\/\/biblia.md\/","name":"Societatea Biblic\u0103 din Moldova","description":"","publisher":{"@id":"https:\/\/biblia.md\/#organization"},"potentialAction":[{"@type":"SearchAction","target":{"@type":"EntryPoint","urlTemplate":"https:\/\/biblia.md\/?s={search_term_string}"},"query-input":{"@type":"PropertyValueSpecification","valueRequired":true,"valueName":"search_term_string"}}],"inLanguage":"ru-RU"},{"@type":"Organization","@id":"https:\/\/biblia.md\/#organization","name":"Societatea Biblic\u0103 din Moldova","url":"https:\/\/biblia.md\/","logo":{"@type":"ImageObject","inLanguage":"ru-RU","@id":"https:\/\/biblia.md\/#\/schema\/logo\/image\/","url":"https:\/\/biblia.md\/wp-content\/uploads\/2026\/01\/icon_site.jpg","contentUrl":"https:\/\/biblia.md\/wp-content\/uploads\/2026\/01\/icon_site.jpg","width":656,"height":656,"caption":"Societatea Biblic\u0103 din Moldova"},"image":{"@id":"https:\/\/biblia.md\/#\/schema\/logo\/image\/"},"sameAs":["https:\/\/www.facebook.com\/SocietateaBiblicaMoldova\/","https:\/\/www.instagram.com\/biblia.md\/"]}]}},"_links":{"self":[{"href":"https:\/\/biblia.md\/ru\/wp-json\/wp\/v2\/product\/36385","targetHints":{"allow":["GET"]}}],"collection":[{"href":"https:\/\/biblia.md\/ru\/wp-json\/wp\/v2\/product"}],"about":[{"href":"https:\/\/biblia.md\/ru\/wp-json\/wp\/v2\/types\/product"}],"replies":[{"embeddable":true,"href":"https:\/\/biblia.md\/ru\/wp-json\/wp\/v2\/comments?post=36385"}],"version-history":[{"count":1,"href":"https:\/\/biblia.md\/ru\/wp-json\/wp\/v2\/product\/36385\/revisions"}],"predecessor-version":[{"id":36389,"href":"https:\/\/biblia.md\/ru\/wp-json\/wp\/v2\/product\/36385\/revisions\/36389"}],"wp:featuredmedia":[{"embeddable":true,"href":"https:\/\/biblia.md\/ru\/wp-json\/wp\/v2\/media\/36388"}],"wp:attachment":[{"href":"https:\/\/biblia.md\/ru\/wp-json\/wp\/v2\/media?parent=36385"}],"wp:term":[{"taxonomy":"product_brand","embeddable":true,"href":"https:\/\/biblia.md\/ru\/wp-json\/wp\/v2\/product_brand?post=36385"},{"taxonomy":"product_cat","embeddable":true,"href":"https:\/\/biblia.md\/ru\/wp-json\/wp\/v2\/product_cat?post=36385"},{"taxonomy":"product_tag","embeddable":true,"href":"https:\/\/biblia.md\/ru\/wp-json\/wp\/v2\/product_tag?post=36385"}],"curies":[{"name":"wp","href":"https:\/\/api.w.org\/{rel}","templated":true}]}}