{"id":36444,"date":"2026-03-12T09:29:01","date_gmt":"2026-03-12T07:29:01","guid":{"rendered":"https:\/\/biblia.md\/?post_type=product&#038;p=36444"},"modified":"2026-03-12T09:29:02","modified_gmt":"2026-03-12T07:29:02","slug":"secretele-unei-casnicii-de-succes","status":"publish","type":"product","link":"https:\/\/biblia.md\/ru\/shop\/secretele-unei-casnicii-de-succes\/","title":{"rendered":"Secretele unei casnicii de succes"},"content":{"rendered":"","protected":false},"excerpt":{"rendered":"<h6>Secretele Unei Casnicii De Succes<\/h6>\n<p>Cuv\u00e2ntul \u201esecrete\u201d are mai multe sensuri.\u00a0Unul dintre aceste sensuri se refer\u0103 la acele metode \u00eencercate \u0219i probate de a dob\u00e2ndi \u0219i men\u021bine un anumit lucru.\u00a0Aceste \u201esecrete\u201d sunt lucrurile pe care ne-am dori ca to\u021bi\u00a0s\u0103 le \u0219tie pentru a avea vie\u021bi mai fericite \u0219i mai lini\u0219tite.<br \/>\nAve\u021bi un secret pe care l-a\u021bi \u00eenv\u0103\u021bat din c\u0103snicia dvs.?<\/p>\n<p>Cartea\u00a0<em>Secretele unei c\u0103snicii de succes<\/em>\u00a0prezint\u0103 35 de principii pentru a avea o familie fericit\u0103 \u0219i \u00eemplinit\u0103. Scris\u0103 \u00eentr-un limbaj accesibil \u0219i cu multe exemple practice, ea ne asigur\u0103 c\u0103 familia poate fi cel mai frumos loc de pe p\u0103m\u00e2nt pentru fiecare dintre noi.<\/p>\n<p>Seminarele lui\u00a0<strong>Mike \u0219i Gayle Tucker<\/strong>\u00a0au ajutat multe cupluri s\u0103-\u0219i \u00eembun\u0103t\u0103\u021beasc\u0103 rela\u021bia \u0219i s\u0103-\u0219i \u00eent\u0103reasc\u0103 leg\u0103tura. Sfaturile lor sunt clare, directe \u0219i eficiente! Seminarele lor, emisiunile radio \u0219i TV pe care le-au prezentat s-au bucurat de un public mare \u0219i sunt mii de cupluri care declar\u0103 c\u0103 videourile \u0219i c\u0103r\u021bile lor i-au ajutat s\u0103 devin\u0103 parteneri mai buni. Mike este autorul bestsellerului\u00a0<em>Mad about Dating<\/em>.<\/p>","protected":false},"featured_media":36445,"comment_status":"open","ping_status":"closed","template":"","meta":[],"product_brand":[],"product_cat":[377,397],"product_tag":[],"class_list":{"0":"post-36444","1":"product","2":"type-product","3":"status-publish","4":"has-post-thumbnail","6":"product_cat-carti","7":"product_cat-casatorie-familie","8":"product_author-gayle-amp-mike-tucker","9":"product_genre-knigi-rom","11":"first","12":"instock","13":"shipping-taxable","14":"purchasable","15":"product-type-simple"},"yoast_head":"<!-- This site is optimized with the Yoast SEO plugin v27.3 - https:\/\/yoast.com\/product\/yoast-seo-wordpress\/ -->\n<title>Secretele unei casnicii de succes - Societatea Biblic\u0103 din Moldova<\/title>\n<meta name=\"robots\" content=\"index, follow, max-snippet:-1, max-image-preview:large, max-video-preview:-1\" \/>\n<link rel=\"canonical\" href=\"https:\/\/biblia.md\/ru\/shop\/secretele-unei-casnicii-de-succes\/\" \/>\n<meta property=\"og:locale\" content=\"ru_RU\" \/>\n<meta property=\"og:type\" content=\"article\" \/>\n<meta property=\"og:title\" content=\"Secretele unei casnicii de succes - Societatea Biblic\u0103 din Moldova\" \/>\n<meta property=\"og:description\" content=\"Secretele Unei Casnicii De Succes Cuv\u00e2ntul \u201esecrete\u201d are mai multe sensuri.\u00a0Unul dintre aceste sensuri se refer\u0103 la acele metode \u00eencercate \u0219i probate de a dob\u00e2ndi \u0219i men\u021bine un anumit lucru.\u00a0Aceste \u201esecrete\u201d sunt lucrurile pe care ne-am dori ca to\u021bi\u00a0s\u0103 le \u0219tie pentru a avea vie\u021bi mai fericite \u0219i mai lini\u0219tite. Ave\u021bi un secret pe care l-a\u021bi \u00eenv\u0103\u021bat din c\u0103snicia dvs.?  Cartea\u00a0Secretele unei c\u0103snicii de succes\u00a0prezint\u0103 35 de principii pentru a avea o familie fericit\u0103 \u0219i \u00eemplinit\u0103. Scris\u0103 \u00eentr-un limbaj accesibil \u0219i cu multe exemple practice, ea ne asigur\u0103 c\u0103 familia poate fi cel mai frumos loc de pe p\u0103m\u00e2nt pentru fiecare dintre noi.  Seminarele lui\u00a0Mike \u0219i Gayle Tucker\u00a0au ajutat multe cupluri s\u0103-\u0219i \u00eembun\u0103t\u0103\u021beasc\u0103 rela\u021bia \u0219i s\u0103-\u0219i \u00eent\u0103reasc\u0103 leg\u0103tura. Sfaturile lor sunt clare, directe \u0219i eficiente! Seminarele lor, emisiunile radio \u0219i TV pe care le-au prezentat s-au bucurat de un public mare \u0219i sunt mii de cupluri care declar\u0103 c\u0103 videourile \u0219i c\u0103r\u021bile lor i-au ajutat s\u0103 devin\u0103 parteneri mai buni. Mike este autorul bestsellerului\u00a0Mad about Dating.\" \/>\n<meta property=\"og:url\" content=\"https:\/\/biblia.md\/ru\/shop\/secretele-unei-casnicii-de-succes\/\" \/>\n<meta property=\"og:site_name\" content=\"Societatea Biblic\u0103 din Moldova\" \/>\n<meta property=\"article:publisher\" content=\"https:\/\/www.facebook.com\/SocietateaBiblicaMoldova\/\" \/>\n<meta property=\"article:modified_time\" content=\"2026-03-12T07:29:02+00:00\" \/>\n<meta property=\"og:image\" content=\"https:\/\/biblia.md\/wp-content\/uploads\/2026\/03\/secretele_unei_casnicii_de_succes_c1.jpg\" \/>\n\t<meta property=\"og:image:width\" content=\"530\" \/>\n\t<meta property=\"og:image:height\" content=\"785\" \/>\n\t<meta property=\"og:image:type\" content=\"image\/jpeg\" \/>\n<meta name=\"twitter:card\" content=\"summary_large_image\" \/>\n<meta name=\"twitter:label1\" content=\"\u041f\u0440\u0438\u043c\u0435\u0440\u043d\u043e\u0435 \u0432\u0440\u0435\u043c\u044f \u0434\u043b\u044f \u0447\u0442\u0435\u043d\u0438\u044f\" \/>\n\t<meta name=\"twitter:data1\" content=\"1 \u043c\u0438\u043d\u0443\u0442\u0430\" \/>\n<script type=\"application\/ld+json\" class=\"yoast-schema-graph\">{\"@context\":\"https:\\\/\\\/schema.org\",\"@graph\":[{\"@type\":\"WebPage\",\"@id\":\"https:\\\/\\\/biblia.md\\\/shop\\\/secretele-unei-casnicii-de-succes\\\/\",\"url\":\"https:\\\/\\\/biblia.md\\\/shop\\\/secretele-unei-casnicii-de-succes\\\/\",\"name\":\"Secretele unei casnicii de succes - Societatea Biblic\u0103 din Moldova\",\"isPartOf\":{\"@id\":\"https:\\\/\\\/biblia.md\\\/#website\"},\"primaryImageOfPage\":{\"@id\":\"https:\\\/\\\/biblia.md\\\/shop\\\/secretele-unei-casnicii-de-succes\\\/#primaryimage\"},\"image\":{\"@id\":\"https:\\\/\\\/biblia.md\\\/shop\\\/secretele-unei-casnicii-de-succes\\\/#primaryimage\"},\"thumbnailUrl\":\"https:\\\/\\\/biblia.md\\\/wp-content\\\/uploads\\\/2026\\\/03\\\/secretele_unei_casnicii_de_succes_c1.jpg\",\"datePublished\":\"2026-03-12T07:29:01+00:00\",\"dateModified\":\"2026-03-12T07:29:02+00:00\",\"breadcrumb\":{\"@id\":\"https:\\\/\\\/biblia.md\\\/shop\\\/secretele-unei-casnicii-de-succes\\\/#breadcrumb\"},\"inLanguage\":\"ru-RU\",\"potentialAction\":[{\"@type\":\"ReadAction\",\"target\":[\"https:\\\/\\\/biblia.md\\\/shop\\\/secretele-unei-casnicii-de-succes\\\/\"]}]},{\"@type\":\"ImageObject\",\"inLanguage\":\"ru-RU\",\"@id\":\"https:\\\/\\\/biblia.md\\\/shop\\\/secretele-unei-casnicii-de-succes\\\/#primaryimage\",\"url\":\"https:\\\/\\\/biblia.md\\\/wp-content\\\/uploads\\\/2026\\\/03\\\/secretele_unei_casnicii_de_succes_c1.jpg\",\"contentUrl\":\"https:\\\/\\\/biblia.md\\\/wp-content\\\/uploads\\\/2026\\\/03\\\/secretele_unei_casnicii_de_succes_c1.jpg\",\"width\":530,\"height\":785},{\"@type\":\"BreadcrumbList\",\"@id\":\"https:\\\/\\\/biblia.md\\\/shop\\\/secretele-unei-casnicii-de-succes\\\/#breadcrumb\",\"itemListElement\":[{\"@type\":\"ListItem\",\"position\":1,\"name\":\"Prima pagin\u0103\",\"item\":\"https:\\\/\\\/biblia.md\\\/\"},{\"@type\":\"ListItem\",\"position\":2,\"name\":\"Shop\",\"item\":\"https:\\\/\\\/biblia.md\\\/shop\\\/\"},{\"@type\":\"ListItem\",\"position\":3,\"name\":\"Secretele unei casnicii de succes\"}]},{\"@type\":\"WebSite\",\"@id\":\"https:\\\/\\\/biblia.md\\\/#website\",\"url\":\"https:\\\/\\\/biblia.md\\\/\",\"name\":\"Societatea Biblic\u0103 din Moldova\",\"description\":\"\",\"publisher\":{\"@id\":\"https:\\\/\\\/biblia.md\\\/#organization\"},\"potentialAction\":[{\"@type\":\"SearchAction\",\"target\":{\"@type\":\"EntryPoint\",\"urlTemplate\":\"https:\\\/\\\/biblia.md\\\/?s={search_term_string}\"},\"query-input\":{\"@type\":\"PropertyValueSpecification\",\"valueRequired\":true,\"valueName\":\"search_term_string\"}}],\"inLanguage\":\"ru-RU\"},{\"@type\":\"Organization\",\"@id\":\"https:\\\/\\\/biblia.md\\\/#organization\",\"name\":\"Societatea Biblic\u0103 din Moldova\",\"url\":\"https:\\\/\\\/biblia.md\\\/\",\"logo\":{\"@type\":\"ImageObject\",\"inLanguage\":\"ru-RU\",\"@id\":\"https:\\\/\\\/biblia.md\\\/#\\\/schema\\\/logo\\\/image\\\/\",\"url\":\"https:\\\/\\\/biblia.md\\\/wp-content\\\/uploads\\\/2026\\\/01\\\/icon_site.jpg\",\"contentUrl\":\"https:\\\/\\\/biblia.md\\\/wp-content\\\/uploads\\\/2026\\\/01\\\/icon_site.jpg\",\"width\":656,\"height\":656,\"caption\":\"Societatea Biblic\u0103 din Moldova\"},\"image\":{\"@id\":\"https:\\\/\\\/biblia.md\\\/#\\\/schema\\\/logo\\\/image\\\/\"},\"sameAs\":[\"https:\\\/\\\/www.facebook.com\\\/SocietateaBiblicaMoldova\\\/\",\"https:\\\/\\\/www.instagram.com\\\/biblia.md\\\/\"]}]}<\/script>\n<!-- \/ Yoast SEO plugin. -->","yoast_head_json":{"title":"Secretele unei casnicii de succes - Societatea Biblic\u0103 din Moldova","robots":{"index":"index","follow":"follow","max-snippet":"max-snippet:-1","max-image-preview":"max-image-preview:large","max-video-preview":"max-video-preview:-1"},"canonical":"https:\/\/biblia.md\/ru\/shop\/secretele-unei-casnicii-de-succes\/","og_locale":"ru_RU","og_type":"article","og_title":"Secretele unei casnicii de succes - Societatea Biblic\u0103 din Moldova","og_description":"Secretele Unei Casnicii De Succes Cuv\u00e2ntul \u201esecrete\u201d are mai multe sensuri.\u00a0Unul dintre aceste sensuri se refer\u0103 la acele metode \u00eencercate \u0219i probate de a dob\u00e2ndi \u0219i men\u021bine un anumit lucru.\u00a0Aceste \u201esecrete\u201d sunt lucrurile pe care ne-am dori ca to\u021bi\u00a0s\u0103 le \u0219tie pentru a avea vie\u021bi mai fericite \u0219i mai lini\u0219tite. Ave\u021bi un secret pe care l-a\u021bi \u00eenv\u0103\u021bat din c\u0103snicia dvs.?  Cartea\u00a0Secretele unei c\u0103snicii de succes\u00a0prezint\u0103 35 de principii pentru a avea o familie fericit\u0103 \u0219i \u00eemplinit\u0103. Scris\u0103 \u00eentr-un limbaj accesibil \u0219i cu multe exemple practice, ea ne asigur\u0103 c\u0103 familia poate fi cel mai frumos loc de pe p\u0103m\u00e2nt pentru fiecare dintre noi.  Seminarele lui\u00a0Mike \u0219i Gayle Tucker\u00a0au ajutat multe cupluri s\u0103-\u0219i \u00eembun\u0103t\u0103\u021beasc\u0103 rela\u021bia \u0219i s\u0103-\u0219i \u00eent\u0103reasc\u0103 leg\u0103tura. Sfaturile lor sunt clare, directe \u0219i eficiente! Seminarele lor, emisiunile radio \u0219i TV pe care le-au prezentat s-au bucurat de un public mare \u0219i sunt mii de cupluri care declar\u0103 c\u0103 videourile \u0219i c\u0103r\u021bile lor i-au ajutat s\u0103 devin\u0103 parteneri mai buni. Mike este autorul bestsellerului\u00a0Mad about Dating.","og_url":"https:\/\/biblia.md\/ru\/shop\/secretele-unei-casnicii-de-succes\/","og_site_name":"Societatea Biblic\u0103 din Moldova","article_publisher":"https:\/\/www.facebook.com\/SocietateaBiblicaMoldova\/","article_modified_time":"2026-03-12T07:29:02+00:00","og_image":[{"width":530,"height":785,"url":"https:\/\/biblia.md\/wp-content\/uploads\/2026\/03\/secretele_unei_casnicii_de_succes_c1.jpg","type":"image\/jpeg"}],"twitter_card":"summary_large_image","twitter_misc":{"\u041f\u0440\u0438\u043c\u0435\u0440\u043d\u043e\u0435 \u0432\u0440\u0435\u043c\u044f \u0434\u043b\u044f \u0447\u0442\u0435\u043d\u0438\u044f":"1 \u043c\u0438\u043d\u0443\u0442\u0430"},"schema":{"@context":"https:\/\/schema.org","@graph":[{"@type":"WebPage","@id":"https:\/\/biblia.md\/shop\/secretele-unei-casnicii-de-succes\/","url":"https:\/\/biblia.md\/shop\/secretele-unei-casnicii-de-succes\/","name":"Secretele unei casnicii de succes - Societatea Biblic\u0103 din Moldova","isPartOf":{"@id":"https:\/\/biblia.md\/#website"},"primaryImageOfPage":{"@id":"https:\/\/biblia.md\/shop\/secretele-unei-casnicii-de-succes\/#primaryimage"},"image":{"@id":"https:\/\/biblia.md\/shop\/secretele-unei-casnicii-de-succes\/#primaryimage"},"thumbnailUrl":"https:\/\/biblia.md\/wp-content\/uploads\/2026\/03\/secretele_unei_casnicii_de_succes_c1.jpg","datePublished":"2026-03-12T07:29:01+00:00","dateModified":"2026-03-12T07:29:02+00:00","breadcrumb":{"@id":"https:\/\/biblia.md\/shop\/secretele-unei-casnicii-de-succes\/#breadcrumb"},"inLanguage":"ru-RU","potentialAction":[{"@type":"ReadAction","target":["https:\/\/biblia.md\/shop\/secretele-unei-casnicii-de-succes\/"]}]},{"@type":"ImageObject","inLanguage":"ru-RU","@id":"https:\/\/biblia.md\/shop\/secretele-unei-casnicii-de-succes\/#primaryimage","url":"https:\/\/biblia.md\/wp-content\/uploads\/2026\/03\/secretele_unei_casnicii_de_succes_c1.jpg","contentUrl":"https:\/\/biblia.md\/wp-content\/uploads\/2026\/03\/secretele_unei_casnicii_de_succes_c1.jpg","width":530,"height":785},{"@type":"BreadcrumbList","@id":"https:\/\/biblia.md\/shop\/secretele-unei-casnicii-de-succes\/#breadcrumb","itemListElement":[{"@type":"ListItem","position":1,"name":"Prima pagin\u0103","item":"https:\/\/biblia.md\/"},{"@type":"ListItem","position":2,"name":"Shop","item":"https:\/\/biblia.md\/shop\/"},{"@type":"ListItem","position":3,"name":"Secretele unei casnicii de succes"}]},{"@type":"WebSite","@id":"https:\/\/biblia.md\/#website","url":"https:\/\/biblia.md\/","name":"Societatea Biblic\u0103 din Moldova","description":"","publisher":{"@id":"https:\/\/biblia.md\/#organization"},"potentialAction":[{"@type":"SearchAction","target":{"@type":"EntryPoint","urlTemplate":"https:\/\/biblia.md\/?s={search_term_string}"},"query-input":{"@type":"PropertyValueSpecification","valueRequired":true,"valueName":"search_term_string"}}],"inLanguage":"ru-RU"},{"@type":"Organization","@id":"https:\/\/biblia.md\/#organization","name":"Societatea Biblic\u0103 din Moldova","url":"https:\/\/biblia.md\/","logo":{"@type":"ImageObject","inLanguage":"ru-RU","@id":"https:\/\/biblia.md\/#\/schema\/logo\/image\/","url":"https:\/\/biblia.md\/wp-content\/uploads\/2026\/01\/icon_site.jpg","contentUrl":"https:\/\/biblia.md\/wp-content\/uploads\/2026\/01\/icon_site.jpg","width":656,"height":656,"caption":"Societatea Biblic\u0103 din Moldova"},"image":{"@id":"https:\/\/biblia.md\/#\/schema\/logo\/image\/"},"sameAs":["https:\/\/www.facebook.com\/SocietateaBiblicaMoldova\/","https:\/\/www.instagram.com\/biblia.md\/"]}]}},"_links":{"self":[{"href":"https:\/\/biblia.md\/ru\/wp-json\/wp\/v2\/product\/36444","targetHints":{"allow":["GET"]}}],"collection":[{"href":"https:\/\/biblia.md\/ru\/wp-json\/wp\/v2\/product"}],"about":[{"href":"https:\/\/biblia.md\/ru\/wp-json\/wp\/v2\/types\/product"}],"replies":[{"embeddable":true,"href":"https:\/\/biblia.md\/ru\/wp-json\/wp\/v2\/comments?post=36444"}],"version-history":[{"count":1,"href":"https:\/\/biblia.md\/ru\/wp-json\/wp\/v2\/product\/36444\/revisions"}],"predecessor-version":[{"id":36453,"href":"https:\/\/biblia.md\/ru\/wp-json\/wp\/v2\/product\/36444\/revisions\/36453"}],"wp:featuredmedia":[{"embeddable":true,"href":"https:\/\/biblia.md\/ru\/wp-json\/wp\/v2\/media\/36445"}],"wp:attachment":[{"href":"https:\/\/biblia.md\/ru\/wp-json\/wp\/v2\/media?parent=36444"}],"wp:term":[{"taxonomy":"product_brand","embeddable":true,"href":"https:\/\/biblia.md\/ru\/wp-json\/wp\/v2\/product_brand?post=36444"},{"taxonomy":"product_cat","embeddable":true,"href":"https:\/\/biblia.md\/ru\/wp-json\/wp\/v2\/product_cat?post=36444"},{"taxonomy":"product_tag","embeddable":true,"href":"https:\/\/biblia.md\/ru\/wp-json\/wp\/v2\/product_tag?post=36444"}],"curies":[{"name":"wp","href":"https:\/\/api.w.org\/{rel}","templated":true}]}}