{"id":36502,"date":"2026-03-12T15:30:04","date_gmt":"2026-03-12T13:30:04","guid":{"rendered":"https:\/\/biblia.md\/?post_type=product&#038;p=36502"},"modified":"2026-03-12T15:40:32","modified_gmt":"2026-03-12T13:40:32","slug":"siguranta-mantuirii-noastre-salvati-in-eternitate-vol-1","status":"publish","type":"product","link":"https:\/\/biblia.md\/ru\/shop\/siguranta-mantuirii-noastre-salvati-in-eternitate-vol-1\/","title":{"rendered":"Siguranta mantuirii noastre &#8211; Salvati in eternitate, Vol.1"},"content":{"rendered":"<p><strong>Fragmente sugestive<\/strong><\/p>\n<p>Rug\u0103ciunea este cea mai \u00eenalt\u0103 realizare a unui sf\u00e2nt. Nu \u00eenseamn\u0103 doar \u201es\u0103-\u021bi spui rug\u0103ciunea\u201d \u2013 apropo, ce expresie oribil\u0103 \u2013 oamenii vorbesc despre \u201ea spune o rug\u0103ciune\u201d, \u00eens\u0103 asta e foarte diferit de te ruga.<\/p>\n<p>Suntem a\u0219a de subiectivi, suntem a\u0219a de interesa\u021bi de beneficii particulare, mult prea rar ne d\u0103m \u00eenapoi ca s\u0103 privim \u00eentreaga \u00eentindere m\u0103rea\u021b\u0103 a planului de m\u00e2ntuire.<\/p>\n<p>\u00cen Scripturi exist\u0103 anumite doctrine prezentate destul de clar, dar apoi ne lovim de ceva ce nu putem \u00eencadra prea bine \u00een tiparul nostru doctrinar, iar \u00een punctul acesta exist\u0103 pericolul de a ne respecta propria doctrin\u0103 \u0219i de a \u00eenl\u0103tura Scriptura cu tot felul de explica\u021bii. Dac\u0103 vreodat\u0103 g\u0103sim un punct care pare s\u0103 intre \u00een conflict cu \u00een\u021belegerea noastr\u0103 clar\u0103 a doctrinei, eu cred c\u0103, pentru moment, esen\u021ba \u00een\u021belepciunii este s\u0103 l\u0103s\u0103m doctrina noastr\u0103 acolo unde este. Nu \u00een sensul c\u0103 o neg\u0103m, ci doar o l\u0103s\u0103m deoparte pentru moment, ne \u00eentoarcem la Scriptur\u0103 \u0219i remarc\u0103m ce are Scriptura de spus pretutindeni despre acea chestiune particular\u0103. Apoi, dup\u0103 ce am f\u0103cut acest lucru, \u00eencerc\u0103m iar\u0103\u0219i s\u0103 facem leg\u0103tura \u00eentre aceast\u0103 \u00eenv\u0103\u021b\u0103tur\u0103 clar\u0103 \u0219i evident\u0103 a Scripturii \u0219i doctrina de care noi suntem la fel de siguri.<\/p>\n<p>Pretindem c\u0103 suntem a\u0219a de ocupa\u021bi c\u0103 nu avem timp s\u0103 citim. \u0218tim c\u0103 str\u0103mo\u0219ii no\u0219tri obi\u0219nuiau s\u0103 citeasc\u0103 doctrin\u0103, \u00eens\u0103 noi nu avem timpul necesar s\u0103 citim. Noi vrem totul \u00eentr-o coaj\u0103 de nuc\u0103 \u0219i vrem s\u0103 trecem prin toat\u0103 Evanghelia dup\u0103 Ioan \u00eentr-un singur mesaj. Vrem o perspectiv\u0103 general\u0103 asupra \u00eentregii Biblii, iar rezultatul este c\u0103 rat\u0103m doctrina. Dumnezeu, care este suficient de preocupat de mine ca s\u0103 \u00cel trimit\u0103 pe Fiul S\u0103u s\u0103 moar\u0103 pe crucea Calvarului pentru mine, nu m\u0103 va p\u0103r\u0103si c\u00e2nd voi \u00eenfrunta o dificultate sau o ispit\u0103. Dragii mei prieteni, nu ave\u021bi nimic de temut! Apar\u021bine\u021bi Aceluia despre care ni se spune c\u0103 I-a fost dat\u0103 toat\u0103 puterea peste orice f\u0103ptur\u0103. Numai dac\u0103 a\u021bi realiza c\u0103 sunte\u021bi \u00een m\u00e2inile Domnului Isus Hristos \u0219i c\u0103 El controleaz\u0103 totul! El controleaz\u0103 orice fiin\u021b\u0103 uman\u0103, toate lucrurile ce \u021bin de natur\u0103, El \u00eel controleaz\u0103 chiar \u0219i pe diavolul \u00eensu\u0219i. Toat\u0103 puterea I s-a dat Lui, tronurile, st\u0103p\u00e2nirile, dreg\u0103toriile \u0219i puterile \u00cei sunt supuse Lui, a\u0219a c\u0103 nu e nevoie s\u0103 v\u0103 teme\u021bi vreodat\u0103! Tu \u0219i cu mine trebuie doar s\u0103 realiz\u0103m c\u0103 suntem \u00een acele m\u00e2ini puternice, c\u0103 bra\u021bul acela puternic este pentru noi, c\u0103 toat\u0103 firea este sub puterea Lui, \u0219i c\u0103 toat\u0103 autoritatea din cer \u0219i de pe p\u0103m\u00e2nt I-a fost dat\u0103 Lui.<\/p>\n<p>Iat\u0103 lipsa \u0219i nevoia noastr\u0103! Dac\u0103 citi\u021bi vie\u021bile sfin\u021bilor care au mers \u00eenaintea noastr\u0103 \u00een lumea aceasta, ve\u021bi descoperi c\u0103 \u0219i-au petrecut majoritatea timpului lor vorbind unul cu altul despre Isus Hristos. M\u0103rturia lor era o m\u0103rturie pentru El \u0219i spre lauda Lui. Accentul lor era asupra Lui. Ei vorbeau despre acest Hristos minunat \u0219i gloria Persoanei Lui, pe c\u00e2nd noi tindem totdeauna s\u0103 vorbim despre noi \u00een\u0219ine, despre lucrurile pe care le-am aflat noi, despre fericirea pe care am descoperit-o noi sau despre o anumit\u0103 experien\u021b\u0103 pe care am avut-o. \u0218i cred c\u0103 dac\u0103 suntem one\u0219ti, vom descoperi c\u0103 accentul este \u00eentotdeauna, mai mult sau mai pu\u021bin, centrat asupra sinelui.<\/p>\n<p>\u00cen ultim\u0103 instan\u021b\u0103, leacul real pentru majoritatea bolilor noastre subiective este s\u0103 fim at\u00e2t de fermeca\u021bi de frumuse\u021bea \u0219i gloria lui Hristos \u00eenc\u00e2t s\u0103 uit\u0103m de noi \u00een\u0219ine \u0219i s\u0103 nu mai avem timp s\u0103 ne g\u00e2ndim la noi.<\/p>\n<p>Dac\u0103 privim m\u00e2ntuirea numai \u00een termenii propriei persoane sau a ceea ce ni se \u00eent\u00e2mpl\u0103 nou\u0103, \u0219i dac\u0103 nu vedem \u00een ea, \u00eenainte de toate, gloria Dumnezeului Atotputernic, atunci perspectiva noastr\u0103 asupra m\u00e2ntuirii este flagrant de inadecvat\u0103, ba chiar, poate fi una fals\u0103. Tocmai gloria \u0219i minunea Dumnezeului Triun este ceea ce a subliniat Domnul nostru \u0219i El este autoritatea noastr\u0103 suprem\u0103.<\/p>\n<p>A\u0219adar, marea noastr\u0103 consoloare este c\u0103 de\u0219i vedem biserica cre\u0219tin\u0103 \u0219i cre\u0219tinismul luate \u00een r\u00e2s \u0219i aparent nevalor\u00e2nd prea mult \u00een lumea aceasta modern\u0103; \u0219i chiar dac\u0103 la suprafa\u021b\u0103 vedem c\u0103 vr\u0103jma\u0219ul care se opune bisericii biruie\u0219te pretutindeni, c\u0103 oamenii lui Dumnezeu l\u00e2ncezesc, totu\u0219i, noi \u0219tim cu certitudine, dincolo de orice \u00eendoial\u0103 posibil\u0103, c\u0103 toat\u0103 aceast\u0103 situa\u021bie este \u00eenc\u0103 \u00een m\u00e2na lui Dumnezeu \u0219i c\u0103 \u00eentr-o singur\u0103 clip\u0103 El Se poate scula ca s\u0103-i nimiceasc\u0103 pe to\u021bi du\u0219manii Lui. \u201eCel ce \u0219ade \u00een ceruri r\u00e2de\u201d (Ps. 2:4) c\u00e2nd \u00eei vede pe ace\u0219ti pigmei \u00een\u0103l\u021b\u00e2ndu-se singuri, fiindc\u0103 \u0219tie c\u0103 \u00eei poate distruge printr-un singur cuv\u00e2nt \u0219i ei vor pieri dinaintea Sa.<\/p>","protected":false},"excerpt":{"rendered":"<p>Studii din Evanghelia dup\u0103 Ioan capitolul 17.<\/p>\n<p>Doar cu c\u00e2teva ore \u00eenainte de a fi tr\u0103dat \u0219i arestat, Domnul Isus a \u00een\u0103l\u021bat aceast\u0103 m\u0103rea\u021b\u0103 rug\u0103ciune de Mare Preot &#8211; unul din cele mai intime momente dintre Hristos \u0219i Tat\u0103l Lui, care au fost \u00eenregistrate \u00een Scripturi. Ioan 17 a fost o mare \u00eencurajare pentru cre\u0219tinii de-a lugul secolelor, deoarece aici este afirmat\u0103 cu putere siguran\u021ba m\u00e2ntuirii noastre \u00een El.<br \/>\n\u00cen felul lui specific, expun\u00e2nd verset cu verset cuvintele Domnului Isus, predicatorul<strong>\u00a0Martyn Lloyd-Jones<\/strong>, a\u0219eaz\u0103 \u00eenaintea noastr\u0103 bog\u0103\u021biile, ad\u00e2ncimile, minunile \u0219i, bine\u00een\u021beles, siguran\u021ba planului lui Dumnezeu de m\u00e2ntuire.<\/p>\n<p>\u00cen acest prim volum g\u0103sim o expunere a primelor 5 versete din aceast\u0103 rug\u0103ciune \u00een care ni se vorbe\u0219te despre M\u00e2ntuirea noastr\u0103 care are originea \u00een Marele Sfat din Sf\u00e2nta Trinitate, atunci c\u00e2nd Tat\u0103l L-a \u00eens\u0103rcinat pe Fiul s\u0103 s\u0103v\u00e2r\u0219easc\u0103 aceast\u0103 lucrare pentru noi. Totodat\u0103, vedem aici desf\u0103\u0219urat \u00eenaintea ochilor no\u0219tri \u00eentregul plan de m\u00e2ntuire, de la un cap\u0103t la altul.\u00a0<strong>Lloyd-Jones<\/strong>\u00a0ne spune c\u0103 motivul pentru care cre\u0219tinii nu sunt plini de bucurie \u0219i siguri de acceptarea \u0219i bun\u0103voin\u021ba lui Dumnezeu este c\u0103 nu se str\u0103duiesc s\u0103 vad\u0103 \u00eentregul plan \u0219i c\u0103 se ocup\u0103 doar de anumite aspecte particulare ale m\u00e2ntuirii.<\/p>","protected":false},"featured_media":36509,"comment_status":"open","ping_status":"closed","template":"","meta":[],"product_brand":[],"product_cat":[377,395],"product_tag":[],"class_list":{"0":"post-36502","1":"product","2":"type-product","3":"status-publish","4":"has-post-thumbnail","6":"product_cat-carti","7":"product_cat-pentru-slujitori","8":"product_author-martyn-lloyd-jones","9":"product_genre-knigi-rom","11":"first","12":"instock","13":"shipping-taxable","14":"purchasable","15":"product-type-simple"},"yoast_head":"<!-- This site is optimized with the Yoast SEO plugin v27.3 - https:\/\/yoast.com\/product\/yoast-seo-wordpress\/ -->\n<title>Siguranta mantuirii noastre - Salvati in eternitate, Vol.1 - Societatea Biblic\u0103 din Moldova<\/title>\n<meta name=\"robots\" content=\"index, follow, max-snippet:-1, max-image-preview:large, max-video-preview:-1\" \/>\n<link rel=\"canonical\" href=\"https:\/\/biblia.md\/ru\/shop\/siguranta-mantuirii-noastre-salvati-in-eternitate-vol-1\/\" \/>\n<meta property=\"og:locale\" content=\"ru_RU\" \/>\n<meta property=\"og:type\" content=\"article\" \/>\n<meta property=\"og:title\" content=\"Siguranta mantuirii noastre - Salvati in eternitate, Vol.1 - Societatea Biblic\u0103 din Moldova\" \/>\n<meta property=\"og:description\" content=\"Studii din Evanghelia dup\u0103 Ioan capitolul 17.  Doar cu c\u00e2teva ore \u00eenainte de a fi tr\u0103dat \u0219i arestat, Domnul Isus a \u00een\u0103l\u021bat aceast\u0103 m\u0103rea\u021b\u0103 rug\u0103ciune de Mare Preot - unul din cele mai intime momente dintre Hristos \u0219i Tat\u0103l Lui, care au fost \u00eenregistrate \u00een Scripturi. Ioan 17 a fost o mare \u00eencurajare pentru cre\u0219tinii de-a lugul secolelor, deoarece aici este afirmat\u0103 cu putere siguran\u021ba m\u00e2ntuirii noastre \u00een El. \u00cen felul lui specific, expun\u00e2nd verset cu verset cuvintele Domnului Isus, predicatorul\u00a0Martyn Lloyd-Jones, a\u0219eaz\u0103 \u00eenaintea noastr\u0103 bog\u0103\u021biile, ad\u00e2ncimile, minunile \u0219i, bine\u00een\u021beles, siguran\u021ba planului lui Dumnezeu de m\u00e2ntuire.  \u00cen acest prim volum g\u0103sim o expunere a primelor 5 versete din aceast\u0103 rug\u0103ciune \u00een care ni se vorbe\u0219te despre M\u00e2ntuirea noastr\u0103 care are originea \u00een Marele Sfat din Sf\u00e2nta Trinitate, atunci c\u00e2nd Tat\u0103l L-a \u00eens\u0103rcinat pe Fiul s\u0103 s\u0103v\u00e2r\u0219easc\u0103 aceast\u0103 lucrare pentru noi. Totodat\u0103, vedem aici desf\u0103\u0219urat \u00eenaintea ochilor no\u0219tri \u00eentregul plan de m\u00e2ntuire, de la un cap\u0103t la altul.\u00a0Lloyd-Jones\u00a0ne spune c\u0103 motivul pentru care cre\u0219tinii nu sunt plini de bucurie \u0219i siguri de acceptarea \u0219i bun\u0103voin\u021ba lui Dumnezeu este c\u0103 nu se str\u0103duiesc s\u0103 vad\u0103 \u00eentregul plan \u0219i c\u0103 se ocup\u0103 doar de anumite aspecte particulare ale m\u00e2ntuirii.\" \/>\n<meta property=\"og:url\" content=\"https:\/\/biblia.md\/ru\/shop\/siguranta-mantuirii-noastre-salvati-in-eternitate-vol-1\/\" \/>\n<meta property=\"og:site_name\" content=\"Societatea Biblic\u0103 din Moldova\" \/>\n<meta property=\"article:publisher\" content=\"https:\/\/www.facebook.com\/SocietateaBiblicaMoldova\/\" \/>\n<meta property=\"article:modified_time\" content=\"2026-03-12T13:40:32+00:00\" \/>\n<meta property=\"og:image\" content=\"https:\/\/biblia.md\/wp-content\/uploads\/2026\/03\/0000001984.jpg\" \/>\n\t<meta property=\"og:image:width\" content=\"600\" \/>\n\t<meta property=\"og:image:height\" content=\"900\" \/>\n\t<meta property=\"og:image:type\" content=\"image\/jpeg\" \/>\n<meta name=\"twitter:card\" content=\"summary_large_image\" \/>\n<meta name=\"twitter:label1\" content=\"\u041f\u0440\u0438\u043c\u0435\u0440\u043d\u043e\u0435 \u0432\u0440\u0435\u043c\u044f \u0434\u043b\u044f \u0447\u0442\u0435\u043d\u0438\u044f\" \/>\n\t<meta name=\"twitter:data1\" content=\"5 \u043c\u0438\u043d\u0443\u0442\" \/>\n<script type=\"application\/ld+json\" class=\"yoast-schema-graph\">{\"@context\":\"https:\\\/\\\/schema.org\",\"@graph\":[{\"@type\":\"WebPage\",\"@id\":\"https:\\\/\\\/biblia.md\\\/shop\\\/siguranta-mantuirii-noastre-salvati-in-eternitate-vol-1\\\/\",\"url\":\"https:\\\/\\\/biblia.md\\\/shop\\\/siguranta-mantuirii-noastre-salvati-in-eternitate-vol-1\\\/\",\"name\":\"Siguranta mantuirii noastre - Salvati in eternitate, Vol.1 - Societatea Biblic\u0103 din Moldova\",\"isPartOf\":{\"@id\":\"https:\\\/\\\/biblia.md\\\/#website\"},\"primaryImageOfPage\":{\"@id\":\"https:\\\/\\\/biblia.md\\\/shop\\\/siguranta-mantuirii-noastre-salvati-in-eternitate-vol-1\\\/#primaryimage\"},\"image\":{\"@id\":\"https:\\\/\\\/biblia.md\\\/shop\\\/siguranta-mantuirii-noastre-salvati-in-eternitate-vol-1\\\/#primaryimage\"},\"thumbnailUrl\":\"https:\\\/\\\/biblia.md\\\/wp-content\\\/uploads\\\/2026\\\/03\\\/b0b84dbf-3aa1-49fd-9a2a-4afe65bf933d.png\",\"datePublished\":\"2026-03-12T13:30:04+00:00\",\"dateModified\":\"2026-03-12T13:40:32+00:00\",\"breadcrumb\":{\"@id\":\"https:\\\/\\\/biblia.md\\\/shop\\\/siguranta-mantuirii-noastre-salvati-in-eternitate-vol-1\\\/#breadcrumb\"},\"inLanguage\":\"ru-RU\",\"potentialAction\":[{\"@type\":\"ReadAction\",\"target\":[\"https:\\\/\\\/biblia.md\\\/shop\\\/siguranta-mantuirii-noastre-salvati-in-eternitate-vol-1\\\/\"]}]},{\"@type\":\"ImageObject\",\"inLanguage\":\"ru-RU\",\"@id\":\"https:\\\/\\\/biblia.md\\\/shop\\\/siguranta-mantuirii-noastre-salvati-in-eternitate-vol-1\\\/#primaryimage\",\"url\":\"https:\\\/\\\/biblia.md\\\/wp-content\\\/uploads\\\/2026\\\/03\\\/b0b84dbf-3aa1-49fd-9a2a-4afe65bf933d.png\",\"contentUrl\":\"https:\\\/\\\/biblia.md\\\/wp-content\\\/uploads\\\/2026\\\/03\\\/b0b84dbf-3aa1-49fd-9a2a-4afe65bf933d.png\",\"width\":1024,\"height\":1536},{\"@type\":\"BreadcrumbList\",\"@id\":\"https:\\\/\\\/biblia.md\\\/shop\\\/siguranta-mantuirii-noastre-salvati-in-eternitate-vol-1\\\/#breadcrumb\",\"itemListElement\":[{\"@type\":\"ListItem\",\"position\":1,\"name\":\"Prima pagin\u0103\",\"item\":\"https:\\\/\\\/biblia.md\\\/\"},{\"@type\":\"ListItem\",\"position\":2,\"name\":\"Shop\",\"item\":\"https:\\\/\\\/biblia.md\\\/shop\\\/\"},{\"@type\":\"ListItem\",\"position\":3,\"name\":\"Siguranta mantuirii noastre &#8211; Salvati in eternitate, Vol.1\"}]},{\"@type\":\"WebSite\",\"@id\":\"https:\\\/\\\/biblia.md\\\/#website\",\"url\":\"https:\\\/\\\/biblia.md\\\/\",\"name\":\"Societatea Biblic\u0103 din Moldova\",\"description\":\"\",\"publisher\":{\"@id\":\"https:\\\/\\\/biblia.md\\\/#organization\"},\"potentialAction\":[{\"@type\":\"SearchAction\",\"target\":{\"@type\":\"EntryPoint\",\"urlTemplate\":\"https:\\\/\\\/biblia.md\\\/?s={search_term_string}\"},\"query-input\":{\"@type\":\"PropertyValueSpecification\",\"valueRequired\":true,\"valueName\":\"search_term_string\"}}],\"inLanguage\":\"ru-RU\"},{\"@type\":\"Organization\",\"@id\":\"https:\\\/\\\/biblia.md\\\/#organization\",\"name\":\"Societatea Biblic\u0103 din Moldova\",\"url\":\"https:\\\/\\\/biblia.md\\\/\",\"logo\":{\"@type\":\"ImageObject\",\"inLanguage\":\"ru-RU\",\"@id\":\"https:\\\/\\\/biblia.md\\\/#\\\/schema\\\/logo\\\/image\\\/\",\"url\":\"https:\\\/\\\/biblia.md\\\/wp-content\\\/uploads\\\/2026\\\/01\\\/icon_site.jpg\",\"contentUrl\":\"https:\\\/\\\/biblia.md\\\/wp-content\\\/uploads\\\/2026\\\/01\\\/icon_site.jpg\",\"width\":656,\"height\":656,\"caption\":\"Societatea Biblic\u0103 din Moldova\"},\"image\":{\"@id\":\"https:\\\/\\\/biblia.md\\\/#\\\/schema\\\/logo\\\/image\\\/\"},\"sameAs\":[\"https:\\\/\\\/www.facebook.com\\\/SocietateaBiblicaMoldova\\\/\",\"https:\\\/\\\/www.instagram.com\\\/biblia.md\\\/\"]}]}<\/script>\n<!-- \/ Yoast SEO plugin. -->","yoast_head_json":{"title":"Siguranta mantuirii noastre - Salvati in eternitate, Vol.1 - Societatea Biblic\u0103 din Moldova","robots":{"index":"index","follow":"follow","max-snippet":"max-snippet:-1","max-image-preview":"max-image-preview:large","max-video-preview":"max-video-preview:-1"},"canonical":"https:\/\/biblia.md\/ru\/shop\/siguranta-mantuirii-noastre-salvati-in-eternitate-vol-1\/","og_locale":"ru_RU","og_type":"article","og_title":"Siguranta mantuirii noastre - Salvati in eternitate, Vol.1 - Societatea Biblic\u0103 din Moldova","og_description":"Studii din Evanghelia dup\u0103 Ioan capitolul 17.  Doar cu c\u00e2teva ore \u00eenainte de a fi tr\u0103dat \u0219i arestat, Domnul Isus a \u00een\u0103l\u021bat aceast\u0103 m\u0103rea\u021b\u0103 rug\u0103ciune de Mare Preot - unul din cele mai intime momente dintre Hristos \u0219i Tat\u0103l Lui, care au fost \u00eenregistrate \u00een Scripturi. Ioan 17 a fost o mare \u00eencurajare pentru cre\u0219tinii de-a lugul secolelor, deoarece aici este afirmat\u0103 cu putere siguran\u021ba m\u00e2ntuirii noastre \u00een El. \u00cen felul lui specific, expun\u00e2nd verset cu verset cuvintele Domnului Isus, predicatorul\u00a0Martyn Lloyd-Jones, a\u0219eaz\u0103 \u00eenaintea noastr\u0103 bog\u0103\u021biile, ad\u00e2ncimile, minunile \u0219i, bine\u00een\u021beles, siguran\u021ba planului lui Dumnezeu de m\u00e2ntuire.  \u00cen acest prim volum g\u0103sim o expunere a primelor 5 versete din aceast\u0103 rug\u0103ciune \u00een care ni se vorbe\u0219te despre M\u00e2ntuirea noastr\u0103 care are originea \u00een Marele Sfat din Sf\u00e2nta Trinitate, atunci c\u00e2nd Tat\u0103l L-a \u00eens\u0103rcinat pe Fiul s\u0103 s\u0103v\u00e2r\u0219easc\u0103 aceast\u0103 lucrare pentru noi. Totodat\u0103, vedem aici desf\u0103\u0219urat \u00eenaintea ochilor no\u0219tri \u00eentregul plan de m\u00e2ntuire, de la un cap\u0103t la altul.\u00a0Lloyd-Jones\u00a0ne spune c\u0103 motivul pentru care cre\u0219tinii nu sunt plini de bucurie \u0219i siguri de acceptarea \u0219i bun\u0103voin\u021ba lui Dumnezeu este c\u0103 nu se str\u0103duiesc s\u0103 vad\u0103 \u00eentregul plan \u0219i c\u0103 se ocup\u0103 doar de anumite aspecte particulare ale m\u00e2ntuirii.","og_url":"https:\/\/biblia.md\/ru\/shop\/siguranta-mantuirii-noastre-salvati-in-eternitate-vol-1\/","og_site_name":"Societatea Biblic\u0103 din Moldova","article_publisher":"https:\/\/www.facebook.com\/SocietateaBiblicaMoldova\/","article_modified_time":"2026-03-12T13:40:32+00:00","og_image":[{"width":600,"height":900,"url":"https:\/\/biblia.md\/wp-content\/uploads\/2026\/03\/0000001984.jpg","type":"image\/jpeg"}],"twitter_card":"summary_large_image","twitter_misc":{"\u041f\u0440\u0438\u043c\u0435\u0440\u043d\u043e\u0435 \u0432\u0440\u0435\u043c\u044f \u0434\u043b\u044f \u0447\u0442\u0435\u043d\u0438\u044f":"5 \u043c\u0438\u043d\u0443\u0442"},"schema":{"@context":"https:\/\/schema.org","@graph":[{"@type":"WebPage","@id":"https:\/\/biblia.md\/shop\/siguranta-mantuirii-noastre-salvati-in-eternitate-vol-1\/","url":"https:\/\/biblia.md\/shop\/siguranta-mantuirii-noastre-salvati-in-eternitate-vol-1\/","name":"Siguranta mantuirii noastre - Salvati in eternitate, Vol.1 - Societatea Biblic\u0103 din Moldova","isPartOf":{"@id":"https:\/\/biblia.md\/#website"},"primaryImageOfPage":{"@id":"https:\/\/biblia.md\/shop\/siguranta-mantuirii-noastre-salvati-in-eternitate-vol-1\/#primaryimage"},"image":{"@id":"https:\/\/biblia.md\/shop\/siguranta-mantuirii-noastre-salvati-in-eternitate-vol-1\/#primaryimage"},"thumbnailUrl":"https:\/\/biblia.md\/wp-content\/uploads\/2026\/03\/b0b84dbf-3aa1-49fd-9a2a-4afe65bf933d.png","datePublished":"2026-03-12T13:30:04+00:00","dateModified":"2026-03-12T13:40:32+00:00","breadcrumb":{"@id":"https:\/\/biblia.md\/shop\/siguranta-mantuirii-noastre-salvati-in-eternitate-vol-1\/#breadcrumb"},"inLanguage":"ru-RU","potentialAction":[{"@type":"ReadAction","target":["https:\/\/biblia.md\/shop\/siguranta-mantuirii-noastre-salvati-in-eternitate-vol-1\/"]}]},{"@type":"ImageObject","inLanguage":"ru-RU","@id":"https:\/\/biblia.md\/shop\/siguranta-mantuirii-noastre-salvati-in-eternitate-vol-1\/#primaryimage","url":"https:\/\/biblia.md\/wp-content\/uploads\/2026\/03\/b0b84dbf-3aa1-49fd-9a2a-4afe65bf933d.png","contentUrl":"https:\/\/biblia.md\/wp-content\/uploads\/2026\/03\/b0b84dbf-3aa1-49fd-9a2a-4afe65bf933d.png","width":1024,"height":1536},{"@type":"BreadcrumbList","@id":"https:\/\/biblia.md\/shop\/siguranta-mantuirii-noastre-salvati-in-eternitate-vol-1\/#breadcrumb","itemListElement":[{"@type":"ListItem","position":1,"name":"Prima pagin\u0103","item":"https:\/\/biblia.md\/"},{"@type":"ListItem","position":2,"name":"Shop","item":"https:\/\/biblia.md\/shop\/"},{"@type":"ListItem","position":3,"name":"Siguranta mantuirii noastre &#8211; Salvati in eternitate, Vol.1"}]},{"@type":"WebSite","@id":"https:\/\/biblia.md\/#website","url":"https:\/\/biblia.md\/","name":"Societatea Biblic\u0103 din Moldova","description":"","publisher":{"@id":"https:\/\/biblia.md\/#organization"},"potentialAction":[{"@type":"SearchAction","target":{"@type":"EntryPoint","urlTemplate":"https:\/\/biblia.md\/?s={search_term_string}"},"query-input":{"@type":"PropertyValueSpecification","valueRequired":true,"valueName":"search_term_string"}}],"inLanguage":"ru-RU"},{"@type":"Organization","@id":"https:\/\/biblia.md\/#organization","name":"Societatea Biblic\u0103 din Moldova","url":"https:\/\/biblia.md\/","logo":{"@type":"ImageObject","inLanguage":"ru-RU","@id":"https:\/\/biblia.md\/#\/schema\/logo\/image\/","url":"https:\/\/biblia.md\/wp-content\/uploads\/2026\/01\/icon_site.jpg","contentUrl":"https:\/\/biblia.md\/wp-content\/uploads\/2026\/01\/icon_site.jpg","width":656,"height":656,"caption":"Societatea Biblic\u0103 din Moldova"},"image":{"@id":"https:\/\/biblia.md\/#\/schema\/logo\/image\/"},"sameAs":["https:\/\/www.facebook.com\/SocietateaBiblicaMoldova\/","https:\/\/www.instagram.com\/biblia.md\/"]}]}},"_links":{"self":[{"href":"https:\/\/biblia.md\/ru\/wp-json\/wp\/v2\/product\/36502","targetHints":{"allow":["GET"]}}],"collection":[{"href":"https:\/\/biblia.md\/ru\/wp-json\/wp\/v2\/product"}],"about":[{"href":"https:\/\/biblia.md\/ru\/wp-json\/wp\/v2\/types\/product"}],"replies":[{"embeddable":true,"href":"https:\/\/biblia.md\/ru\/wp-json\/wp\/v2\/comments?post=36502"}],"version-history":[{"count":1,"href":"https:\/\/biblia.md\/ru\/wp-json\/wp\/v2\/product\/36502\/revisions"}],"predecessor-version":[{"id":36505,"href":"https:\/\/biblia.md\/ru\/wp-json\/wp\/v2\/product\/36502\/revisions\/36505"}],"wp:featuredmedia":[{"embeddable":true,"href":"https:\/\/biblia.md\/ru\/wp-json\/wp\/v2\/media\/36509"}],"wp:attachment":[{"href":"https:\/\/biblia.md\/ru\/wp-json\/wp\/v2\/media?parent=36502"}],"wp:term":[{"taxonomy":"product_brand","embeddable":true,"href":"https:\/\/biblia.md\/ru\/wp-json\/wp\/v2\/product_brand?post=36502"},{"taxonomy":"product_cat","embeddable":true,"href":"https:\/\/biblia.md\/ru\/wp-json\/wp\/v2\/product_cat?post=36502"},{"taxonomy":"product_tag","embeddable":true,"href":"https:\/\/biblia.md\/ru\/wp-json\/wp\/v2\/product_tag?post=36502"}],"curies":[{"name":"wp","href":"https:\/\/api.w.org\/{rel}","templated":true}]}}